{"id":20255,"date":"2025-07-22T18:42:10","date_gmt":"2025-07-22T16:42:10","guid":{"rendered":"https:\/\/uj.adatbank.ro\/lexikon\/termek\/sigmond-eliz\/"},"modified":"2025-07-22T18:42:10","modified_gmt":"2025-07-22T16:42:10","slug":"sigmond-eliz","status":"publish","type":"product","link":"https:\/\/uj.adatbank.ro\/lexikon\/termek\/sigmond-eliz\/","title":{"rendered":"SIGMOND Eliz"},"content":{"rendered":"<p>Lemh\u00e9ny, 1935. aug. 10. \u2020\u00a0Mv., 2018. jan. 18?: iparm\u0171v\u00e9sz, b\u00e1b \u00e9s jelmezk\u00e9sz\u00edt\u0151. \u2013 S. J\u00f3zsef \u00e9s Erzs\u00e9bet l\u00e1nya. \u2013 K\u00e9zdiv\u00e1s\u00e1rhelyen tanult a Bod P\u00e9ter tan\u00edt\u00f3k\u00e9pz\u0151ben, tan\u00edt\u00f3n\u0151 (1952). A Cs\u00edksomly\u00f3i \u00c1rvah\u00e1zban nevel\u0151n\u0151 (1952\u201354), grafikus (1958\u201390). 27 \u00e9vig dolgozott a mv.-i B\u00e1bsz\u00ednh\u00e1zban, az utols\u00f3 peri\u00f3dusban \u00f6n\u00e1ll\u00f3 tervez\u00e9st is v\u00e1llalt. Meg\u00edrta a csal\u00e1dja t\u00f6rt\u00e9net\u00e9t. \u2013 <strong>F. m.<\/strong>: Sz\u00e9pap\u00e1kt\u00f3l unok\u00e1ig: mozaikkock\u00e1k egy erd\u00e9lyi csal\u00e1d t\u00f6rt\u00e9net\u00e9hez. (Mv., 2008). Ki\u00e1ll\u00edt\u00e1sai: jelmezek, \u00e1larcok, b\u00e1bok Mv.-en, Buk.-ben \u00e9s Lemh\u00e9nyben. <br \/><strong>Irod.:<\/strong> Ariel; EMKK 2010; M\u00e1th\u00e9 \u00c9va: Sz\u00e1zszorsz\u00e9pek (Cs\u00edkszereda, 2005); M\u00e1th\u00e9 \u00c9va: Mozaikkock\u00e1k, jelmezek (Kr\u00f3nika, 2008. nov. 17.); Nekrol\u00f3g (N\u00fa., 2018. jan. 19).<\/br><\/p>\n","protected":false},"excerpt":{"rendered":"<p>Lemh\u00e9ny, 1935. aug. 10. \u2020\u00a0Mv., 2018. jan. 18?: iparm\u0171v\u00e9sz, b\u00e1b \u00e9s jelmezk\u00e9sz\u00edt\u0151. \u2013 S. J\u00f3zsef \u00e9s Erzs\u00e9bet l\u00e1nya. \u2013 K\u00e9zdiv\u00e1s\u00e1rhelyen tanult a Bod P\u00e9ter tan\u00edt\u00f3k\u00e9pz\u0151ben, tan\u00edt\u00f3n\u0151 (1952). A Cs\u00edksomly\u00f3i \u00c1rvah\u00e1zban nevel\u0151n\u0151 (1952\u201354), grafikus (1958\u201390). 27 \u00e9vig dolgozott a mv.-i B\u00e1bsz\u00ednh\u00e1zban, az utols\u00f3 peri\u00f3dusban \u00f6n\u00e1ll\u00f3 tervez\u00e9st is v\u00e1llalt. Meg\u00edrta a csal\u00e1dja t\u00f6rt\u00e9net\u00e9t. \u2013 F. m.: Sz\u00e9pap\u00e1kt\u00f3l [&hellip;]<\/p>\n","protected":false},"featured_media":0,"comment_status":"open","ping_status":"closed","template":"","meta":[],"product_brand":[],"product_cat":[137],"product_tag":[],"class_list":{"0":"post-20255","1":"product","2":"type-product","3":"status-publish","5":"product_cat-maros-megyei-eletrajzi-lexikon","7":"first","8":"instock","9":"shipping-taxable","10":"product-type-simple"},"_links":{"self":[{"href":"https:\/\/uj.adatbank.ro\/lexikon\/wp-json\/wp\/v2\/product\/20255","targetHints":{"allow":["GET"]}}],"collection":[{"href":"https:\/\/uj.adatbank.ro\/lexikon\/wp-json\/wp\/v2\/product"}],"about":[{"href":"https:\/\/uj.adatbank.ro\/lexikon\/wp-json\/wp\/v2\/types\/product"}],"replies":[{"embeddable":true,"href":"https:\/\/uj.adatbank.ro\/lexikon\/wp-json\/wp\/v2\/comments?post=20255"}],"wp:attachment":[{"href":"https:\/\/uj.adatbank.ro\/lexikon\/wp-json\/wp\/v2\/media?parent=20255"}],"wp:term":[{"taxonomy":"product_brand","embeddable":true,"href":"https:\/\/uj.adatbank.ro\/lexikon\/wp-json\/wp\/v2\/product_brand?post=20255"},{"taxonomy":"product_cat","embeddable":true,"href":"https:\/\/uj.adatbank.ro\/lexikon\/wp-json\/wp\/v2\/product_cat?post=20255"},{"taxonomy":"product_tag","embeddable":true,"href":"https:\/\/uj.adatbank.ro\/lexikon\/wp-json\/wp\/v2\/product_tag?post=20255"}],"curies":[{"name":"wp","href":"https:\/\/api.w.org\/{rel}","templated":true}]}}