{"id":20258,"date":"2025-07-22T18:42:16","date_gmt":"2025-07-22T16:42:16","guid":{"rendered":"https:\/\/uj.adatbank.ro\/lexikon\/termek\/sigmond-lajos\/"},"modified":"2025-07-22T18:42:16","modified_gmt":"2025-07-22T16:42:16","slug":"sigmond-lajos","status":"publish","type":"product","link":"https:\/\/uj.adatbank.ro\/lexikon\/termek\/sigmond-lajos\/","title":{"rendered":"SIGMOND Lajos"},"content":{"rendered":"<p>? \u2020?: pap-tan\u00edt\u00f3. \u2013 Kiskenden m\u0171k\u00f6d\u00f6tt (1860\u20131877), ahova Tomp\u00e1r\u00f3l (Maros) h\u00edvt\u00e1k. Arra t\u00f6rekedett, h. nemcsak lelkileg, de anyagilag is meger\u0151s\u00edtse egyh\u00e1z\u00e1t. Az \u0151 idej\u00e9ben \u00e9p\u00fclt fel az \u00faj templom (1866) \u00e9s az emeletes paplak. Kepemegv\u00e1lt\u00e1si alapot l\u00e9tes\u00edtett, h. seg\u00edtse szeg\u00e9ny h\u00edveit. Irodai dolgaira nem sok gondot ford\u00edtott, nem pontosak. K\u00e9s\u0151bb Keresdre (Maros) t\u00e1vozott. <br \/><strong>Irod.:<\/strong> Kend \u00e9s egyh\u00e1za.<\/br><\/p>\n","protected":false},"excerpt":{"rendered":"<p>? \u2020?: pap-tan\u00edt\u00f3. \u2013 Kiskenden m\u0171k\u00f6d\u00f6tt (1860\u20131877), ahova Tomp\u00e1r\u00f3l (Maros) h\u00edvt\u00e1k. Arra t\u00f6rekedett, h. nemcsak lelkileg, de anyagilag is meger\u0151s\u00edtse egyh\u00e1z\u00e1t. Az \u0151 idej\u00e9ben \u00e9p\u00fclt fel az \u00faj templom (1866) \u00e9s az emeletes paplak. Kepemegv\u00e1lt\u00e1si alapot l\u00e9tes\u00edtett, h. seg\u00edtse szeg\u00e9ny h\u00edveit. Irodai dolgaira nem sok gondot ford\u00edtott, nem pontosak. K\u00e9s\u0151bb Keresdre (Maros) t\u00e1vozott. Irod.: Kend [&hellip;]<\/p>\n","protected":false},"featured_media":0,"comment_status":"open","ping_status":"closed","template":"","meta":[],"product_brand":[],"product_cat":[137],"product_tag":[],"class_list":{"0":"post-20258","1":"product","2":"type-product","3":"status-publish","5":"product_cat-maros-megyei-eletrajzi-lexikon","7":"first","8":"instock","9":"shipping-taxable","10":"product-type-simple"},"_links":{"self":[{"href":"https:\/\/uj.adatbank.ro\/lexikon\/wp-json\/wp\/v2\/product\/20258","targetHints":{"allow":["GET"]}}],"collection":[{"href":"https:\/\/uj.adatbank.ro\/lexikon\/wp-json\/wp\/v2\/product"}],"about":[{"href":"https:\/\/uj.adatbank.ro\/lexikon\/wp-json\/wp\/v2\/types\/product"}],"replies":[{"embeddable":true,"href":"https:\/\/uj.adatbank.ro\/lexikon\/wp-json\/wp\/v2\/comments?post=20258"}],"wp:attachment":[{"href":"https:\/\/uj.adatbank.ro\/lexikon\/wp-json\/wp\/v2\/media?parent=20258"}],"wp:term":[{"taxonomy":"product_brand","embeddable":true,"href":"https:\/\/uj.adatbank.ro\/lexikon\/wp-json\/wp\/v2\/product_brand?post=20258"},{"taxonomy":"product_cat","embeddable":true,"href":"https:\/\/uj.adatbank.ro\/lexikon\/wp-json\/wp\/v2\/product_cat?post=20258"},{"taxonomy":"product_tag","embeddable":true,"href":"https:\/\/uj.adatbank.ro\/lexikon\/wp-json\/wp\/v2\/product_tag?post=20258"}],"curies":[{"name":"wp","href":"https:\/\/api.w.org\/{rel}","templated":true}]}}