{"id":2026,"date":"2025-06-28T12:01:24","date_gmt":"2025-06-28T10:01:24","guid":{"rendered":"https:\/\/uj.adatbank.ro\/lexikon\/termek\/balint-jozsef-3\/"},"modified":"2025-06-28T12:01:24","modified_gmt":"2025-06-28T10:01:24","slug":"balint-jozsef-3","status":"publish","type":"product","link":"https:\/\/uj.adatbank.ro\/lexikon\/termek\/balint-jozsef-3\/","title":{"rendered":"B\u00c1LINT J\u00f3zsef"},"content":{"rendered":"<p>Sz\u00e9kelykereszt\u00far, 1892. febr. 20., \u2020\u00a0? : ezredes. \u2013 Alezredes (1940. dec. 1. \u2013), ezredes (1941. m\u00e1j. 1. \u2013), a mv.-i 27. sz\u00e9kely t\u00e1bori t\u0171z\u00e9roszt\u00e1ly parancsnoka (\u20131943. szept. 1.-ig). A kv.-i IX. Hadtest fegyver- \u00e9s t\u0171z\u00e9r-jav\u00edt\u00f3 m\u0171hely\u00e9nek parancsnoka lett. N\u00e9meto.-ba ker\u00fclt, majd francia hadifogs\u00e1gba, ahonnan hazaker\u00fclt (1946. \u00e1pr. 8.). <br \/><strong>Irod.:<\/strong> Berekm\u00e9ri: mv.-i 27. hadoszt\u00e1ly<\/br><\/p>\n","protected":false},"excerpt":{"rendered":"<p>Sz\u00e9kelykereszt\u00far, 1892. febr. 20., \u2020\u00a0? : ezredes. \u2013 Alezredes (1940. dec. 1. \u2013), ezredes (1941. m\u00e1j. 1. \u2013), a mv.-i 27. sz\u00e9kely t\u00e1bori t\u0171z\u00e9roszt\u00e1ly parancsnoka (\u20131943. szept. 1.-ig). A kv.-i IX. Hadtest fegyver- \u00e9s t\u0171z\u00e9r-jav\u00edt\u00f3 m\u0171hely\u00e9nek parancsnoka lett. N\u00e9meto.-ba ker\u00fclt, majd francia hadifogs\u00e1gba, ahonnan hazaker\u00fclt (1946. \u00e1pr. 8.). Irod.: Berekm\u00e9ri: mv.-i 27. hadoszt\u00e1ly<\/p>\n","protected":false},"featured_media":0,"comment_status":"open","ping_status":"closed","template":"","meta":[],"product_brand":[],"product_cat":[137],"product_tag":[],"class_list":{"0":"post-2026","1":"product","2":"type-product","3":"status-publish","5":"product_cat-maros-megyei-eletrajzi-lexikon","7":"first","8":"instock","9":"shipping-taxable","10":"product-type-simple"},"_links":{"self":[{"href":"https:\/\/uj.adatbank.ro\/lexikon\/wp-json\/wp\/v2\/product\/2026","targetHints":{"allow":["GET"]}}],"collection":[{"href":"https:\/\/uj.adatbank.ro\/lexikon\/wp-json\/wp\/v2\/product"}],"about":[{"href":"https:\/\/uj.adatbank.ro\/lexikon\/wp-json\/wp\/v2\/types\/product"}],"replies":[{"embeddable":true,"href":"https:\/\/uj.adatbank.ro\/lexikon\/wp-json\/wp\/v2\/comments?post=2026"}],"wp:attachment":[{"href":"https:\/\/uj.adatbank.ro\/lexikon\/wp-json\/wp\/v2\/media?parent=2026"}],"wp:term":[{"taxonomy":"product_brand","embeddable":true,"href":"https:\/\/uj.adatbank.ro\/lexikon\/wp-json\/wp\/v2\/product_brand?post=2026"},{"taxonomy":"product_cat","embeddable":true,"href":"https:\/\/uj.adatbank.ro\/lexikon\/wp-json\/wp\/v2\/product_cat?post=2026"},{"taxonomy":"product_tag","embeddable":true,"href":"https:\/\/uj.adatbank.ro\/lexikon\/wp-json\/wp\/v2\/product_tag?post=2026"}],"curies":[{"name":"wp","href":"https:\/\/api.w.org\/{rel}","templated":true}]}}