{"id":20260,"date":"2025-07-22T18:42:21","date_gmt":"2025-07-22T16:42:21","guid":{"rendered":"https:\/\/uj.adatbank.ro\/lexikon\/termek\/sigmond-mihaly\/"},"modified":"2025-07-22T18:42:21","modified_gmt":"2025-07-22T16:42:21","slug":"sigmond-mihaly","status":"publish","type":"product","link":"https:\/\/uj.adatbank.ro\/lexikon\/termek\/sigmond-mihaly\/","title":{"rendered":"SIGMOND Mih\u00e1ly"},"content":{"rendered":"<p>? \u2020?: segesv\u00e1rsz\u00e9ki f\u0151kir\u00e1lyb\u00edr\u00f3. \u2013 Fejedelmi biztosk\u00e9nt j\u00e1rt Mv.-en, ahol a helyi tan\u00e1cs \u00e9s a lakoss\u00e1g k\u00f6zti ellent\u00e9teket volt hivatott elsim\u00edtani (1672. dec. 13). Mv. szabad kir\u00e1lyi v\u00e1ros el\u00f6lj\u00e1r\u00f3s\u00e1ga \u00e9s a polg\u00e1rok k\u00f6z\u00f6tti visz\u00e1ly rendez\u00e9s\u00e9re kinevezett bizotts\u00e1g tagja volt \u00bbA maros-v\u00e1s\u00e1rhelyi tan\u00e1cs \u00e9s lakoss\u00e1g bar\u00e1ts\u00e1gos egyess\u00e9ge, melyet a k\u00f6z\u00f6tt\u00fck t\u00e1madt visz\u00e1lykod\u00e1sok kiegyenl\u00edt\u00e9s\u00e9re kinevezett fejedelmi biztosok, u.\u00a0m. Bethlen J\u00e1nos korl\u00e1tnok, Dacz\u00f3 J\u00e1nos Cs\u00edk, Gyergy\u00f3 \u00e9s K\u00e1szon-sz\u00e9ki f\u0151kapit\u00e1ny \u00e9s Sigmond Mih\u00e1ly Segesv\u00e1rsz\u00e9ki f\u0151kir\u00e1lyb\u00edr\u00f3 el\u0151tt k\u00f6t\u00f6ttek. (Kelt Maros-V\u00e1s\u00e1rhelyt, 1672. dec)\u00ab. <br \/><strong>Irod.:<\/strong> Id\u0151t\u00e1r 1; P\u00e1l-Antal 2002; P\u00e1l-Antal 2006; P\u00e1l-Antal 2009; SzOkl, 1.<\/br><\/p>\n","protected":false},"excerpt":{"rendered":"<p>? \u2020?: segesv\u00e1rsz\u00e9ki f\u0151kir\u00e1lyb\u00edr\u00f3. \u2013 Fejedelmi biztosk\u00e9nt j\u00e1rt Mv.-en, ahol a helyi tan\u00e1cs \u00e9s a lakoss\u00e1g k\u00f6zti ellent\u00e9teket volt hivatott elsim\u00edtani (1672. dec. 13). Mv. szabad kir\u00e1lyi v\u00e1ros el\u00f6lj\u00e1r\u00f3s\u00e1ga \u00e9s a polg\u00e1rok k\u00f6z\u00f6tti visz\u00e1ly rendez\u00e9s\u00e9re kinevezett bizotts\u00e1g tagja volt \u00bbA maros-v\u00e1s\u00e1rhelyi tan\u00e1cs \u00e9s lakoss\u00e1g bar\u00e1ts\u00e1gos egyess\u00e9ge, melyet a k\u00f6z\u00f6tt\u00fck t\u00e1madt visz\u00e1lykod\u00e1sok kiegyenl\u00edt\u00e9s\u00e9re kinevezett fejedelmi biztosok, [&hellip;]<\/p>\n","protected":false},"featured_media":0,"comment_status":"open","ping_status":"closed","template":"","meta":[],"product_brand":[],"product_cat":[137],"product_tag":[],"class_list":{"0":"post-20260","1":"product","2":"type-product","3":"status-publish","5":"product_cat-maros-megyei-eletrajzi-lexikon","7":"first","8":"instock","9":"shipping-taxable","10":"product-type-simple"},"_links":{"self":[{"href":"https:\/\/uj.adatbank.ro\/lexikon\/wp-json\/wp\/v2\/product\/20260","targetHints":{"allow":["GET"]}}],"collection":[{"href":"https:\/\/uj.adatbank.ro\/lexikon\/wp-json\/wp\/v2\/product"}],"about":[{"href":"https:\/\/uj.adatbank.ro\/lexikon\/wp-json\/wp\/v2\/types\/product"}],"replies":[{"embeddable":true,"href":"https:\/\/uj.adatbank.ro\/lexikon\/wp-json\/wp\/v2\/comments?post=20260"}],"wp:attachment":[{"href":"https:\/\/uj.adatbank.ro\/lexikon\/wp-json\/wp\/v2\/media?parent=20260"}],"wp:term":[{"taxonomy":"product_brand","embeddable":true,"href":"https:\/\/uj.adatbank.ro\/lexikon\/wp-json\/wp\/v2\/product_brand?post=20260"},{"taxonomy":"product_cat","embeddable":true,"href":"https:\/\/uj.adatbank.ro\/lexikon\/wp-json\/wp\/v2\/product_cat?post=20260"},{"taxonomy":"product_tag","embeddable":true,"href":"https:\/\/uj.adatbank.ro\/lexikon\/wp-json\/wp\/v2\/product_tag?post=20260"}],"curies":[{"name":"wp","href":"https:\/\/api.w.org\/{rel}","templated":true}]}}