{"id":20262,"date":"2025-07-22T18:42:27","date_gmt":"2025-07-22T16:42:27","guid":{"rendered":"https:\/\/uj.adatbank.ro\/lexikon\/termek\/sigmond-pal-lemhenyi\/"},"modified":"2025-07-22T18:42:27","modified_gmt":"2025-07-22T16:42:27","slug":"sigmond-pal-lemhenyi","status":"publish","type":"product","link":"https:\/\/uj.adatbank.ro\/lexikon\/termek\/sigmond-pal-lemhenyi\/","title":{"rendered":"SIGMOND P\u00e1l, lemh\u00e9nyi"},"content":{"rendered":"<p>Mez\u0151panit, 1905.,\u00a0\u2020?: ref. lelk\u00e9sz. \u2013 Tanulm\u00e1nyait Mv.-en, a teol\u00f3gi\u00e1t Kv.-on v\u00e9gezte el. B\u00e1nffyhunyadon \u00e9s Mez\u0151bergeny\u00e9ben volt seg\u00e9dlelk\u00e9sz, majd ez ut\u00f3bbi helyen mint rendes lelk\u00e9sz (1931\u2013) vezette a gy\u00fclekezetet. A MP, az EGE tagja, a Tejsz\u00f6vetkezet alap\u00edt\u00f3tagja, a Gazdak\u00f6r eln\u00f6ke volt, minden kultur\u00e1lis egyes\u00fclet ir\u00e1ny\u00edt\u00e1s\u00e1ban r\u00e9szt vett. <br \/><strong>Irod.:<\/strong> Sz\u00e9kelyf\u00f6ld \u00ed. k.<\/br><\/p>\n","protected":false},"excerpt":{"rendered":"<p>Mez\u0151panit, 1905.,\u00a0\u2020?: ref. lelk\u00e9sz. \u2013 Tanulm\u00e1nyait Mv.-en, a teol\u00f3gi\u00e1t Kv.-on v\u00e9gezte el. B\u00e1nffyhunyadon \u00e9s Mez\u0151bergeny\u00e9ben volt seg\u00e9dlelk\u00e9sz, majd ez ut\u00f3bbi helyen mint rendes lelk\u00e9sz (1931\u2013) vezette a gy\u00fclekezetet. A MP, az EGE tagja, a Tejsz\u00f6vetkezet alap\u00edt\u00f3tagja, a Gazdak\u00f6r eln\u00f6ke volt, minden kultur\u00e1lis egyes\u00fclet ir\u00e1ny\u00edt\u00e1s\u00e1ban r\u00e9szt vett. Irod.: Sz\u00e9kelyf\u00f6ld \u00ed. k.<\/p>\n","protected":false},"featured_media":0,"comment_status":"open","ping_status":"closed","template":"","meta":[],"product_brand":[],"product_cat":[137],"product_tag":[],"class_list":{"0":"post-20262","1":"product","2":"type-product","3":"status-publish","5":"product_cat-maros-megyei-eletrajzi-lexikon","7":"first","8":"instock","9":"shipping-taxable","10":"product-type-simple"},"_links":{"self":[{"href":"https:\/\/uj.adatbank.ro\/lexikon\/wp-json\/wp\/v2\/product\/20262","targetHints":{"allow":["GET"]}}],"collection":[{"href":"https:\/\/uj.adatbank.ro\/lexikon\/wp-json\/wp\/v2\/product"}],"about":[{"href":"https:\/\/uj.adatbank.ro\/lexikon\/wp-json\/wp\/v2\/types\/product"}],"replies":[{"embeddable":true,"href":"https:\/\/uj.adatbank.ro\/lexikon\/wp-json\/wp\/v2\/comments?post=20262"}],"wp:attachment":[{"href":"https:\/\/uj.adatbank.ro\/lexikon\/wp-json\/wp\/v2\/media?parent=20262"}],"wp:term":[{"taxonomy":"product_brand","embeddable":true,"href":"https:\/\/uj.adatbank.ro\/lexikon\/wp-json\/wp\/v2\/product_brand?post=20262"},{"taxonomy":"product_cat","embeddable":true,"href":"https:\/\/uj.adatbank.ro\/lexikon\/wp-json\/wp\/v2\/product_cat?post=20262"},{"taxonomy":"product_tag","embeddable":true,"href":"https:\/\/uj.adatbank.ro\/lexikon\/wp-json\/wp\/v2\/product_tag?post=20262"}],"curies":[{"name":"wp","href":"https:\/\/api.w.org\/{rel}","templated":true}]}}