{"id":20265,"date":"2025-07-22T18:42:35","date_gmt":"2025-07-22T16:42:35","guid":{"rendered":"https:\/\/uj.adatbank.ro\/lexikon\/termek\/sigmund-jozsef\/"},"modified":"2025-07-22T18:42:35","modified_gmt":"2025-07-22T16:42:35","slug":"sigmund-jozsef","status":"publish","type":"product","link":"https:\/\/uj.adatbank.ro\/lexikon\/termek\/sigmund-jozsef\/","title":{"rendered":"SIGMUND J\u00f3zsef"},"content":{"rendered":"<p>Segesv\u00e1r, 1814. m\u00e1rc. 19., \u2020 Medgyes, 1842. szept. 9.: orvosdoktor, S. Mih\u00e1ly sz\u00e1szd\u00e1lyai ev. lelk\u00e9sz fia. Orvosi oklevelet szerzett a bp.-i egyetemen (1838\/1839) \u00e9s gyakorl\u00f3 orvos volt Medgyesen. \u2013 <strong>F. m.<\/strong>: Dissertatio inaug. medica exponens tractatum partus et puerperii sub decursu naturali normalique, prout in Instituto obstetricio Regiae Scientiarum Universitatis Hungaricae Pestiensis locum habet, quam consensu et auctoritate &#8230; Praesidis et Directoris &#8230; Decani &#8230; pro gradu Doctoris medicinae consequendo in Regia Scientiarum Universitate Pestiensi conscripsit &#8230; Theses adnexae defendentur in aedibus facultatis medicae die 3. Maji 1839. (Budae, 1839). <br \/><strong>Irod.:<\/strong> F\u00fcl\u00f6p\u2013Ferencz; Gy\u0151ry; H\u00f6gyes; Szinnyei; Szinnyei J-Sz.J.; Todea.<\/br><\/p>\n","protected":false},"excerpt":{"rendered":"<p>Segesv\u00e1r, 1814. m\u00e1rc. 19., \u2020 Medgyes, 1842. szept. 9.: orvosdoktor, S. Mih\u00e1ly sz\u00e1szd\u00e1lyai ev. lelk\u00e9sz fia. Orvosi oklevelet szerzett a bp.-i egyetemen (1838\/1839) \u00e9s gyakorl\u00f3 orvos volt Medgyesen. \u2013 F. m.: Dissertatio inaug. medica exponens tractatum partus et puerperii sub decursu naturali normalique, prout in Instituto obstetricio Regiae Scientiarum Universitatis Hungaricae Pestiensis locum habet, quam [&hellip;]<\/p>\n","protected":false},"featured_media":0,"comment_status":"open","ping_status":"closed","template":"","meta":[],"product_brand":[],"product_cat":[137],"product_tag":[],"class_list":{"0":"post-20265","1":"product","2":"type-product","3":"status-publish","5":"product_cat-maros-megyei-eletrajzi-lexikon","7":"first","8":"instock","9":"shipping-taxable","10":"product-type-simple"},"_links":{"self":[{"href":"https:\/\/uj.adatbank.ro\/lexikon\/wp-json\/wp\/v2\/product\/20265","targetHints":{"allow":["GET"]}}],"collection":[{"href":"https:\/\/uj.adatbank.ro\/lexikon\/wp-json\/wp\/v2\/product"}],"about":[{"href":"https:\/\/uj.adatbank.ro\/lexikon\/wp-json\/wp\/v2\/types\/product"}],"replies":[{"embeddable":true,"href":"https:\/\/uj.adatbank.ro\/lexikon\/wp-json\/wp\/v2\/comments?post=20265"}],"wp:attachment":[{"href":"https:\/\/uj.adatbank.ro\/lexikon\/wp-json\/wp\/v2\/media?parent=20265"}],"wp:term":[{"taxonomy":"product_brand","embeddable":true,"href":"https:\/\/uj.adatbank.ro\/lexikon\/wp-json\/wp\/v2\/product_brand?post=20265"},{"taxonomy":"product_cat","embeddable":true,"href":"https:\/\/uj.adatbank.ro\/lexikon\/wp-json\/wp\/v2\/product_cat?post=20265"},{"taxonomy":"product_tag","embeddable":true,"href":"https:\/\/uj.adatbank.ro\/lexikon\/wp-json\/wp\/v2\/product_tag?post=20265"}],"curies":[{"name":"wp","href":"https:\/\/api.w.org\/{rel}","templated":true}]}}