{"id":20266,"date":"2025-07-22T18:42:37","date_gmt":"2025-07-22T16:42:37","guid":{"rendered":"https:\/\/uj.adatbank.ro\/lexikon\/termek\/sigmund-karl-ludwig-ilanori-lovag\/"},"modified":"2025-07-22T18:42:37","modified_gmt":"2025-07-22T16:42:37","slug":"sigmund-karl-ludwig-ilanori-lovag","status":"publish","type":"product","link":"https:\/\/uj.adatbank.ro\/lexikon\/termek\/sigmund-karl-ludwig-ilanori-lovag\/","title":{"rendered":"SIGMUND Karl Ludwig, ilanori lovag"},"content":{"rendered":"<p>Segesv\u00e1r, 1810. aug. 27., \u2020 Padova (v. B\u00e9cs), 1883. aug. 1.: orvos. \u2013 K\u00f6z\u00e9piskol\u00e1it Segesv\u00e1ron \u00e9s Kv.-on, az orvosi egyetemet B\u00e9csben v\u00e9gezte (1831\u201336), seb\u00e9sz-, szem\u00e9sz- \u00e9s sz\u00fcl\u00e9szorvosi k\u00e9pes\u00edt\u00e9st szerzett, Pesten doktor\u00e1lt (1837). A b\u00e9csi k\u00f6zk\u00f3rh\u00e1zban volt orvos, itt lett seb\u00e9sz-f\u0151orvos (1842. j\u00fal. 26.), a b\u00e9csi egyetem seb\u00e9szeti patol\u00f3gia docense (1844\u2013), professzor (1849\u2013), t\u00e9nyleges egyetemi tan\u00e1r (1869\u201381). Vezet\u00e9s\u00e9vel alap\u00edtott\u00e1k a szifilisz klinik\u00e1t (1848). K\u00e9t tan\u00e1rt\u00e1rs\u00e1val utaz\u00e1st tett Kis-\u00c1zsi\u00e1ban, Sz\u00edri\u00e1ban, Egyiptomban \u00e9s G\u00f6r\u00f6go.-ban (1849), majd utazott m\u00e9g Franciao.-ban, Angli\u00e1ban, Belgiumban, Oroszo.-ban, Olaszo.-ban \u00e9s Amerik\u00e1ban. Udvari tan\u00e1csos c. nyert (1867). Sz\u00e1mos \u00e9rtekez\u00e9st, cikket \u00edrt a balneol\u00f3gia \u00e9s klimatol\u00f3gia, epidemiol\u00f3gia ter\u00fclet\u00e9r\u0151l. Le\u00edrta Erd\u00e9ly \u00e1sv\u00e1nyvizeinek gy\u00f3gyhat\u00e1s\u00e1t. Az orvostudom\u00e1nyok t\u00f6bb ter\u00fclet\u00e9n v\u00e9gzett \u00fatt\u00f6r\u0151 munk\u00e1t, de f\u0151leg a szifilisz, a vesztegz\u00e1ri magatart\u00e1s, a balneol\u00f3gia \u00e9s szoci\u00e1lhigi\u00e9nia ter\u00fclet\u00e9n alkotott \u00fajat. Vil\u00e1gh\u00edrn\u00e9vre tett szert. Rendes, levelez\u0151 \u00e9s tiszteletbeli tagja volt 27 akad\u00e9mi\u00e1nak \u00e9s egyes\u00fcletnek, a francia Becs\u00fcletrend lovagja (1866), a spanyol Izabella Rend, az Oszm\u00e1n Cs\u00e1sz\u00e1ri Medjidie Rend birtokl\u00f3ja volt. Nemess\u00e9get nyert (1866). \u2013 <strong><strong>F. m.<\/strong><\/strong>: F\u00fcred\u2019s Mineralquellen und der Plattensee, f\u00fcr Aerzte und Badeg\u00e4ste nach den vorhandenen Hilfsmitteln und eigenen Untersuchungen dargestellt.: (Dissertatio inaug. med.) (Pest, 1837); Gleichenberg, seine Mineralquellen und der Curort. Aerztliche Mittheilungen (Wien, 1840, 1846); Das k. k. chirurgische Operations-Institut in Wien: Darstellung der Geschichte, so wie der innern Einrichtung des Institutes, und \u00dcbersicht aller darin bisher gebildenten Operateurs, der hinsichtlich derselben erflossenen Verordnungen und der Vorf\u00e4lle in der chirurgischen Klinik der Wiener Hochschule w\u00e4hrend des Operations-Lehrcurses 1839\u20131841 (Wien, 1841); Zur Pest- und Quarantainefrage: Bemerkungen mit Beziehung auf die Schrift (des Max Heine) \u201eBeitr\u00e4ge zur Geschichte d. Orientalischen Pest.\u201d (Wien, 1848); \u00dcber die Aufgabe der Heilanstalt und Klinik f\u00fcr syphilitsche Kranke in grossen St\u00e4dten: Eileitender Vortrag f\u00fcr das Studienjahr 1849\u20131850. (Wien, 1849); Das von mir ge\u00fcbte Verfahren der Einreibungskur mit grauer Salbe bei der Syphilis (Wien, 1856, 1859, 1866); S\u00fcdliche klimatische Curorte, mit besonderer R\u00fccksicht auf Venedig, Nizza, Pisa, Meran und Triest (Wien, 1857, 1859); Syphilisation bei syphilitischen Krankheitsformen (Wien, 1859); \u00dcbersicht der bekanntesten zu Bade- und Trinkeur-Anstalten ben\u00fctzten w\u00e4sser Siebenb\u00fcrgens: Aufnahmen, chemischen Analysen und \u00e4mtlichen Erhebungen in den Jahren 1858 und 1859 (Wien, 1860, 1868); A bed\u00f6rzs\u00f6l\u00e9si gy\u00f3gym\u00f3d bujak\u00f3ralakokn\u00e1l. \u2013 3. \u00e1tdolgozott kiad\u00e1s ut\u00e1n magyarra ford\u00edt\u00e1 Gabriely K\u00e1lm\u00e1n (1868); V\u00e9nymint\u00e1k&#8230; tan\u00e1r b\u00e9csi egyetemi k\u00f3rod\u00e1j\u00e1b\u00f3l: A k\u00f3rod\u00e1n leggyakrabban rendelt, az el\u0151ad\u00e1sokon k\u00fcl\u00f6n\u00f6sen jelzett v\u00e9nymint\u00e1k, s a venericus \u00e9s bujak\u00f3ri betegek \u00e1pol\u00e1sa \u00e9s kezel\u00e9s\u00e9n\u00e9l k\u00f6vetett rendszab\u00e1lyok gy\u00fcjtem\u00e9nye. \u2013 A 3. \u00e1tdolgozott, b\u0151v. \u00e9s jav. kiad\u00e1s ut\u00e1n magyarra ford. K\u00f6v\u00e9r G\u00e1bor (Pest, 1871). <br \/><strong>Irod.:<\/strong> Barth Hans; Gy\u0151ry; LSS; Szinnyei; Szinnyei J. \u2013 Sz. J.; Todea.<\/br><\/p>\n","protected":false},"excerpt":{"rendered":"<p>Segesv\u00e1r, 1810. aug. 27., \u2020 Padova (v. B\u00e9cs), 1883. aug. 1.: orvos. \u2013 K\u00f6z\u00e9piskol\u00e1it Segesv\u00e1ron \u00e9s Kv.-on, az orvosi egyetemet B\u00e9csben v\u00e9gezte (1831\u201336), seb\u00e9sz-, szem\u00e9sz- \u00e9s sz\u00fcl\u00e9szorvosi k\u00e9pes\u00edt\u00e9st szerzett, Pesten doktor\u00e1lt (1837). A b\u00e9csi k\u00f6zk\u00f3rh\u00e1zban volt orvos, itt lett seb\u00e9sz-f\u0151orvos (1842. j\u00fal. 26.), a b\u00e9csi egyetem seb\u00e9szeti patol\u00f3gia docense (1844\u2013), professzor (1849\u2013), t\u00e9nyleges egyetemi tan\u00e1r [&hellip;]<\/p>\n","protected":false},"featured_media":0,"comment_status":"open","ping_status":"closed","template":"","meta":[],"product_brand":[],"product_cat":[137],"product_tag":[],"class_list":{"0":"post-20266","1":"product","2":"type-product","3":"status-publish","5":"product_cat-maros-megyei-eletrajzi-lexikon","7":"first","8":"instock","9":"shipping-taxable","10":"product-type-simple"},"_links":{"self":[{"href":"https:\/\/uj.adatbank.ro\/lexikon\/wp-json\/wp\/v2\/product\/20266","targetHints":{"allow":["GET"]}}],"collection":[{"href":"https:\/\/uj.adatbank.ro\/lexikon\/wp-json\/wp\/v2\/product"}],"about":[{"href":"https:\/\/uj.adatbank.ro\/lexikon\/wp-json\/wp\/v2\/types\/product"}],"replies":[{"embeddable":true,"href":"https:\/\/uj.adatbank.ro\/lexikon\/wp-json\/wp\/v2\/comments?post=20266"}],"wp:attachment":[{"href":"https:\/\/uj.adatbank.ro\/lexikon\/wp-json\/wp\/v2\/media?parent=20266"}],"wp:term":[{"taxonomy":"product_brand","embeddable":true,"href":"https:\/\/uj.adatbank.ro\/lexikon\/wp-json\/wp\/v2\/product_brand?post=20266"},{"taxonomy":"product_cat","embeddable":true,"href":"https:\/\/uj.adatbank.ro\/lexikon\/wp-json\/wp\/v2\/product_cat?post=20266"},{"taxonomy":"product_tag","embeddable":true,"href":"https:\/\/uj.adatbank.ro\/lexikon\/wp-json\/wp\/v2\/product_tag?post=20266"}],"curies":[{"name":"wp","href":"https:\/\/api.w.org\/{rel}","templated":true}]}}