{"id":20270,"date":"2025-07-22T18:42:48","date_gmt":"2025-07-22T16:42:48","guid":{"rendered":"https:\/\/uj.adatbank.ro\/lexikon\/termek\/siklodi-gyorgy\/"},"modified":"2025-07-22T18:42:48","modified_gmt":"2025-07-22T16:42:48","slug":"siklodi-gyorgy","status":"publish","type":"product","link":"https:\/\/uj.adatbank.ro\/lexikon\/termek\/siklodi-gyorgy\/","title":{"rendered":"SIKL\u00d3DI Gy\u00f6rgy"},"content":{"rendered":"<p>? \u2020\u00a0M\u00e1rkod, 1620: l\u00f3f\u0151, primipilius, lovas hadnagy. \u2013 A csal\u00e1d M\u00e1ty\u00e1s kir\u00e1lyt\u00f3l kapta a sz\u00e9kely primipilusi st\u00e1tusukat meger\u0151s\u00edt\u0151 levelet (1484). Marosz\u00e9ki lovas hadnagy, magyar nyelven \u00edrt v\u00e9grendeletet (1620. m\u00e1rc. 21.), dr. Bevilaqua B\u00e9la m\u00e1solat\u00e1ban. A k\u00e9zirat, t\u00f6bb m\u00e1s irattal egy\u00fctt ker\u00fclt a Hargita Megyei Hagyom\u00e1ny\u0151rz\u00e9si Forr\u00e1sk\u00f6zponthoz (2008. tavasz\u00e1n). <br \/><strong>Irod.:<\/strong> Mih\u00e1ly J\u00e1nos: marossz\u00e9ki m\u00e1rkodi Sikl\u00f3di Gy\u00f6rgy lovashadnagy v\u00e9grendelete (\u00d6r\u00f6ks\u00e9g\u00fcnk, 4. sz., 2008); Sebesty\u00e9n Mih\u00e1ly: Sikl\u00f3di Gy\u00f6rgy v\u00e9grendelete 1620-b\u00f3l (N\u00fa. \u00e9vk., 2009).<\/br><\/p>\n","protected":false},"excerpt":{"rendered":"<p>? \u2020\u00a0M\u00e1rkod, 1620: l\u00f3f\u0151, primipilius, lovas hadnagy. \u2013 A csal\u00e1d M\u00e1ty\u00e1s kir\u00e1lyt\u00f3l kapta a sz\u00e9kely primipilusi st\u00e1tusukat meger\u0151s\u00edt\u0151 levelet (1484). Marosz\u00e9ki lovas hadnagy, magyar nyelven \u00edrt v\u00e9grendeletet (1620. m\u00e1rc. 21.), dr. Bevilaqua B\u00e9la m\u00e1solat\u00e1ban. A k\u00e9zirat, t\u00f6bb m\u00e1s irattal egy\u00fctt ker\u00fclt a Hargita Megyei Hagyom\u00e1ny\u0151rz\u00e9si Forr\u00e1sk\u00f6zponthoz (2008. tavasz\u00e1n). Irod.: Mih\u00e1ly J\u00e1nos: marossz\u00e9ki m\u00e1rkodi Sikl\u00f3di Gy\u00f6rgy [&hellip;]<\/p>\n","protected":false},"featured_media":0,"comment_status":"open","ping_status":"closed","template":"","meta":[],"product_brand":[],"product_cat":[137],"product_tag":[],"class_list":{"0":"post-20270","1":"product","2":"type-product","3":"status-publish","5":"product_cat-maros-megyei-eletrajzi-lexikon","7":"first","8":"instock","9":"shipping-taxable","10":"product-type-simple"},"_links":{"self":[{"href":"https:\/\/uj.adatbank.ro\/lexikon\/wp-json\/wp\/v2\/product\/20270","targetHints":{"allow":["GET"]}}],"collection":[{"href":"https:\/\/uj.adatbank.ro\/lexikon\/wp-json\/wp\/v2\/product"}],"about":[{"href":"https:\/\/uj.adatbank.ro\/lexikon\/wp-json\/wp\/v2\/types\/product"}],"replies":[{"embeddable":true,"href":"https:\/\/uj.adatbank.ro\/lexikon\/wp-json\/wp\/v2\/comments?post=20270"}],"wp:attachment":[{"href":"https:\/\/uj.adatbank.ro\/lexikon\/wp-json\/wp\/v2\/media?parent=20270"}],"wp:term":[{"taxonomy":"product_brand","embeddable":true,"href":"https:\/\/uj.adatbank.ro\/lexikon\/wp-json\/wp\/v2\/product_brand?post=20270"},{"taxonomy":"product_cat","embeddable":true,"href":"https:\/\/uj.adatbank.ro\/lexikon\/wp-json\/wp\/v2\/product_cat?post=20270"},{"taxonomy":"product_tag","embeddable":true,"href":"https:\/\/uj.adatbank.ro\/lexikon\/wp-json\/wp\/v2\/product_tag?post=20270"}],"curies":[{"name":"wp","href":"https:\/\/api.w.org\/{rel}","templated":true}]}}