{"id":20271,"date":"2025-07-22T18:42:49","date_gmt":"2025-07-22T16:42:49","guid":{"rendered":"https:\/\/uj.adatbank.ro\/lexikon\/termek\/siklodi-hegyi-istvan\/"},"modified":"2025-07-22T18:42:49","modified_gmt":"2025-07-22T16:42:49","slug":"siklodi-hegyi-istvan","status":"publish","type":"product","link":"https:\/\/uj.adatbank.ro\/lexikon\/termek\/siklodi-hegyi-istvan\/","title":{"rendered":"SIKL\u00d3DI HEGYI Istv\u00e1n"},"content":{"rendered":"<p>Mv., 1917., \u2020?: fest\u0151m\u0171v\u00e9sz. \u2013 Bp.-en tanult. A Ferencv\u00e1rosi K\u00f6z\u00f6ss\u00e9g tagja (1981\u2013). A term\u00e9szet fest\u0151je. T\u00f6bb ki\u00e1ll\u00edt\u00e1son szerepelt. A Ferencv\u00e1rosi Alkot\u00f3k K\u00e9pz\u0151m\u0171v\u00e9sz K\u00f6z\u00f6ss\u00e9g\u00e9nek tagja. <br \/><strong>Irod.:<\/strong> Moln\u00e1r; Szab\u00f3\u2013K\u00e1llai.<\/br><\/p>\n","protected":false},"excerpt":{"rendered":"<p>Mv., 1917., \u2020?: fest\u0151m\u0171v\u00e9sz. \u2013 Bp.-en tanult. A Ferencv\u00e1rosi K\u00f6z\u00f6ss\u00e9g tagja (1981\u2013). A term\u00e9szet fest\u0151je. T\u00f6bb ki\u00e1ll\u00edt\u00e1son szerepelt. A Ferencv\u00e1rosi Alkot\u00f3k K\u00e9pz\u0151m\u0171v\u00e9sz K\u00f6z\u00f6ss\u00e9g\u00e9nek tagja. Irod.: Moln\u00e1r; Szab\u00f3\u2013K\u00e1llai.<\/p>\n","protected":false},"featured_media":0,"comment_status":"open","ping_status":"closed","template":"","meta":[],"product_brand":[],"product_cat":[137],"product_tag":[],"class_list":{"0":"post-20271","1":"product","2":"type-product","3":"status-publish","5":"product_cat-maros-megyei-eletrajzi-lexikon","7":"first","8":"instock","9":"shipping-taxable","10":"product-type-simple"},"_links":{"self":[{"href":"https:\/\/uj.adatbank.ro\/lexikon\/wp-json\/wp\/v2\/product\/20271","targetHints":{"allow":["GET"]}}],"collection":[{"href":"https:\/\/uj.adatbank.ro\/lexikon\/wp-json\/wp\/v2\/product"}],"about":[{"href":"https:\/\/uj.adatbank.ro\/lexikon\/wp-json\/wp\/v2\/types\/product"}],"replies":[{"embeddable":true,"href":"https:\/\/uj.adatbank.ro\/lexikon\/wp-json\/wp\/v2\/comments?post=20271"}],"wp:attachment":[{"href":"https:\/\/uj.adatbank.ro\/lexikon\/wp-json\/wp\/v2\/media?parent=20271"}],"wp:term":[{"taxonomy":"product_brand","embeddable":true,"href":"https:\/\/uj.adatbank.ro\/lexikon\/wp-json\/wp\/v2\/product_brand?post=20271"},{"taxonomy":"product_cat","embeddable":true,"href":"https:\/\/uj.adatbank.ro\/lexikon\/wp-json\/wp\/v2\/product_cat?post=20271"},{"taxonomy":"product_tag","embeddable":true,"href":"https:\/\/uj.adatbank.ro\/lexikon\/wp-json\/wp\/v2\/product_tag?post=20271"}],"curies":[{"name":"wp","href":"https:\/\/api.w.org\/{rel}","templated":true}]}}