{"id":20272,"date":"2025-07-22T18:42:52","date_gmt":"2025-07-22T16:42:52","guid":{"rendered":"https:\/\/uj.adatbank.ro\/lexikon\/termek\/siklodi-jozsef\/"},"modified":"2025-07-22T18:42:52","modified_gmt":"2025-07-22T16:42:52","slug":"siklodi-jozsef","status":"publish","type":"product","link":"https:\/\/uj.adatbank.ro\/lexikon\/termek\/siklodi-jozsef\/","title":{"rendered":"SIKL\u00d3DI J\u00f3zsef"},"content":{"rendered":"<p>S\u00f3v\u00e1rad, 1930? \u2020?: tan\u00e1r. \u2013 Anyja korai hal\u00e1la miatt, nagyn\u00e9nj\u00e9n\u00e9l nevelkedett Kib\u00e9den. Magyarfodorh\u00e1z\u00e1n tan\u00edtott, zen\u00e9lt \u00e9s festett. Feladta tan\u00edt\u00f3i \u00e1ll\u00e1s\u00e1t \u00e9s k\u00fczdelmes \u00e9lete votl. Sok alkot\u00e1s\u00e1t elaj\u00e1nd\u00e9kozta. Elhagyatva halt meg. <br \/><strong>Irod.:<\/strong> Kib\u00e9d.<\/br><\/p>\n","protected":false},"excerpt":{"rendered":"<p>S\u00f3v\u00e1rad, 1930? \u2020?: tan\u00e1r. \u2013 Anyja korai hal\u00e1la miatt, nagyn\u00e9nj\u00e9n\u00e9l nevelkedett Kib\u00e9den. Magyarfodorh\u00e1z\u00e1n tan\u00edtott, zen\u00e9lt \u00e9s festett. Feladta tan\u00edt\u00f3i \u00e1ll\u00e1s\u00e1t \u00e9s k\u00fczdelmes \u00e9lete votl. Sok alkot\u00e1s\u00e1t elaj\u00e1nd\u00e9kozta. Elhagyatva halt meg. Irod.: Kib\u00e9d.<\/p>\n","protected":false},"featured_media":0,"comment_status":"open","ping_status":"closed","template":"","meta":[],"product_brand":[],"product_cat":[137],"product_tag":[],"class_list":{"0":"post-20272","1":"product","2":"type-product","3":"status-publish","5":"product_cat-maros-megyei-eletrajzi-lexikon","7":"first","8":"instock","9":"shipping-taxable","10":"product-type-simple"},"_links":{"self":[{"href":"https:\/\/uj.adatbank.ro\/lexikon\/wp-json\/wp\/v2\/product\/20272","targetHints":{"allow":["GET"]}}],"collection":[{"href":"https:\/\/uj.adatbank.ro\/lexikon\/wp-json\/wp\/v2\/product"}],"about":[{"href":"https:\/\/uj.adatbank.ro\/lexikon\/wp-json\/wp\/v2\/types\/product"}],"replies":[{"embeddable":true,"href":"https:\/\/uj.adatbank.ro\/lexikon\/wp-json\/wp\/v2\/comments?post=20272"}],"wp:attachment":[{"href":"https:\/\/uj.adatbank.ro\/lexikon\/wp-json\/wp\/v2\/media?parent=20272"}],"wp:term":[{"taxonomy":"product_brand","embeddable":true,"href":"https:\/\/uj.adatbank.ro\/lexikon\/wp-json\/wp\/v2\/product_brand?post=20272"},{"taxonomy":"product_cat","embeddable":true,"href":"https:\/\/uj.adatbank.ro\/lexikon\/wp-json\/wp\/v2\/product_cat?post=20272"},{"taxonomy":"product_tag","embeddable":true,"href":"https:\/\/uj.adatbank.ro\/lexikon\/wp-json\/wp\/v2\/product_tag?post=20272"}],"curies":[{"name":"wp","href":"https:\/\/api.w.org\/{rel}","templated":true}]}}