{"id":20275,"date":"2025-07-22T18:42:56","date_gmt":"2025-07-22T16:42:56","guid":{"rendered":"https:\/\/uj.adatbank.ro\/lexikon\/termek\/siklodi-peter-2\/"},"modified":"2025-07-22T18:42:56","modified_gmt":"2025-07-22T16:42:56","slug":"siklodi-peter-2","status":"publish","type":"product","link":"https:\/\/uj.adatbank.ro\/lexikon\/termek\/siklodi-peter-2\/","title":{"rendered":"SIKL\u00d3DI P\u00e9ter"},"content":{"rendered":"<p>Mikh\u00e1za, 1903., \u2020?: gazd\u00e1lkod\u00f3. \u2013 \u00d6n\u00e1ll\u00f3 gazda sz\u00fcl\u0151faluj\u00e1ban (1930\u2013), \u0151stermel\u00e9ssel \u00e9s haszon\u00e1llat-teny\u00e9szt\u00e9ssel foglalkozott, tekint\u00e9lyes polg\u00e1ra a k\u00f6zs\u00e9gnek, b\u00edr\u00f3 volt (1937\u2013). <br \/><strong>Irod.:<\/strong> Sz\u00e9kelyf\u00f6ld \u00ed. k.<\/br><\/p>\n","protected":false},"excerpt":{"rendered":"<p>Mikh\u00e1za, 1903., \u2020?: gazd\u00e1lkod\u00f3. \u2013 \u00d6n\u00e1ll\u00f3 gazda sz\u00fcl\u0151faluj\u00e1ban (1930\u2013), \u0151stermel\u00e9ssel \u00e9s haszon\u00e1llat-teny\u00e9szt\u00e9ssel foglalkozott, tekint\u00e9lyes polg\u00e1ra a k\u00f6zs\u00e9gnek, b\u00edr\u00f3 volt (1937\u2013). Irod.: Sz\u00e9kelyf\u00f6ld \u00ed. k.<\/p>\n","protected":false},"featured_media":0,"comment_status":"open","ping_status":"closed","template":"","meta":[],"product_brand":[],"product_cat":[137],"product_tag":[],"class_list":{"0":"post-20275","1":"product","2":"type-product","3":"status-publish","5":"product_cat-maros-megyei-eletrajzi-lexikon","7":"first","8":"instock","9":"shipping-taxable","10":"product-type-simple"},"_links":{"self":[{"href":"https:\/\/uj.adatbank.ro\/lexikon\/wp-json\/wp\/v2\/product\/20275","targetHints":{"allow":["GET"]}}],"collection":[{"href":"https:\/\/uj.adatbank.ro\/lexikon\/wp-json\/wp\/v2\/product"}],"about":[{"href":"https:\/\/uj.adatbank.ro\/lexikon\/wp-json\/wp\/v2\/types\/product"}],"replies":[{"embeddable":true,"href":"https:\/\/uj.adatbank.ro\/lexikon\/wp-json\/wp\/v2\/comments?post=20275"}],"wp:attachment":[{"href":"https:\/\/uj.adatbank.ro\/lexikon\/wp-json\/wp\/v2\/media?parent=20275"}],"wp:term":[{"taxonomy":"product_brand","embeddable":true,"href":"https:\/\/uj.adatbank.ro\/lexikon\/wp-json\/wp\/v2\/product_brand?post=20275"},{"taxonomy":"product_cat","embeddable":true,"href":"https:\/\/uj.adatbank.ro\/lexikon\/wp-json\/wp\/v2\/product_cat?post=20275"},{"taxonomy":"product_tag","embeddable":true,"href":"https:\/\/uj.adatbank.ro\/lexikon\/wp-json\/wp\/v2\/product_tag?post=20275"}],"curies":[{"name":"wp","href":"https:\/\/api.w.org\/{rel}","templated":true}]}}