{"id":20276,"date":"2025-07-22T18:42:59","date_gmt":"2025-07-22T16:42:59","guid":{"rendered":"https:\/\/uj.adatbank.ro\/lexikon\/termek\/siklodi-peter-markodi\/"},"modified":"2025-07-22T18:42:59","modified_gmt":"2025-07-22T16:42:59","slug":"siklodi-peter-markodi","status":"publish","type":"product","link":"https:\/\/uj.adatbank.ro\/lexikon\/termek\/siklodi-peter-markodi\/","title":{"rendered":"SIKL\u00d3DI P\u00e9ter, m\u00e1rkodi"},"content":{"rendered":"<p>M\u00e1rkod, 1905.,\u00a0\u2020?: keresked\u0151, cs\u00e9pl\u0151g\u00e9ptulajdonos. \u2013 K\u00f6z\u00e9piskol\u00e1t \u00e9s szakiskol\u00e1t v\u00e9gzett Mv.-en, majd keresked\u0151 lett, \u00e1tvette apj\u00e1t\u00f3l \u00fczlete vezet\u00e9s\u00e9t (1932). J\u00f3 keresked\u0151 volt, b\u00e9rcs\u00e9pl\u00e9ssel is foglalkozott, a hazafias \u00e9s kultur\u00e1lis egyes\u00fcletek t\u00e1mogat\u00f3ja volt. <br \/><strong>Irod.:<\/strong> Sz\u00e9kelyf\u00f6ld \u00ed. k.<\/br><\/p>\n","protected":false},"excerpt":{"rendered":"<p>M\u00e1rkod, 1905.,\u00a0\u2020?: keresked\u0151, cs\u00e9pl\u0151g\u00e9ptulajdonos. \u2013 K\u00f6z\u00e9piskol\u00e1t \u00e9s szakiskol\u00e1t v\u00e9gzett Mv.-en, majd keresked\u0151 lett, \u00e1tvette apj\u00e1t\u00f3l \u00fczlete vezet\u00e9s\u00e9t (1932). J\u00f3 keresked\u0151 volt, b\u00e9rcs\u00e9pl\u00e9ssel is foglalkozott, a hazafias \u00e9s kultur\u00e1lis egyes\u00fcletek t\u00e1mogat\u00f3ja volt. Irod.: Sz\u00e9kelyf\u00f6ld \u00ed. k.<\/p>\n","protected":false},"featured_media":0,"comment_status":"open","ping_status":"closed","template":"","meta":[],"product_brand":[],"product_cat":[137],"product_tag":[],"class_list":{"0":"post-20276","1":"product","2":"type-product","3":"status-publish","5":"product_cat-maros-megyei-eletrajzi-lexikon","7":"first","8":"instock","9":"shipping-taxable","10":"product-type-simple"},"_links":{"self":[{"href":"https:\/\/uj.adatbank.ro\/lexikon\/wp-json\/wp\/v2\/product\/20276","targetHints":{"allow":["GET"]}}],"collection":[{"href":"https:\/\/uj.adatbank.ro\/lexikon\/wp-json\/wp\/v2\/product"}],"about":[{"href":"https:\/\/uj.adatbank.ro\/lexikon\/wp-json\/wp\/v2\/types\/product"}],"replies":[{"embeddable":true,"href":"https:\/\/uj.adatbank.ro\/lexikon\/wp-json\/wp\/v2\/comments?post=20276"}],"wp:attachment":[{"href":"https:\/\/uj.adatbank.ro\/lexikon\/wp-json\/wp\/v2\/media?parent=20276"}],"wp:term":[{"taxonomy":"product_brand","embeddable":true,"href":"https:\/\/uj.adatbank.ro\/lexikon\/wp-json\/wp\/v2\/product_brand?post=20276"},{"taxonomy":"product_cat","embeddable":true,"href":"https:\/\/uj.adatbank.ro\/lexikon\/wp-json\/wp\/v2\/product_cat?post=20276"},{"taxonomy":"product_tag","embeddable":true,"href":"https:\/\/uj.adatbank.ro\/lexikon\/wp-json\/wp\/v2\/product_tag?post=20276"}],"curies":[{"name":"wp","href":"https:\/\/api.w.org\/{rel}","templated":true}]}}