{"id":2028,"date":"2025-06-28T12:01:26","date_gmt":"2025-06-28T10:01:26","guid":{"rendered":"https:\/\/uj.adatbank.ro\/lexikon\/termek\/balint-karoly-2\/"},"modified":"2025-06-28T12:01:26","modified_gmt":"2025-06-28T10:01:26","slug":"balint-karoly-2","status":"publish","type":"product","link":"https:\/\/uj.adatbank.ro\/lexikon\/termek\/balint-karoly-2\/","title":{"rendered":"B\u00c1LINT K\u00e1roly"},"content":{"rendered":"<p>Csern\u00e1tonfalu, 1927. jan. 27. \u2020 ? : orvos. \u2013 Feles\u00e9ge Kiss Ella (Sz\u00e1szfalu, 1926. m\u00e1j. 7.). Gyerekeik: 1. B\u00e1lint Bard\u00f3cz Melinda (1953. febr. 15.), nyugd\u00edjas eg\u00e9szs\u00e9g\u00fcgyi asszisztens, Mv.-r\u0151l Gyul\u00e1ra k\u00f6lt\u00f6z\u00f6tt; Bard\u00f3cz L\u00f3r\u00e1nt, traumatol\u00f3gus orvos; 2. B\u00e1lint Istv\u00e1n (1956. \u00e1pr. 27.), Csern\u00e1tfaluban eg\u00e9szs\u00e9g\u00fcgyi asszisztens. <br \/><strong>Irod.:<\/strong> B\u00e1r\u00e1nyi L. I.<\/br><\/p>\n","protected":false},"excerpt":{"rendered":"<p>Csern\u00e1tonfalu, 1927. jan. 27. \u2020 ? : orvos. \u2013 Feles\u00e9ge Kiss Ella (Sz\u00e1szfalu, 1926. m\u00e1j. 7.). Gyerekeik: 1. B\u00e1lint Bard\u00f3cz Melinda (1953. febr. 15.), nyugd\u00edjas eg\u00e9szs\u00e9g\u00fcgyi asszisztens, Mv.-r\u0151l Gyul\u00e1ra k\u00f6lt\u00f6z\u00f6tt; Bard\u00f3cz L\u00f3r\u00e1nt, traumatol\u00f3gus orvos; 2. B\u00e1lint Istv\u00e1n (1956. \u00e1pr. 27.), Csern\u00e1tfaluban eg\u00e9szs\u00e9g\u00fcgyi asszisztens. Irod.: B\u00e1r\u00e1nyi L. I.<\/p>\n","protected":false},"featured_media":0,"comment_status":"open","ping_status":"closed","template":"","meta":[],"product_brand":[],"product_cat":[137],"product_tag":[],"class_list":{"0":"post-2028","1":"product","2":"type-product","3":"status-publish","5":"product_cat-maros-megyei-eletrajzi-lexikon","7":"first","8":"instock","9":"shipping-taxable","10":"product-type-simple"},"_links":{"self":[{"href":"https:\/\/uj.adatbank.ro\/lexikon\/wp-json\/wp\/v2\/product\/2028","targetHints":{"allow":["GET"]}}],"collection":[{"href":"https:\/\/uj.adatbank.ro\/lexikon\/wp-json\/wp\/v2\/product"}],"about":[{"href":"https:\/\/uj.adatbank.ro\/lexikon\/wp-json\/wp\/v2\/types\/product"}],"replies":[{"embeddable":true,"href":"https:\/\/uj.adatbank.ro\/lexikon\/wp-json\/wp\/v2\/comments?post=2028"}],"wp:attachment":[{"href":"https:\/\/uj.adatbank.ro\/lexikon\/wp-json\/wp\/v2\/media?parent=2028"}],"wp:term":[{"taxonomy":"product_brand","embeddable":true,"href":"https:\/\/uj.adatbank.ro\/lexikon\/wp-json\/wp\/v2\/product_brand?post=2028"},{"taxonomy":"product_cat","embeddable":true,"href":"https:\/\/uj.adatbank.ro\/lexikon\/wp-json\/wp\/v2\/product_cat?post=2028"},{"taxonomy":"product_tag","embeddable":true,"href":"https:\/\/uj.adatbank.ro\/lexikon\/wp-json\/wp\/v2\/product_tag?post=2028"}],"curies":[{"name":"wp","href":"https:\/\/api.w.org\/{rel}","templated":true}]}}