{"id":20280,"date":"2025-07-22T18:43:06","date_gmt":"2025-07-22T16:43:06","guid":{"rendered":"https:\/\/uj.adatbank.ro\/lexikon\/termek\/siklodi-sandor-4\/"},"modified":"2025-07-22T18:43:06","modified_gmt":"2025-07-22T16:43:06","slug":"siklodi-sandor-4","status":"publish","type":"product","link":"https:\/\/uj.adatbank.ro\/lexikon\/termek\/siklodi-sandor-4\/","title":{"rendered":"SIKL\u00d3DI S\u00e1ndor"},"content":{"rendered":"<p>Mv., 1945., \u2020\u00a0Mv., 1990. m\u00e1rc. 14.,: t\u00e1ncm\u0171v\u00e9sz. \u2013 A Maros M\u0171v\u00e9szegy\u00fcttes tagja. <br \/><strong>Irod.:<\/strong> [Nekrol\u00f3g] (N\u00fa., 1990. m\u00e1rc. 15.).<\/br><\/p>\n","protected":false},"excerpt":{"rendered":"<p>Mv., 1945., \u2020\u00a0Mv., 1990. m\u00e1rc. 14.,: t\u00e1ncm\u0171v\u00e9sz. \u2013 A Maros M\u0171v\u00e9szegy\u00fcttes tagja. Irod.: [Nekrol\u00f3g] (N\u00fa., 1990. m\u00e1rc. 15.).<\/p>\n","protected":false},"featured_media":0,"comment_status":"open","ping_status":"closed","template":"","meta":[],"product_brand":[],"product_cat":[137],"product_tag":[],"class_list":{"0":"post-20280","1":"product","2":"type-product","3":"status-publish","5":"product_cat-maros-megyei-eletrajzi-lexikon","7":"first","8":"instock","9":"shipping-taxable","10":"product-type-simple"},"_links":{"self":[{"href":"https:\/\/uj.adatbank.ro\/lexikon\/wp-json\/wp\/v2\/product\/20280","targetHints":{"allow":["GET"]}}],"collection":[{"href":"https:\/\/uj.adatbank.ro\/lexikon\/wp-json\/wp\/v2\/product"}],"about":[{"href":"https:\/\/uj.adatbank.ro\/lexikon\/wp-json\/wp\/v2\/types\/product"}],"replies":[{"embeddable":true,"href":"https:\/\/uj.adatbank.ro\/lexikon\/wp-json\/wp\/v2\/comments?post=20280"}],"wp:attachment":[{"href":"https:\/\/uj.adatbank.ro\/lexikon\/wp-json\/wp\/v2\/media?parent=20280"}],"wp:term":[{"taxonomy":"product_brand","embeddable":true,"href":"https:\/\/uj.adatbank.ro\/lexikon\/wp-json\/wp\/v2\/product_brand?post=20280"},{"taxonomy":"product_cat","embeddable":true,"href":"https:\/\/uj.adatbank.ro\/lexikon\/wp-json\/wp\/v2\/product_cat?post=20280"},{"taxonomy":"product_tag","embeddable":true,"href":"https:\/\/uj.adatbank.ro\/lexikon\/wp-json\/wp\/v2\/product_tag?post=20280"}],"curies":[{"name":"wp","href":"https:\/\/api.w.org\/{rel}","templated":true}]}}