{"id":20281,"date":"2025-07-22T18:43:07","date_gmt":"2025-07-22T16:43:07","guid":{"rendered":"https:\/\/uj.adatbank.ro\/lexikon\/termek\/siklodi-zsolt\/"},"modified":"2025-07-22T18:43:07","modified_gmt":"2025-07-22T16:43:07","slug":"siklodi-zsolt","status":"publish","type":"product","link":"https:\/\/uj.adatbank.ro\/lexikon\/termek\/siklodi-zsolt\/","title":{"rendered":"SIKL\u00d3DI Zsolt"},"content":{"rendered":"<p>Szov\u00e1ta, 1966. \u2020 Szov\u00e1ta, 2017: k\u00e9pz\u0151m\u0171v\u00e9sz. \u2013 Szov\u00e1t\u00e1n kezdte a tanulm\u00e1nyait, Mv.-en a M\u0171v\u00e9szeti K\u00f6z\u00e9piskol\u00e1ban tanult \u00e9s folytatta Kv.-on, a Ion Andreescu K\u00e9pz\u0151m\u0171v. F\u0151iskol\u00e1ban v\u00e9gzett. Rajztan\u00e1r a sz\u00e9kelyudvarhelyi Pall\u00f3 Imre Zene- \u00e9s K\u00e9pz\u0151m\u0171v\u00e9szeti l\u00edc.-ban, majd igazgat\u00f3 a M\u0171v\u00e9szeti \u00e9s Kultur\u00e1lis K\u00f6zpontban Gyergy\u00f3sz\u00e1rhegyen, Szov\u00e1t\u00e1n a Kusztos Endre K\u00e9pz\u0151m\u0171v\u00e9szeti Egyes\u00fclet eln\u00f6ke. L\u00e9trehozta a Kork\u00e9p c\u00edm\u0171 kort\u00e1rs k\u00e9pz\u0151m\u0171v\u00e9szti foly\u00f3iratot (2011). Olajk\u00e9peket, metszeteket, digit\u00e1lis printeket, nyomatokat, fa, k\u0151 \u00e9s bronz szobrokat alkotott, a film- \u00e9s fot\u00f3m\u0171v\u00e9szet, k\u00e9pgrafika is foglalkoztatta. K\u00fclf\u00f6ld\u00f6n j\u00e1rt rezidensprogrammal, volt Jap\u00e1nban, Indi\u00e1ban, D\u00e9l-Kore\u00e1ban \u00e9s Mo.-on. D\u00edjai: Rom\u00e1n Orsz\u00e1gos grafikai d\u00edj (1994), a magyar Nemzeti Kultur\u00e1lis \u00d6r\u00f6ks\u00e9g Miniszt\u00e9riuma m\u0171v\u00e9szetpedag\u00f3giai d\u00edja (2006) \u00e9s alkot\u00f3i \u00f6szt\u00f6nd\u00edjban is r\u00e9szes\u00fclt. <br \/><strong>Irod.:<\/strong> 100 \u00e9v; Bocskay Vince: Halotti besz\u00e9d Sikl\u00f3di Zsolt kopors\u00f3j\u00e1n\u00e1l (N\u00fa., 2017. \u00e1pr.15.); Nagy Mikl\u00f3s Kund: Imm\u00e1r a csend (N\u00fa., 2017. \u00e1pr.15.).<\/br><\/p>\n","protected":false},"excerpt":{"rendered":"<p>Szov\u00e1ta, 1966. \u2020 Szov\u00e1ta, 2017: k\u00e9pz\u0151m\u0171v\u00e9sz. \u2013 Szov\u00e1t\u00e1n kezdte a tanulm\u00e1nyait, Mv.-en a M\u0171v\u00e9szeti K\u00f6z\u00e9piskol\u00e1ban tanult \u00e9s folytatta Kv.-on, a Ion Andreescu K\u00e9pz\u0151m\u0171v. F\u0151iskol\u00e1ban v\u00e9gzett. Rajztan\u00e1r a sz\u00e9kelyudvarhelyi Pall\u00f3 Imre Zene- \u00e9s K\u00e9pz\u0151m\u0171v\u00e9szeti l\u00edc.-ban, majd igazgat\u00f3 a M\u0171v\u00e9szeti \u00e9s Kultur\u00e1lis K\u00f6zpontban Gyergy\u00f3sz\u00e1rhegyen, Szov\u00e1t\u00e1n a Kusztos Endre K\u00e9pz\u0151m\u0171v\u00e9szeti Egyes\u00fclet eln\u00f6ke. L\u00e9trehozta a Kork\u00e9p c\u00edm\u0171 kort\u00e1rs k\u00e9pz\u0151m\u0171v\u00e9szti [&hellip;]<\/p>\n","protected":false},"featured_media":0,"comment_status":"open","ping_status":"closed","template":"","meta":[],"product_brand":[],"product_cat":[137],"product_tag":[],"class_list":{"0":"post-20281","1":"product","2":"type-product","3":"status-publish","5":"product_cat-maros-megyei-eletrajzi-lexikon","7":"first","8":"instock","9":"shipping-taxable","10":"product-type-simple"},"_links":{"self":[{"href":"https:\/\/uj.adatbank.ro\/lexikon\/wp-json\/wp\/v2\/product\/20281","targetHints":{"allow":["GET"]}}],"collection":[{"href":"https:\/\/uj.adatbank.ro\/lexikon\/wp-json\/wp\/v2\/product"}],"about":[{"href":"https:\/\/uj.adatbank.ro\/lexikon\/wp-json\/wp\/v2\/types\/product"}],"replies":[{"embeddable":true,"href":"https:\/\/uj.adatbank.ro\/lexikon\/wp-json\/wp\/v2\/comments?post=20281"}],"wp:attachment":[{"href":"https:\/\/uj.adatbank.ro\/lexikon\/wp-json\/wp\/v2\/media?parent=20281"}],"wp:term":[{"taxonomy":"product_brand","embeddable":true,"href":"https:\/\/uj.adatbank.ro\/lexikon\/wp-json\/wp\/v2\/product_brand?post=20281"},{"taxonomy":"product_cat","embeddable":true,"href":"https:\/\/uj.adatbank.ro\/lexikon\/wp-json\/wp\/v2\/product_cat?post=20281"},{"taxonomy":"product_tag","embeddable":true,"href":"https:\/\/uj.adatbank.ro\/lexikon\/wp-json\/wp\/v2\/product_tag?post=20281"}],"curies":[{"name":"wp","href":"https:\/\/api.w.org\/{rel}","templated":true}]}}