{"id":20282,"date":"2025-07-22T18:43:10","date_gmt":"2025-07-22T16:43:10","guid":{"rendered":"https:\/\/uj.adatbank.ro\/lexikon\/termek\/siklodi-markodi-erno\/"},"modified":"2025-07-22T18:43:10","modified_gmt":"2025-07-22T16:43:10","slug":"siklodi-markodi-erno","status":"publish","type":"product","link":"https:\/\/uj.adatbank.ro\/lexikon\/termek\/siklodi-markodi-erno\/","title":{"rendered":"SIKL\u00d3DI-M\u00c1RKODI Ern\u0151"},"content":{"rendered":"<p>? \u2020?: fest\u0151. \u2013 Ihletforr\u00e1sa a falu, a t\u00f6rt\u00e9nelmi esem\u00e9nyek- \u00e9s szerepl\u0151k voltak. Sz\u00e1mtalan t\u00f6rt\u00e9nelmi t\u00e1rgy\u00fa k\u00e9pet festett: Pet\u0151fi, Erkel, Forradalom, 1907. <br \/><strong>Irod.:<\/strong> Szab\u00f3\u2013K\u00e1llai.<\/br><\/p>\n","protected":false},"excerpt":{"rendered":"<p>? \u2020?: fest\u0151. \u2013 Ihletforr\u00e1sa a falu, a t\u00f6rt\u00e9nelmi esem\u00e9nyek- \u00e9s szerepl\u0151k voltak. Sz\u00e1mtalan t\u00f6rt\u00e9nelmi t\u00e1rgy\u00fa k\u00e9pet festett: Pet\u0151fi, Erkel, Forradalom, 1907. Irod.: Szab\u00f3\u2013K\u00e1llai.<\/p>\n","protected":false},"featured_media":0,"comment_status":"open","ping_status":"closed","template":"","meta":[],"product_brand":[],"product_cat":[137],"product_tag":[],"class_list":{"0":"post-20282","1":"product","2":"type-product","3":"status-publish","5":"product_cat-maros-megyei-eletrajzi-lexikon","7":"first","8":"instock","9":"shipping-taxable","10":"product-type-simple"},"_links":{"self":[{"href":"https:\/\/uj.adatbank.ro\/lexikon\/wp-json\/wp\/v2\/product\/20282","targetHints":{"allow":["GET"]}}],"collection":[{"href":"https:\/\/uj.adatbank.ro\/lexikon\/wp-json\/wp\/v2\/product"}],"about":[{"href":"https:\/\/uj.adatbank.ro\/lexikon\/wp-json\/wp\/v2\/types\/product"}],"replies":[{"embeddable":true,"href":"https:\/\/uj.adatbank.ro\/lexikon\/wp-json\/wp\/v2\/comments?post=20282"}],"wp:attachment":[{"href":"https:\/\/uj.adatbank.ro\/lexikon\/wp-json\/wp\/v2\/media?parent=20282"}],"wp:term":[{"taxonomy":"product_brand","embeddable":true,"href":"https:\/\/uj.adatbank.ro\/lexikon\/wp-json\/wp\/v2\/product_brand?post=20282"},{"taxonomy":"product_cat","embeddable":true,"href":"https:\/\/uj.adatbank.ro\/lexikon\/wp-json\/wp\/v2\/product_cat?post=20282"},{"taxonomy":"product_tag","embeddable":true,"href":"https:\/\/uj.adatbank.ro\/lexikon\/wp-json\/wp\/v2\/product_tag?post=20282"}],"curies":[{"name":"wp","href":"https:\/\/api.w.org\/{rel}","templated":true}]}}