{"id":20283,"date":"2025-07-22T18:43:12","date_gmt":"2025-07-22T16:43:12","guid":{"rendered":"https:\/\/uj.adatbank.ro\/lexikon\/termek\/siklody-galfalvi-csalad\/"},"modified":"2025-07-22T18:43:12","modified_gmt":"2025-07-22T16:43:12","slug":"siklody-galfalvi-csalad","status":"publish","type":"product","link":"https:\/\/uj.adatbank.ro\/lexikon\/termek\/siklody-galfalvi-csalad\/","title":{"rendered":"SIKL\u00d3DY, g\u00e1lfalvi csal\u00e1d"},"content":{"rendered":"<p>Nagy Iv\u00e1n \u00e1ltal (X\u2013182.) eml\u00edtett csal\u00e1d a XVI. sz\u00e1zadb\u00f3l. <br \/><strong>Irod.:<\/strong> Kempelen; Nagy Iv\u00e1n.<\/br><\/p>\n","protected":false},"excerpt":{"rendered":"<p>Nagy Iv\u00e1n \u00e1ltal (X\u2013182.) eml\u00edtett csal\u00e1d a XVI. sz\u00e1zadb\u00f3l. Irod.: Kempelen; Nagy Iv\u00e1n.<\/p>\n","protected":false},"featured_media":0,"comment_status":"open","ping_status":"closed","template":"","meta":[],"product_brand":[],"product_cat":[137],"product_tag":[],"class_list":{"0":"post-20283","1":"product","2":"type-product","3":"status-publish","5":"product_cat-maros-megyei-eletrajzi-lexikon","7":"first","8":"instock","9":"shipping-taxable","10":"product-type-simple"},"_links":{"self":[{"href":"https:\/\/uj.adatbank.ro\/lexikon\/wp-json\/wp\/v2\/product\/20283","targetHints":{"allow":["GET"]}}],"collection":[{"href":"https:\/\/uj.adatbank.ro\/lexikon\/wp-json\/wp\/v2\/product"}],"about":[{"href":"https:\/\/uj.adatbank.ro\/lexikon\/wp-json\/wp\/v2\/types\/product"}],"replies":[{"embeddable":true,"href":"https:\/\/uj.adatbank.ro\/lexikon\/wp-json\/wp\/v2\/comments?post=20283"}],"wp:attachment":[{"href":"https:\/\/uj.adatbank.ro\/lexikon\/wp-json\/wp\/v2\/media?parent=20283"}],"wp:term":[{"taxonomy":"product_brand","embeddable":true,"href":"https:\/\/uj.adatbank.ro\/lexikon\/wp-json\/wp\/v2\/product_brand?post=20283"},{"taxonomy":"product_cat","embeddable":true,"href":"https:\/\/uj.adatbank.ro\/lexikon\/wp-json\/wp\/v2\/product_cat?post=20283"},{"taxonomy":"product_tag","embeddable":true,"href":"https:\/\/uj.adatbank.ro\/lexikon\/wp-json\/wp\/v2\/product_tag?post=20283"}],"curies":[{"name":"wp","href":"https:\/\/api.w.org\/{rel}","templated":true}]}}