{"id":20285,"date":"2025-07-22T18:43:16","date_gmt":"2025-07-22T16:43:16","guid":{"rendered":"https:\/\/uj.adatbank.ro\/lexikon\/termek\/siklody-tibor-%c2%a7-siklodi\/"},"modified":"2025-07-22T18:43:16","modified_gmt":"2025-07-22T16:43:16","slug":"siklody-tibor-%c2%a7-siklodi","status":"publish","type":"product","link":"https:\/\/uj.adatbank.ro\/lexikon\/termek\/siklody-tibor-%c2%a7-siklodi\/","title":{"rendered":"SIKL\u00d3DY Tibor, \u00a7 Sikl\u00f3di"},"content":{"rendered":"<p>Mez\u0151b\u00e1nd, 1929. m\u00e1j. 5., \u2020\u00a0Mv., 2009. febr. 9.: fest\u0151m\u0171v\u00e9sz. \u2013 Mv.-en t\u00f6lt\u00f6tte gyermek- \u00e9s ifj\u00fakor\u00e1t, itt \u00e9retts\u00e9gizett, a V\u00e1rosi Szabad Fest\u0151iskola (1945\u201348) tagja volt, tan\u00e1ra Bordi Andr\u00e1s, az \u0151 biztat\u00e1s\u00e1ra l\u00e9pett a m\u0171v\u00e9szp\u00e1ly\u00e1ra, elv\u00e9gezte Kv.-on a Ion Andreescu K\u00e9pz\u0151m\u0171v\u00e9szeti Int\u00e9zetet (1948\u201354). K\u00e1d\u00e1r Tibor, Kov\u00e1cs Zolt\u00e1n, Mikl\u00f3ssi G\u00e1bor, Mohi S\u00e1ndor voltak tan\u00e1rai. Visszat\u00e9rt Mv.-re, a MOGYI Anat\u00f3mia Tansz\u00e9k\u00e9n rajzol\u00f3 (1954\u201365). Mint fest\u0151 Mv.-en jelentkezett (1947), rendszeresen r\u00e9szt vett a megyei k\u00e9pz\u0151m\u0171v\u00e9szeti ki\u00e1ll\u00edt\u00e1sokon (1954\u2013). Olajban, akvarellben \u00e9s gouache-ban k\u00e9sz\u00fclt t\u00e1jk\u00e9pein a term\u00e9szeti l\u00e1tv\u00e1ny l\u00edrai-ballad\u00e1s hangulat\u00fa r\u00f6gz\u00edt\u00e9s\u00e9t\u0151l \u00f6sszegz\u0151 m\u0171vek megalkot\u00e1sa fel\u00e9 haladt. Tagja a Rom. K\u00e9pz\u0151m\u0171v\u00e9szek Orsz\u00e1gos Sz\u00f6vets\u00e9ge mv.-i fi\u00f3kj\u00e1nak (1956\u2013), a M. K\u00e9pz\u0151-, \u00e9s Iparm\u0171v\u00e9szek T\u00e1rsas\u00e1g\u00e1nak. Megszervezte \u00e9s ir\u00e1ny\u00edtotta a mv.-i Szakszervezetek M\u0171vel\u0151d\u00e9si H\u00e1z\u00e1nak k\u00e9pz\u0151m\u0171v\u00e9szeti k\u00f6r\u00e9t. R\u00e9szt vett az Armonia Elisabet \u00e9s Gheorghe David marosszentgy\u00f6rgyi \u00e9s sz\u00e9kelyk\u00e1li m\u0171v\u00e9szt\u00e1boraiban (1992, 1993, 1994) \u00e9s a hajd\u00fab\u00f6sz\u00f6rm\u00e9nyi, vajdahunyadi, d\u00e9vai, Piatra-Neam\u0163-i alkot\u00f3t\u00e1borokban. Gy\u0171jtem\u00e9nyekben: mv.-i, besztercei, Piatra-Neam\u0163-i, sz\u00e9kelykereszt\u00fari, sz\u00e9kelyudvarhelyi, kov\u00e1sznai, sz\u00e1rhegyi \u00e1llami gy\u0171jtem\u00e9nyekben t\u00f6bb mint 80 alkot\u00e1sa tal\u00e1lhat\u00f3. Mag\u00e1ngy\u0171jtem\u00e9nyekben is vannak munk\u00e1i Mv.-en \u00e9s m\u00e1s rom\u00e1niai v\u00e1rosokban, N\u00e9meto.-ban, Franciao.-ban, Sv\u00e9do.-ban, Sv\u00e1jcban, Izraelben, Mo.-on, Ausztri\u00e1ban \u00e9s az AE\u00c1-ban. A mv.-i K\u00e9pz\u0151m\u0171v\u00e9szeti Sz\u00f6vets\u00e9g kit\u00fcntetettje (1994. m\u00e1j. 5.). \u2013 <strong><strong>F. ki\u00e1ll.:<\/strong> egy\u00e9ni:<\/strong> Mv. (1967, 1978, 1981, 1982, 1985, 1987, 1988, 1992, 1994, 1999, 2002); Sz\u00e9kelyudvarhely (1967, 1972); Sz\u00e9kelykereszt\u00far (1968); Ny\u00e1r\u00e1dszereda (1978); <strong>csoportos:<\/strong> r\u00e9szt vett minden tartom\u00e1nyi, megyei \u00e9s orsz\u00e1gos ki\u00e1ll.: Kv., Sz\u00e1szr\u00e9gen, Bar\u00f3t, Kov\u00e1szna, D\u00e9va, Dics\u0151szentm\u00e1rton, Sepsiszentgy\u00f6rgy, Cs\u00edkszereda, Sz\u00e9kelykereszt\u00far, K\u00e9zdiv\u00e1s\u00e1rhely, Gyergy\u00f3szentmikl\u00f3s, Szatm\u00e1rn\u00e9meti, Mv. (1947\u2013, 1970, 1971, 1974, 1975, 1976, 1978, 1979, 1983, 1994, 1995, 1997); Buk. (1969, 1970, 1973, 1979); Hajd\u00faszoboszl\u00f3 (1970); New York (1974); Bp. (1990, 1993, 1996, 2000, 2002); Zalaegerszeg, Kaposv\u00e1r, Keszthely (1993); Kecskem\u00e9t (1998). \u2013 <strong>F. m.<\/strong>: Vihar, \u0150sz, H\u00e1zak, Kov\u00e1sznai naplemente, Falu sz\u00e9le, Domboldal, H\u00f3foltok, stb. <br \/><strong>Irod.:<\/strong> 100 \u00e9v; artportal; Arck\u00e9pcsarnok (Igaz Sz\u00f3, 1972, 11. sz.); csal\u00e1di inf.; Banner; \u00c9ltet\u0151 J\u00f3zsef: S. T. (\u00daj \u00c9let, 1988, 4. sz.); EMKK 2000; Gal\u00e9ria a Bern\u00e1dy H\u00e1zban; Gy\u00e1rf\u00e1s L. Mikl\u00f3s 2013.; Gy\u00e1rf\u00e1s L. Mikl\u00f3s: S. T. (V. Z., 1981. szept. 27.); Henter Gy\u00f6rgy: S. T. fest\u0151m\u0171v\u00e9sz (\u00daj kezdet, 2009. m\u00e1rc., 3. sz.); Katona Szab\u00f3 Istv\u00e1n: Az \u00daj \u00c9let lexikona, 129. (\u00daj \u00c9let, 1975, 22. sz.); Kelemen Ferenc: Kapaszkod\u00f3 gy\u00f6kerek (Erd\u00e9lyi Figyel\u0151, 1994, 3. sz.); Kiss P\u00e1l M.; Kiss P\u00e1l M.: S. T. (M\u00fazeumi Kur\u00edr, Debrecen, 1979, 9. sz.); KKACs; Koch M\u00e1ria: S. T. fest\u0151m\u0171v\u00e9szn\u00e9l (V. Z., 1978. dec. 9.); Koch M\u00e1ria: A m\u0171v\u00e9szet \u2013 k\u00f6z\u00fcgy: R\u00f6vid besz\u00e9lget\u00e9s S. T. fest\u0151m\u0171v\u00e9sszel (V. Z., 1981. szept. 12.); L\u00e1z\u00e1r L\u00e1szl\u00f3: S. T. (egyik) sz\u00e1mvet\u00e9se (\u00daj \u00c9let, 1989, 9. sz.); Nagy Mikl\u00f3s Kund: \u00d6r\u00f6k fest\u0151i \u00e9lm\u00e1ny \u2013 a sz\u00fcl\u0151f\u00f6ld (V. Z., 1987. j\u00fal. 11.); Nagy M. K.; N\u00fa. (2004. m\u00e1j. 8.); Nagy Mikl\u00f3s Kund: T\u00e1jaink der\u0171je (V. Z., 1987. nov. 8.); Nagy Mikl\u00f3s Kund: \u00bbK\u00e9peimben benne az eg\u00e9sz \u00e9letem\u00ab (V. Z., 1989. m\u00e1j. 13.); Nagy Mikl\u00f3s Kund: Bels\u0151 t\u00e1jakon (N\u00fa., M\u00fazsa, 1999. m\u00e1j. 15.); Nagy Mikl\u00f3s Kund: Ne tegy\u00fck m\u00falt id\u0151be! (N\u00fa., M\u00fazsa, 873. sz., 2009. febr. 14.); Nagy P\u00e1l: Az eml\u00e9kez\u0151 m\u0171v\u00e9sz (\u00daj \u00c9let, 1978, 10. sz.); Polg\u00e1r Istv\u00e1n: Fest\u0151 a v\u00e1lasz\u00faton? (\u00daj \u00c9let, 1969, 10. sz.); RMIL; RMKK; Szab\u00f3\u2013K\u00e1llai; Todea 2013; T\u00f3falvi Z.: A benn\u00fcnk \u00e9l\u0151 t\u00e1j fest\u0151je (N\u00fa., 2002. nov. 9.); T\u00f3falvi Zolt\u00e1n: L\u00e9lekhez sz\u00f3l\u00f3 \u00fczenet (N\u00fa., M\u00fazsa, 147. sz., 1994. m\u00e1j. 13.).<\/br><\/p>\n","protected":false},"excerpt":{"rendered":"<p>Mez\u0151b\u00e1nd, 1929. m\u00e1j. 5., \u2020\u00a0Mv., 2009. febr. 9.: fest\u0151m\u0171v\u00e9sz. \u2013 Mv.-en t\u00f6lt\u00f6tte gyermek- \u00e9s ifj\u00fakor\u00e1t, itt \u00e9retts\u00e9gizett, a V\u00e1rosi Szabad Fest\u0151iskola (1945\u201348) tagja volt, tan\u00e1ra Bordi Andr\u00e1s, az \u0151 biztat\u00e1s\u00e1ra l\u00e9pett a m\u0171v\u00e9szp\u00e1ly\u00e1ra, elv\u00e9gezte Kv.-on a Ion Andreescu K\u00e9pz\u0151m\u0171v\u00e9szeti Int\u00e9zetet (1948\u201354). K\u00e1d\u00e1r Tibor, Kov\u00e1cs Zolt\u00e1n, Mikl\u00f3ssi G\u00e1bor, Mohi S\u00e1ndor voltak tan\u00e1rai. Visszat\u00e9rt Mv.-re, a MOGYI [&hellip;]<\/p>\n","protected":false},"featured_media":0,"comment_status":"open","ping_status":"closed","template":"","meta":[],"product_brand":[],"product_cat":[137],"product_tag":[],"class_list":{"0":"post-20285","1":"product","2":"type-product","3":"status-publish","5":"product_cat-maros-megyei-eletrajzi-lexikon","7":"first","8":"instock","9":"shipping-taxable","10":"product-type-simple"},"_links":{"self":[{"href":"https:\/\/uj.adatbank.ro\/lexikon\/wp-json\/wp\/v2\/product\/20285","targetHints":{"allow":["GET"]}}],"collection":[{"href":"https:\/\/uj.adatbank.ro\/lexikon\/wp-json\/wp\/v2\/product"}],"about":[{"href":"https:\/\/uj.adatbank.ro\/lexikon\/wp-json\/wp\/v2\/types\/product"}],"replies":[{"embeddable":true,"href":"https:\/\/uj.adatbank.ro\/lexikon\/wp-json\/wp\/v2\/comments?post=20285"}],"wp:attachment":[{"href":"https:\/\/uj.adatbank.ro\/lexikon\/wp-json\/wp\/v2\/media?parent=20285"}],"wp:term":[{"taxonomy":"product_brand","embeddable":true,"href":"https:\/\/uj.adatbank.ro\/lexikon\/wp-json\/wp\/v2\/product_brand?post=20285"},{"taxonomy":"product_cat","embeddable":true,"href":"https:\/\/uj.adatbank.ro\/lexikon\/wp-json\/wp\/v2\/product_cat?post=20285"},{"taxonomy":"product_tag","embeddable":true,"href":"https:\/\/uj.adatbank.ro\/lexikon\/wp-json\/wp\/v2\/product_tag?post=20285"}],"curies":[{"name":"wp","href":"https:\/\/api.w.org\/{rel}","templated":true}]}}