{"id":20286,"date":"2025-07-22T18:43:18","date_gmt":"2025-07-22T16:43:18","guid":{"rendered":"https:\/\/uj.adatbank.ro\/lexikon\/termek\/siklosi-peter\/"},"modified":"2025-07-22T18:43:18","modified_gmt":"2025-07-22T16:43:18","slug":"siklosi-peter","status":"publish","type":"product","link":"https:\/\/uj.adatbank.ro\/lexikon\/termek\/siklosi-peter\/","title":{"rendered":"SIKL\u00d3SI P\u00e9ter"},"content":{"rendered":"<p>? \u2020?: g\u00f6rg\u00e9nyi isp\u00e1n. \u2013 Szentgy\u00f6rgyi \u00e9s Bazini P\u00e9ter gr\u00f3f, erd\u00e9lyi vajda (1498\u20131510) megparancsolja g\u00f6rg\u00e9nyi isp\u00e1nj\u00e1nak, Sikl\u00f3si P\u00e9ternek \u2013 vagy alisp\u00e1nj\u00e1nak \u2013 \u00e9s a marossz\u00e9ki kir\u00e1lyb\u00edr\u00f3nak, hogy miut\u00e1n Barcsai G\u00e1sp\u00e1r az ellene Kib\u00e9di D\u00f3sa Mih\u00e1ly \u00e1ltal Kib\u00e9den \u00e9s Szentl\u0151rincen Marossz\u00e9kben fekv\u0151 s \u0150rl\u00f6cz nemben \u00e9s Szov\u00e1th \u00e1gon \u0151t illet\u0151 l\u00f3f\u0151s\u00e9g egyharmada ir\u00e1nt t\u00f6rv\u00e9nysz\u00e9ke el\u0151tt folytatott perben 48 m\u00e1rk\u00e1ban, azaz 24 arany forintban elmarasztaltatott, s az eml\u00edtett l\u00f3f\u0151s\u00e9g egyharmada D\u00f3sa Mih\u00e1lynak vissza\u00edt\u00e9ltetett, a 24 arany forintot Barcsai G\u00e1sp\u00e1r sz\u00e9kely \u00f6r\u00f6ks\u00e9geiben l\u00e9v\u0151 ingatlan javaib\u00f3l, k\u00e9tharmad r\u00e9szben neki mint b\u00edr\u00f3nak, egyharmadban D\u00f3sa Mih\u00e1lynak r\u00e9sz\u00e9re hajts\u00e1k f\u00f6l, s a k\u00e9rd\u00e9ses harmadr\u00e9sz l\u00f3f\u0151s\u00e9get \u00f6r\u00f6k birtokul adj\u00e1k vissza D\u00f3sa Mih\u00e1lynak \u00e9s marad\u00e9kainak. (Kelt Segesv\u00e1r, 1499. okt. 24). <br \/><strong>Irod.:<\/strong> SzOkl, 1.<\/br><\/p>\n","protected":false},"excerpt":{"rendered":"<p>? \u2020?: g\u00f6rg\u00e9nyi isp\u00e1n. \u2013 Szentgy\u00f6rgyi \u00e9s Bazini P\u00e9ter gr\u00f3f, erd\u00e9lyi vajda (1498\u20131510) megparancsolja g\u00f6rg\u00e9nyi isp\u00e1nj\u00e1nak, Sikl\u00f3si P\u00e9ternek \u2013 vagy alisp\u00e1nj\u00e1nak \u2013 \u00e9s a marossz\u00e9ki kir\u00e1lyb\u00edr\u00f3nak, hogy miut\u00e1n Barcsai G\u00e1sp\u00e1r az ellene Kib\u00e9di D\u00f3sa Mih\u00e1ly \u00e1ltal Kib\u00e9den \u00e9s Szentl\u0151rincen Marossz\u00e9kben fekv\u0151 s \u0150rl\u00f6cz nemben \u00e9s Szov\u00e1th \u00e1gon \u0151t illet\u0151 l\u00f3f\u0151s\u00e9g egyharmada ir\u00e1nt t\u00f6rv\u00e9nysz\u00e9ke el\u0151tt folytatott [&hellip;]<\/p>\n","protected":false},"featured_media":0,"comment_status":"open","ping_status":"closed","template":"","meta":[],"product_brand":[],"product_cat":[137],"product_tag":[],"class_list":{"0":"post-20286","1":"product","2":"type-product","3":"status-publish","5":"product_cat-maros-megyei-eletrajzi-lexikon","7":"first","8":"instock","9":"shipping-taxable","10":"product-type-simple"},"_links":{"self":[{"href":"https:\/\/uj.adatbank.ro\/lexikon\/wp-json\/wp\/v2\/product\/20286","targetHints":{"allow":["GET"]}}],"collection":[{"href":"https:\/\/uj.adatbank.ro\/lexikon\/wp-json\/wp\/v2\/product"}],"about":[{"href":"https:\/\/uj.adatbank.ro\/lexikon\/wp-json\/wp\/v2\/types\/product"}],"replies":[{"embeddable":true,"href":"https:\/\/uj.adatbank.ro\/lexikon\/wp-json\/wp\/v2\/comments?post=20286"}],"wp:attachment":[{"href":"https:\/\/uj.adatbank.ro\/lexikon\/wp-json\/wp\/v2\/media?parent=20286"}],"wp:term":[{"taxonomy":"product_brand","embeddable":true,"href":"https:\/\/uj.adatbank.ro\/lexikon\/wp-json\/wp\/v2\/product_brand?post=20286"},{"taxonomy":"product_cat","embeddable":true,"href":"https:\/\/uj.adatbank.ro\/lexikon\/wp-json\/wp\/v2\/product_cat?post=20286"},{"taxonomy":"product_tag","embeddable":true,"href":"https:\/\/uj.adatbank.ro\/lexikon\/wp-json\/wp\/v2\/product_tag?post=20286"}],"curies":[{"name":"wp","href":"https:\/\/api.w.org\/{rel}","templated":true}]}}