{"id":20291,"date":"2025-07-22T18:43:29","date_gmt":"2025-07-22T16:43:29","guid":{"rendered":"https:\/\/uj.adatbank.ro\/lexikon\/termek\/siko-arpad\/"},"modified":"2025-07-22T18:43:29","modified_gmt":"2025-07-22T16:43:29","slug":"siko-arpad","status":"publish","type":"product","link":"https:\/\/uj.adatbank.ro\/lexikon\/termek\/siko-arpad\/","title":{"rendered":"SIK\u00d3 \u00c1rp\u00e1d"},"content":{"rendered":"<p>? \u2020?: labdar\u00fag\u00f3. \u2013 J\u00e9gkorongoz\u00e1ssal kezdett sportolni, j\u00e1tszott ifj\u00fas\u00e1gik\u00e9nt a v\u00e1ros csapat\u00e1ban. K\u00e9zdiv\u00e1s\u00e1rhelyen ifj\u00fas\u00e1gi bajnoks\u00e1got is nyert. A labdar\u00fag\u00e1st 1965-ban kezdte a Vointa ificsapat\u00e1ban, ahol Kiss \u00c1rp\u00e1d volt az edz\u0151je. Tizenhat \u00e9vesen (1958) ker\u00fclt a feln\u0151tt csapatba, mely akkor a ker\u00fcleti bajnoks\u00e1gban szerepelt. A csapattal 1960-ban megnyert\u00e9k az oszt\u00e1lyoz\u00f3t, s beker\u00fcltek a B-div\u00edzi\u00f3ba, mellyel a megye reprezentat\u00edv csapat\u00e1v\u00e1 v\u00e1ltak. A mv.-i ASA-ban futballozott (1964\u2013). Az 1960\u20131970-es id\u0151szakban, amikor a v\u00e1ros reprezentat\u00edv csapat\u00e1ban j\u00e1tszott, 250 alkalommal l\u00e9pett p\u00e1ly\u00e1ra a B-oszt\u00e1lyban \u00e9s 110 esetben az A-oszt\u00e1lyban, s sz\u00e1mos g\u00f3lt szerzett, t\u00f6bbet tizenegyesb\u0151l. 1968-ban, k\u00f6zv\u00e9lem\u00e9ny-kutat\u00e1s eredm\u00e9nyek\u00e9ppen a megye els\u0151 t\u00edz sportol\u00f3ja k\u00f6z\u00e9 ker\u00fclt mint egyed\u00fcli labdar\u00fag\u00f3, s sok\u00e1ig a rom\u00e1n v\u00e1logatottn\u00e1l is sz\u00f3ba ker\u00fclt a neve. Visszavonult (1970). A Metalotehnic\u00e1n\u00e1l alkalmazt\u00e1k, ahol a sz\u00e1ll\u00edt\u00e1si oszt\u00e1lyt vezette, de mellette a v\u00e1llalat labdar\u00fag\u00f3 csapat\u00e1t is ir\u00e1ny\u00edtotta. A csapattal 1980-ban megnyert\u00e1k a megyei bajnoks\u00e1got, majd a CFR Suceava ellen az oszt\u00e1lyoz\u00f3t a C-div\u00edzi\u00f3ba jut\u00e1s\u00e9rt, ahol 1992-ig, am\u00edg anyagilag a v\u00e1ros \u00e9s v\u00e1llalat elfogadhat\u00f3 szinten tudta tartani az egy\u00fcttest, megszak\u00edt\u00e1s n\u00e9lk\u00fcl m\u0171k\u00f6d\u00f6tt. A csapat megsz\u0171nte ut\u00e1n visszavonult a sport\u00e9lett\u0151l. <br \/><strong>Irod.:<\/strong> Gh. Botezan: Sik\u00f3 \u00c1rp\u00e1d: Csak a sz\u00e9pre eml\u00e9kezem (N\u00fa., 2001. szept. 10).<\/br><\/p>\n","protected":false},"excerpt":{"rendered":"<p>? \u2020?: labdar\u00fag\u00f3. \u2013 J\u00e9gkorongoz\u00e1ssal kezdett sportolni, j\u00e1tszott ifj\u00fas\u00e1gik\u00e9nt a v\u00e1ros csapat\u00e1ban. K\u00e9zdiv\u00e1s\u00e1rhelyen ifj\u00fas\u00e1gi bajnoks\u00e1got is nyert. A labdar\u00fag\u00e1st 1965-ban kezdte a Vointa ificsapat\u00e1ban, ahol Kiss \u00c1rp\u00e1d volt az edz\u0151je. Tizenhat \u00e9vesen (1958) ker\u00fclt a feln\u0151tt csapatba, mely akkor a ker\u00fcleti bajnoks\u00e1gban szerepelt. A csapattal 1960-ban megnyert\u00e9k az oszt\u00e1lyoz\u00f3t, s beker\u00fcltek a B-div\u00edzi\u00f3ba, mellyel a [&hellip;]<\/p>\n","protected":false},"featured_media":0,"comment_status":"open","ping_status":"closed","template":"","meta":[],"product_brand":[],"product_cat":[137],"product_tag":[],"class_list":{"0":"post-20291","1":"product","2":"type-product","3":"status-publish","5":"product_cat-maros-megyei-eletrajzi-lexikon","7":"first","8":"instock","9":"shipping-taxable","10":"product-type-simple"},"_links":{"self":[{"href":"https:\/\/uj.adatbank.ro\/lexikon\/wp-json\/wp\/v2\/product\/20291","targetHints":{"allow":["GET"]}}],"collection":[{"href":"https:\/\/uj.adatbank.ro\/lexikon\/wp-json\/wp\/v2\/product"}],"about":[{"href":"https:\/\/uj.adatbank.ro\/lexikon\/wp-json\/wp\/v2\/types\/product"}],"replies":[{"embeddable":true,"href":"https:\/\/uj.adatbank.ro\/lexikon\/wp-json\/wp\/v2\/comments?post=20291"}],"wp:attachment":[{"href":"https:\/\/uj.adatbank.ro\/lexikon\/wp-json\/wp\/v2\/media?parent=20291"}],"wp:term":[{"taxonomy":"product_brand","embeddable":true,"href":"https:\/\/uj.adatbank.ro\/lexikon\/wp-json\/wp\/v2\/product_brand?post=20291"},{"taxonomy":"product_cat","embeddable":true,"href":"https:\/\/uj.adatbank.ro\/lexikon\/wp-json\/wp\/v2\/product_cat?post=20291"},{"taxonomy":"product_tag","embeddable":true,"href":"https:\/\/uj.adatbank.ro\/lexikon\/wp-json\/wp\/v2\/product_tag?post=20291"}],"curies":[{"name":"wp","href":"https:\/\/api.w.org\/{rel}","templated":true}]}}