{"id":20293,"date":"2025-07-22T18:43:35","date_gmt":"2025-07-22T16:43:35","guid":{"rendered":"https:\/\/uj.adatbank.ro\/lexikon\/termek\/siko-domokos-boloni\/"},"modified":"2025-07-22T18:43:35","modified_gmt":"2025-07-22T16:43:35","slug":"siko-domokos-boloni","status":"publish","type":"product","link":"https:\/\/uj.adatbank.ro\/lexikon\/termek\/siko-domokos-boloni\/","title":{"rendered":"SIK\u00d3 Domokos, b\u00f6l\u00f6ni"},"content":{"rendered":"<p>? \u2020?: fest\u0151. \u2013 Az OMSzM Grafikai oszt\u00e1ly\u00e1nak 76. ki\u00e1ll\u00edt\u00e1s\u00e1n szerepelt (1940. szept.): V\u00e1zlatk\u00f6nyv; Gr. Teleki S\u00e1ndorn\u00e9 sz\u00fcl. Gr. Teleki Jozefa; Gr. Teleki S\u00e1mueln\u00e9 sz\u00fcl. B\u00e1r\u00f3 Jeszen\u00e1k Lujza c. munk\u00e1ival, amelyek gr. Teleki Domokos tulajdon\u00e1ban voltak. <br \/><strong>Irod.:<\/strong> Hoffmann Edit: Az Orsz\u00e1gos M. Sz\u00e9pm\u0171v\u00e9szeti M\u00fazeum (Bp., 1940).<\/br><\/p>\n","protected":false},"excerpt":{"rendered":"<p>? \u2020?: fest\u0151. \u2013 Az OMSzM Grafikai oszt\u00e1ly\u00e1nak 76. ki\u00e1ll\u00edt\u00e1s\u00e1n szerepelt (1940. szept.): V\u00e1zlatk\u00f6nyv; Gr. Teleki S\u00e1ndorn\u00e9 sz\u00fcl. Gr. Teleki Jozefa; Gr. Teleki S\u00e1mueln\u00e9 sz\u00fcl. B\u00e1r\u00f3 Jeszen\u00e1k Lujza c. munk\u00e1ival, amelyek gr. Teleki Domokos tulajdon\u00e1ban voltak. Irod.: Hoffmann Edit: Az Orsz\u00e1gos M. Sz\u00e9pm\u0171v\u00e9szeti M\u00fazeum (Bp., 1940).<\/p>\n","protected":false},"featured_media":0,"comment_status":"open","ping_status":"closed","template":"","meta":[],"product_brand":[],"product_cat":[137],"product_tag":[],"class_list":{"0":"post-20293","1":"product","2":"type-product","3":"status-publish","5":"product_cat-maros-megyei-eletrajzi-lexikon","7":"first","8":"instock","9":"shipping-taxable","10":"product-type-simple"},"_links":{"self":[{"href":"https:\/\/uj.adatbank.ro\/lexikon\/wp-json\/wp\/v2\/product\/20293","targetHints":{"allow":["GET"]}}],"collection":[{"href":"https:\/\/uj.adatbank.ro\/lexikon\/wp-json\/wp\/v2\/product"}],"about":[{"href":"https:\/\/uj.adatbank.ro\/lexikon\/wp-json\/wp\/v2\/types\/product"}],"replies":[{"embeddable":true,"href":"https:\/\/uj.adatbank.ro\/lexikon\/wp-json\/wp\/v2\/comments?post=20293"}],"wp:attachment":[{"href":"https:\/\/uj.adatbank.ro\/lexikon\/wp-json\/wp\/v2\/media?parent=20293"}],"wp:term":[{"taxonomy":"product_brand","embeddable":true,"href":"https:\/\/uj.adatbank.ro\/lexikon\/wp-json\/wp\/v2\/product_brand?post=20293"},{"taxonomy":"product_cat","embeddable":true,"href":"https:\/\/uj.adatbank.ro\/lexikon\/wp-json\/wp\/v2\/product_cat?post=20293"},{"taxonomy":"product_tag","embeddable":true,"href":"https:\/\/uj.adatbank.ro\/lexikon\/wp-json\/wp\/v2\/product_tag?post=20293"}],"curies":[{"name":"wp","href":"https:\/\/api.w.org\/{rel}","templated":true}]}}