{"id":20297,"date":"2025-07-22T18:43:43","date_gmt":"2025-07-22T16:43:43","guid":{"rendered":"https:\/\/uj.adatbank.ro\/lexikon\/termek\/siko-jozsef\/"},"modified":"2025-07-22T18:43:43","modified_gmt":"2025-07-22T16:43:43","slug":"siko-jozsef","status":"publish","type":"product","link":"https:\/\/uj.adatbank.ro\/lexikon\/termek\/siko-jozsef\/","title":{"rendered":"SIK\u00d3 J\u00f3zsef"},"content":{"rendered":"<p>Mez\u0151panit, 1890., \u2020?: gazd\u00e1lkod\u00f3. \u2013 Iskol\u00e1i elv\u00e9gz\u00e9se ut\u00e1n gazd\u00e1lkodni tanult, \u00f6n\u00e1ll\u00f3 gazda lett sz\u00fcl\u0151faluj\u00e1ban (1910\u2013), mind term\u00e9nyeivel, mind \u00e1llataival t\u00f6bbsz\u00f6r vett r\u00e9szt ki\u00e1ll\u00edt\u00e1sokon, ahol d\u00edjakat nyert. Tekint\u00e9lyes polg\u00e1ra a k\u00f6zs\u00e9gnek, a K\u00f6zbirtokoss\u00e1g eln\u00f6ke, a sz\u00f6vetkezetek munk\u00e1j\u00e1ban tev\u00e9keny r\u00e9szt vett, minden kultur\u00e1lis \u00e9s szoci\u00e1lis int\u00e9zm\u00e9nyt t\u00e1mogatott. Az els\u0151 vh.-ban a 12. hegyi t\u00fcz\u00e9rezredben a szerb, orosz \u00e9s rom\u00e1n fronton harcolt. <br \/><strong>Irod.:<\/strong> Sz\u00e9kelyf\u00f6ld \u00ed. k.<\/br><\/p>\n","protected":false},"excerpt":{"rendered":"<p>Mez\u0151panit, 1890., \u2020?: gazd\u00e1lkod\u00f3. \u2013 Iskol\u00e1i elv\u00e9gz\u00e9se ut\u00e1n gazd\u00e1lkodni tanult, \u00f6n\u00e1ll\u00f3 gazda lett sz\u00fcl\u0151faluj\u00e1ban (1910\u2013), mind term\u00e9nyeivel, mind \u00e1llataival t\u00f6bbsz\u00f6r vett r\u00e9szt ki\u00e1ll\u00edt\u00e1sokon, ahol d\u00edjakat nyert. Tekint\u00e9lyes polg\u00e1ra a k\u00f6zs\u00e9gnek, a K\u00f6zbirtokoss\u00e1g eln\u00f6ke, a sz\u00f6vetkezetek munk\u00e1j\u00e1ban tev\u00e9keny r\u00e9szt vett, minden kultur\u00e1lis \u00e9s szoci\u00e1lis int\u00e9zm\u00e9nyt t\u00e1mogatott. Az els\u0151 vh.-ban a 12. hegyi t\u00fcz\u00e9rezredben a szerb, orosz [&hellip;]<\/p>\n","protected":false},"featured_media":0,"comment_status":"open","ping_status":"closed","template":"","meta":[],"product_brand":[],"product_cat":[137],"product_tag":[],"class_list":{"0":"post-20297","1":"product","2":"type-product","3":"status-publish","5":"product_cat-maros-megyei-eletrajzi-lexikon","7":"first","8":"instock","9":"shipping-taxable","10":"product-type-simple"},"_links":{"self":[{"href":"https:\/\/uj.adatbank.ro\/lexikon\/wp-json\/wp\/v2\/product\/20297","targetHints":{"allow":["GET"]}}],"collection":[{"href":"https:\/\/uj.adatbank.ro\/lexikon\/wp-json\/wp\/v2\/product"}],"about":[{"href":"https:\/\/uj.adatbank.ro\/lexikon\/wp-json\/wp\/v2\/types\/product"}],"replies":[{"embeddable":true,"href":"https:\/\/uj.adatbank.ro\/lexikon\/wp-json\/wp\/v2\/comments?post=20297"}],"wp:attachment":[{"href":"https:\/\/uj.adatbank.ro\/lexikon\/wp-json\/wp\/v2\/media?parent=20297"}],"wp:term":[{"taxonomy":"product_brand","embeddable":true,"href":"https:\/\/uj.adatbank.ro\/lexikon\/wp-json\/wp\/v2\/product_brand?post=20297"},{"taxonomy":"product_cat","embeddable":true,"href":"https:\/\/uj.adatbank.ro\/lexikon\/wp-json\/wp\/v2\/product_cat?post=20297"},{"taxonomy":"product_tag","embeddable":true,"href":"https:\/\/uj.adatbank.ro\/lexikon\/wp-json\/wp\/v2\/product_tag?post=20297"}],"curies":[{"name":"wp","href":"https:\/\/api.w.org\/{rel}","templated":true}]}}