{"id":20298,"date":"2025-07-22T18:43:45","date_gmt":"2025-07-22T16:43:45","guid":{"rendered":"https:\/\/uj.adatbank.ro\/lexikon\/termek\/siko-jozsef-2\/"},"modified":"2025-07-22T18:43:45","modified_gmt":"2025-07-22T16:43:45","slug":"siko-jozsef-2","status":"publish","type":"product","link":"https:\/\/uj.adatbank.ro\/lexikon\/termek\/siko-jozsef-2\/","title":{"rendered":"SIK\u00d3 J\u00f3zsef"},"content":{"rendered":"<p>? \u2020\u00a0\u00fcgyv\u00e9d, dr. \u2013 S. J\u00f3zsef \u00e9s Ga\u00e1l Borb\u00e1la fia. Testv\u00e9re S. Gergely. Feles\u00e9ge: Buday Annuska (1903? \u2013 Mv., 1935. j\u00fal. 21.). \u2013 A Gy\u00e1riparosok \u00e9s Munkaad\u00f3k Sz\u00f6vets\u00e9ge titk\u00e1ra volt (1929) Mv.-en. Az Erd\u00e9lyi Helikon mv.-i tagjai k\u00f6zt szerepelt (1930). <br \/><strong>Irod.:<\/strong> EBKL; Gy\u00e1szjelent\u0151; Marosi-Helikon.<\/br><\/p>\n","protected":false},"excerpt":{"rendered":"<p>? \u2020\u00a0\u00fcgyv\u00e9d, dr. \u2013 S. J\u00f3zsef \u00e9s Ga\u00e1l Borb\u00e1la fia. Testv\u00e9re S. Gergely. Feles\u00e9ge: Buday Annuska (1903? \u2013 Mv., 1935. j\u00fal. 21.). \u2013 A Gy\u00e1riparosok \u00e9s Munkaad\u00f3k Sz\u00f6vets\u00e9ge titk\u00e1ra volt (1929) Mv.-en. Az Erd\u00e9lyi Helikon mv.-i tagjai k\u00f6zt szerepelt (1930). Irod.: EBKL; Gy\u00e1szjelent\u0151; Marosi-Helikon.<\/p>\n","protected":false},"featured_media":0,"comment_status":"open","ping_status":"closed","template":"","meta":[],"product_brand":[],"product_cat":[137],"product_tag":[],"class_list":{"0":"post-20298","1":"product","2":"type-product","3":"status-publish","5":"product_cat-maros-megyei-eletrajzi-lexikon","7":"first","8":"instock","9":"shipping-taxable","10":"product-type-simple"},"_links":{"self":[{"href":"https:\/\/uj.adatbank.ro\/lexikon\/wp-json\/wp\/v2\/product\/20298","targetHints":{"allow":["GET"]}}],"collection":[{"href":"https:\/\/uj.adatbank.ro\/lexikon\/wp-json\/wp\/v2\/product"}],"about":[{"href":"https:\/\/uj.adatbank.ro\/lexikon\/wp-json\/wp\/v2\/types\/product"}],"replies":[{"embeddable":true,"href":"https:\/\/uj.adatbank.ro\/lexikon\/wp-json\/wp\/v2\/comments?post=20298"}],"wp:attachment":[{"href":"https:\/\/uj.adatbank.ro\/lexikon\/wp-json\/wp\/v2\/media?parent=20298"}],"wp:term":[{"taxonomy":"product_brand","embeddable":true,"href":"https:\/\/uj.adatbank.ro\/lexikon\/wp-json\/wp\/v2\/product_brand?post=20298"},{"taxonomy":"product_cat","embeddable":true,"href":"https:\/\/uj.adatbank.ro\/lexikon\/wp-json\/wp\/v2\/product_cat?post=20298"},{"taxonomy":"product_tag","embeddable":true,"href":"https:\/\/uj.adatbank.ro\/lexikon\/wp-json\/wp\/v2\/product_tag?post=20298"}],"curies":[{"name":"wp","href":"https:\/\/api.w.org\/{rel}","templated":true}]}}