{"id":2030,"date":"2025-06-28T12:01:32","date_gmt":"2025-06-28T10:01:32","guid":{"rendered":"https:\/\/uj.adatbank.ro\/lexikon\/termek\/balint-laszlo-mozes-r-p-balint-ladislaus\/"},"modified":"2025-06-28T12:01:32","modified_gmt":"2025-06-28T10:01:32","slug":"balint-laszlo-mozes-r-p-balint-ladislaus","status":"publish","type":"product","link":"https:\/\/uj.adatbank.ro\/lexikon\/termek\/balint-laszlo-mozes-r-p-balint-ladislaus\/","title":{"rendered":"B\u00c1LINT L\u00e1szl\u00f3 M\u00f3zes R. P., B\u00e1lint Ladislaus"},"content":{"rendered":"<p>Cs\u00edkkozm\u00e1s, 1843. j\u00fan. 1., \u2020\u00a0Mv., 1887. j\u00fal. 10. A mv.-i ferences bar\u00e1tok egykori temploma alatt l\u00e9v\u0151 kript\u00e1ban nyugszik: szerzetes. \u2013 Ideiglenes vezet\u0151, iskolaigazgat\u00f3. <br \/><strong>Irod.:<\/strong> Gy\u00e1szjelent\u0151; Gy\u00f6rgy: A ferencrendiek; Pantheon<\/br><\/p>\n","protected":false},"excerpt":{"rendered":"<p>Cs\u00edkkozm\u00e1s, 1843. j\u00fan. 1., \u2020\u00a0Mv., 1887. j\u00fal. 10. A mv.-i ferences bar\u00e1tok egykori temploma alatt l\u00e9v\u0151 kript\u00e1ban nyugszik: szerzetes. \u2013 Ideiglenes vezet\u0151, iskolaigazgat\u00f3. Irod.: Gy\u00e1szjelent\u0151; Gy\u00f6rgy: A ferencrendiek; Pantheon<\/p>\n","protected":false},"featured_media":0,"comment_status":"open","ping_status":"closed","template":"","meta":[],"product_brand":[],"product_cat":[137],"product_tag":[],"class_list":{"0":"post-2030","1":"product","2":"type-product","3":"status-publish","5":"product_cat-maros-megyei-eletrajzi-lexikon","7":"first","8":"instock","9":"shipping-taxable","10":"product-type-simple"},"_links":{"self":[{"href":"https:\/\/uj.adatbank.ro\/lexikon\/wp-json\/wp\/v2\/product\/2030","targetHints":{"allow":["GET"]}}],"collection":[{"href":"https:\/\/uj.adatbank.ro\/lexikon\/wp-json\/wp\/v2\/product"}],"about":[{"href":"https:\/\/uj.adatbank.ro\/lexikon\/wp-json\/wp\/v2\/types\/product"}],"replies":[{"embeddable":true,"href":"https:\/\/uj.adatbank.ro\/lexikon\/wp-json\/wp\/v2\/comments?post=2030"}],"wp:attachment":[{"href":"https:\/\/uj.adatbank.ro\/lexikon\/wp-json\/wp\/v2\/media?parent=2030"}],"wp:term":[{"taxonomy":"product_brand","embeddable":true,"href":"https:\/\/uj.adatbank.ro\/lexikon\/wp-json\/wp\/v2\/product_brand?post=2030"},{"taxonomy":"product_cat","embeddable":true,"href":"https:\/\/uj.adatbank.ro\/lexikon\/wp-json\/wp\/v2\/product_cat?post=2030"},{"taxonomy":"product_tag","embeddable":true,"href":"https:\/\/uj.adatbank.ro\/lexikon\/wp-json\/wp\/v2\/product_tag?post=2030"}],"curies":[{"name":"wp","href":"https:\/\/api.w.org\/{rel}","templated":true}]}}