{"id":20303,"date":"2025-07-22T18:43:57","date_gmt":"2025-07-22T16:43:57","guid":{"rendered":"https:\/\/uj.adatbank.ro\/lexikon\/termek\/siko-mihaly-l\/"},"modified":"2025-07-22T18:43:57","modified_gmt":"2025-07-22T16:43:57","slug":"siko-mihaly-l","status":"publish","type":"product","link":"https:\/\/uj.adatbank.ro\/lexikon\/termek\/siko-mihaly-l\/","title":{"rendered":"SIK\u00d3 Mih\u00e1ly L."},"content":{"rendered":"<p>Mez\u0151panit, 1905., \u2020?: gazd\u00e1lkod\u00f3. \u2013 Iskol\u00e1i elv\u00e9gz\u00e9se ut\u00e1n a h\u00fasipart tanulta \u00e9s fel is szabadult, k\u00e9s\u0151bb gazd\u00e1lkodott Marosszentkir\u00e1lyon, ahol a k\u00f6zs\u00e9g p\u00e9nzt\u00e1rosa, a Gazd\u00e1k Bizt. Sz\u00f6vetkezet\u00e9nek helyi k\u00e9pvisel\u0151je, a Nemzet\u0151rs\u00e9g ig. tagja volt, minden kultur\u00e1lis \u00e9s szoci\u00e1lis \u00fcgyet t\u00e1mogatott. <br \/><strong>Irod.:<\/strong> Sz\u00e9kelyf\u00f6ld \u00ed. k.<\/br><\/p>\n","protected":false},"excerpt":{"rendered":"<p>Mez\u0151panit, 1905., \u2020?: gazd\u00e1lkod\u00f3. \u2013 Iskol\u00e1i elv\u00e9gz\u00e9se ut\u00e1n a h\u00fasipart tanulta \u00e9s fel is szabadult, k\u00e9s\u0151bb gazd\u00e1lkodott Marosszentkir\u00e1lyon, ahol a k\u00f6zs\u00e9g p\u00e9nzt\u00e1rosa, a Gazd\u00e1k Bizt. Sz\u00f6vetkezet\u00e9nek helyi k\u00e9pvisel\u0151je, a Nemzet\u0151rs\u00e9g ig. tagja volt, minden kultur\u00e1lis \u00e9s szoci\u00e1lis \u00fcgyet t\u00e1mogatott. Irod.: Sz\u00e9kelyf\u00f6ld \u00ed. k.<\/p>\n","protected":false},"featured_media":0,"comment_status":"open","ping_status":"closed","template":"","meta":[],"product_brand":[],"product_cat":[137],"product_tag":[],"class_list":{"0":"post-20303","1":"product","2":"type-product","3":"status-publish","5":"product_cat-maros-megyei-eletrajzi-lexikon","7":"first","8":"instock","9":"shipping-taxable","10":"product-type-simple"},"_links":{"self":[{"href":"https:\/\/uj.adatbank.ro\/lexikon\/wp-json\/wp\/v2\/product\/20303","targetHints":{"allow":["GET"]}}],"collection":[{"href":"https:\/\/uj.adatbank.ro\/lexikon\/wp-json\/wp\/v2\/product"}],"about":[{"href":"https:\/\/uj.adatbank.ro\/lexikon\/wp-json\/wp\/v2\/types\/product"}],"replies":[{"embeddable":true,"href":"https:\/\/uj.adatbank.ro\/lexikon\/wp-json\/wp\/v2\/comments?post=20303"}],"wp:attachment":[{"href":"https:\/\/uj.adatbank.ro\/lexikon\/wp-json\/wp\/v2\/media?parent=20303"}],"wp:term":[{"taxonomy":"product_brand","embeddable":true,"href":"https:\/\/uj.adatbank.ro\/lexikon\/wp-json\/wp\/v2\/product_brand?post=20303"},{"taxonomy":"product_cat","embeddable":true,"href":"https:\/\/uj.adatbank.ro\/lexikon\/wp-json\/wp\/v2\/product_cat?post=20303"},{"taxonomy":"product_tag","embeddable":true,"href":"https:\/\/uj.adatbank.ro\/lexikon\/wp-json\/wp\/v2\/product_tag?post=20303"}],"curies":[{"name":"wp","href":"https:\/\/api.w.org\/{rel}","templated":true}]}}