{"id":20304,"date":"2025-07-22T18:43:59","date_gmt":"2025-07-22T16:43:59","guid":{"rendered":"https:\/\/uj.adatbank.ro\/lexikon\/termek\/siko-miklos-%c2%a7-boloni\/"},"modified":"2025-07-22T18:43:59","modified_gmt":"2025-07-22T16:43:59","slug":"siko-miklos-%c2%a7-boloni","status":"publish","type":"product","link":"https:\/\/uj.adatbank.ro\/lexikon\/termek\/siko-miklos-%c2%a7-boloni\/","title":{"rendered":"SIK\u00d3 Mikl\u00f3s, \u00a7 b\u00f6l\u00f6ni"},"content":{"rendered":"<p>Sept\u00e9r, 1818, \u2020 Mv., 1900. m\u00e1j. 5.: fest\u0151m\u0171v\u00e9sz, f\u0151hadnagy. \u2013 Apja: S. Istv\u00e1n, kir. t\u00e1blab\u00edr\u00f3. Feles\u00e9ge: Vadadi Filep R\u00f3za (1821 \u2013 Marosnagylak, 1900. \u00e1pr. 23.), aki Mv.-en n\u0151egyletet alap\u00edtott. Gyermekeik: K\u00e1lm\u00e1n, feles\u00e9ge Varju Gizella; \u00c1rp\u00e1d, feles\u00e9ge Deesy Piroska; G\u00e9za; R\u00f3za, Sebessy \/ Sebesi J\u00f3bn\u00e9. \u2013 Mv.-en jogot tanult, kancellist\u00e1skodott a kir\u00e1lyi t\u00e1bla mellett, t\u00e1blai \u00edrnok. Barab\u00e1s Mikl\u00f3st\u00f3l fiatalon egy h\u00f3napig v\u00edzfest\u00e9st tanult. Hogy m\u0171v\u00e9szet\u00e9vel keresse meg kenyer\u00e9t, Borsz\u00e9kre ment boj\u00e1rokat festeni (1845 nyar\u00e1n), majd n\u00e9h\u00e1ny h\u00f3napra Buk.-be. Feles\u00e9g\u00e9vel Kv.-on telepedett le (1846\u2013), nagyszab\u00e1s\u00fa akvarelleket festett, f\u0151leg a v\u00edzfest\u00e9sben volt kiv\u00e1l\u00f3, munk\u00e1ss\u00e1g\u00e1nak f\u00e9nykora az 1845\u20131855 k\u00f6z\u00f6tti id\u0151szakra esik, amikor olajfest\u00e9s\u0171 arck\u00e9peket, litogr\u00e1fi\u00e1kat, alkot\u00e1sok sz\u00e1zait k\u00e9sz\u00edtette. Munk\u00e1i k\u00f6z\u00fcl \u00f6narck\u00e9pe, id. Szil\u00e1gyi Ferencn\u00e9 arck\u00e9pe az EME k\u00e9pt\u00e1r\u00e1ban van\/volt. R\u00e9szt vett a szabads\u00e1gharcban, f\u0151hadnagyi rangban, fogs\u00e1gba esett (1849. febr.), Csernoviczban k\u00f3rh\u00e1zba ker\u00fclt, megsz\u00f6k\u00f6tt \u00e9s Vaj\u00e1ba \u00e9rkezett a sz\u00fclein\u00e9l l\u00e9v\u0151 feles\u00e9g\u00e9hez. Kv.-t bujk\u00e1lt, majd \u00fatlevelet kapott M\u00fcnchenbe, ahol h\u00e9t h\u00f3napig tanult rajzolni a fest\u0151akad\u00e9mi\u00e1n (1850\u201351), megismerte az olajfest\u00e9s technik\u00e1j\u00e1t. \u00d6n\u00e9let\u00edr\u00e1s\u00e1t Kelemen Lajos adta ki a P\u00e1sztort\u0171zben (1927. szept.). <br \/><strong>Irod.:<\/strong> Banner; Bir\u00f3 B\u00e9la: Sik\u00f3 Mikl\u00f3s, 1818\u20131900; S.M.: \u00d6narck\u00e9p \u2013 Ceruzarajz; Gr. Teleki Andorn\u00e9 gyermekkori k\u00e9pm\u00e1sa (1852). = Erd\u00e9lyi csillagok, \u00f6narck\u00e9p, 1942; \u00c9ber; Erd\u00e9lyi csillagok (Bp., 1943); Filep; Filep 2.; F\u00fcl\u00f6p\u2013Ferencz; Gy\u00e1szjelent.; Id\u0151t\u00e1r 2.; Katona Szab\u00f3 Istv\u00e1n: H\u00e1rom m\u00falt sz\u00e1zadi m. fest\u0151m\u0171v\u00e9sz Bukarestben (\u00daj \u00c9let, 1980, 7. sz.); K.L. M\u0171v. t\u00f6rt. tan. 1.; Kelemen; Kelemen Lajos: B\u00f6l\u00f6ni S. M. erd\u00e9lyi fest\u0151m\u0171v\u00e9sz ismeretlen \u00f6n\u00e9letrajza (P\u00e1sztort\u0171z, 19. sz., 1927. szept. 25.); Kopp Jen\u0151: M. biedermaier fest\u00e9szet (Bp., 1943); K\u0151v\u00e1ry L\u00e1szl\u00f3 1899; M\u00c9L; Moln\u00e1r, M\u0171v\u00e9szeti hetek Kv. 1942. m\u00e1j. 9. \u2013 j\u00fan. 6 (Bp., 1942); RNL; Szab\u00f3\u2013K\u00e1llai; F. Tak\u00e1cs Zolt\u00e1n: Erd\u00e9lyi m\u0171v\u00e9szeti ki\u00e1ll\u00edt\u00e1s (Kv., 1941); \u00datmutat\u00f3 az Erd\u00e9lyi Orsz\u00e1gos M\u00fazeum \u00c9rem- \u00e9s R\u00e9gis\u00e9gt\u00e1r\u00e1ban (Kv., 1903).<\/br><\/p>\n","protected":false},"excerpt":{"rendered":"<p>Sept\u00e9r, 1818, \u2020 Mv., 1900. m\u00e1j. 5.: fest\u0151m\u0171v\u00e9sz, f\u0151hadnagy. \u2013 Apja: S. Istv\u00e1n, kir. t\u00e1blab\u00edr\u00f3. Feles\u00e9ge: Vadadi Filep R\u00f3za (1821 \u2013 Marosnagylak, 1900. \u00e1pr. 23.), aki Mv.-en n\u0151egyletet alap\u00edtott. Gyermekeik: K\u00e1lm\u00e1n, feles\u00e9ge Varju Gizella; \u00c1rp\u00e1d, feles\u00e9ge Deesy Piroska; G\u00e9za; R\u00f3za, Sebessy \/ Sebesi J\u00f3bn\u00e9. \u2013 Mv.-en jogot tanult, kancellist\u00e1skodott a kir\u00e1lyi t\u00e1bla mellett, t\u00e1blai \u00edrnok. [&hellip;]<\/p>\n","protected":false},"featured_media":0,"comment_status":"open","ping_status":"closed","template":"","meta":[],"product_brand":[],"product_cat":[137],"product_tag":[],"class_list":{"0":"post-20304","1":"product","2":"type-product","3":"status-publish","5":"product_cat-maros-megyei-eletrajzi-lexikon","7":"first","8":"instock","9":"shipping-taxable","10":"product-type-simple"},"_links":{"self":[{"href":"https:\/\/uj.adatbank.ro\/lexikon\/wp-json\/wp\/v2\/product\/20304","targetHints":{"allow":["GET"]}}],"collection":[{"href":"https:\/\/uj.adatbank.ro\/lexikon\/wp-json\/wp\/v2\/product"}],"about":[{"href":"https:\/\/uj.adatbank.ro\/lexikon\/wp-json\/wp\/v2\/types\/product"}],"replies":[{"embeddable":true,"href":"https:\/\/uj.adatbank.ro\/lexikon\/wp-json\/wp\/v2\/comments?post=20304"}],"wp:attachment":[{"href":"https:\/\/uj.adatbank.ro\/lexikon\/wp-json\/wp\/v2\/media?parent=20304"}],"wp:term":[{"taxonomy":"product_brand","embeddable":true,"href":"https:\/\/uj.adatbank.ro\/lexikon\/wp-json\/wp\/v2\/product_brand?post=20304"},{"taxonomy":"product_cat","embeddable":true,"href":"https:\/\/uj.adatbank.ro\/lexikon\/wp-json\/wp\/v2\/product_cat?post=20304"},{"taxonomy":"product_tag","embeddable":true,"href":"https:\/\/uj.adatbank.ro\/lexikon\/wp-json\/wp\/v2\/product_tag?post=20304"}],"curies":[{"name":"wp","href":"https:\/\/api.w.org\/{rel}","templated":true}]}}