{"id":20305,"date":"2025-07-22T18:44:01","date_gmt":"2025-07-22T16:44:01","guid":{"rendered":"https:\/\/uj.adatbank.ro\/lexikon\/termek\/siko-pal\/"},"modified":"2025-07-22T18:44:01","modified_gmt":"2025-07-22T16:44:01","slug":"siko-pal","status":"publish","type":"product","link":"https:\/\/uj.adatbank.ro\/lexikon\/termek\/siko-pal\/","title":{"rendered":"SIK\u00d3 P\u00e1l"},"content":{"rendered":"<p>? \u2020?: 16. sz.: f\u00f6ldbirtokos. \u2013 Nagyernyei nemes csal\u00e1d tagja, J\u00e1nos Zsigmondt\u00f3l kapott j\u00f3sz\u00e1got \u00e9s rom\u00e1n jobb\u00e1gycsal\u00e1dokat engedett \u00e1t neki (1570. j\u00fal. 19.). A falu a k\u00e9s\u0151bbi \u00e9vsz\u00e1zadok folyam\u00e1n t\u00f6bb f\u00f6ldbirtokos tulajdon\u00e1ba ker\u00fclt (B\u00e1lintitt, Teleki, stb), de a rom\u00e1n jobb\u00e1gyok nemzed\u00e9kei ott maradtak. <br \/><strong>Irod.:<\/strong> Keresztes Gyula: \u00d6r\u00f6ks\u00e9g\u00fcnk 50.: A nagyernyei udvarh\u00e1zak (1994. febr. 11.); \u015eincan 2006.<\/br><\/p>\n","protected":false},"excerpt":{"rendered":"<p>? \u2020?: 16. sz.: f\u00f6ldbirtokos. \u2013 Nagyernyei nemes csal\u00e1d tagja, J\u00e1nos Zsigmondt\u00f3l kapott j\u00f3sz\u00e1got \u00e9s rom\u00e1n jobb\u00e1gycsal\u00e1dokat engedett \u00e1t neki (1570. j\u00fal. 19.). A falu a k\u00e9s\u0151bbi \u00e9vsz\u00e1zadok folyam\u00e1n t\u00f6bb f\u00f6ldbirtokos tulajdon\u00e1ba ker\u00fclt (B\u00e1lintitt, Teleki, stb), de a rom\u00e1n jobb\u00e1gyok nemzed\u00e9kei ott maradtak. Irod.: Keresztes Gyula: \u00d6r\u00f6ks\u00e9g\u00fcnk 50.: A nagyernyei udvarh\u00e1zak (1994. febr. 11.); \u015eincan [&hellip;]<\/p>\n","protected":false},"featured_media":0,"comment_status":"open","ping_status":"closed","template":"","meta":[],"product_brand":[],"product_cat":[137],"product_tag":[],"class_list":{"0":"post-20305","1":"product","2":"type-product","3":"status-publish","5":"product_cat-maros-megyei-eletrajzi-lexikon","7":"first","8":"instock","9":"shipping-taxable","10":"product-type-simple"},"_links":{"self":[{"href":"https:\/\/uj.adatbank.ro\/lexikon\/wp-json\/wp\/v2\/product\/20305","targetHints":{"allow":["GET"]}}],"collection":[{"href":"https:\/\/uj.adatbank.ro\/lexikon\/wp-json\/wp\/v2\/product"}],"about":[{"href":"https:\/\/uj.adatbank.ro\/lexikon\/wp-json\/wp\/v2\/types\/product"}],"replies":[{"embeddable":true,"href":"https:\/\/uj.adatbank.ro\/lexikon\/wp-json\/wp\/v2\/comments?post=20305"}],"wp:attachment":[{"href":"https:\/\/uj.adatbank.ro\/lexikon\/wp-json\/wp\/v2\/media?parent=20305"}],"wp:term":[{"taxonomy":"product_brand","embeddable":true,"href":"https:\/\/uj.adatbank.ro\/lexikon\/wp-json\/wp\/v2\/product_brand?post=20305"},{"taxonomy":"product_cat","embeddable":true,"href":"https:\/\/uj.adatbank.ro\/lexikon\/wp-json\/wp\/v2\/product_cat?post=20305"},{"taxonomy":"product_tag","embeddable":true,"href":"https:\/\/uj.adatbank.ro\/lexikon\/wp-json\/wp\/v2\/product_tag?post=20305"}],"curies":[{"name":"wp","href":"https:\/\/api.w.org\/{rel}","templated":true}]}}