{"id":20306,"date":"2025-07-22T18:44:03","date_gmt":"2025-07-22T16:44:03","guid":{"rendered":"https:\/\/uj.adatbank.ro\/lexikon\/termek\/siko-pal-nagybodoni\/"},"modified":"2025-07-22T18:44:03","modified_gmt":"2025-07-22T16:44:03","slug":"siko-pal-nagybodoni","status":"publish","type":"product","link":"https:\/\/uj.adatbank.ro\/lexikon\/termek\/siko-pal-nagybodoni\/","title":{"rendered":"SIK\u00d3 P\u00e1l, nagyb\u00f6d\u00f6ni"},"content":{"rendered":"<p>M\u00e1lya, 1893., \u2020?: ref. igazgat\u00f3-tan\u00edt\u00f3. \u2013 Tanulm\u00e1nyait Mv.-en \u00e9s Enyeden v\u00e9gezte, ahol tan\u00edt\u00f3i \u00e9s k\u00e1ntori oklevelet szerzett \u00e9s megkezdte pedag\u00f3giai m\u0171k\u00f6d\u00e9s\u00e9t (1913\u2013), majd az els\u0151 vh.-ban teljes\u00edtett katonai szolg\u00e1latot. A m\u00e1rkodi iskol\u00e1ban tan\u00edtott (1919\u2013). Az Erd\u00e9lyi P\u00e1rt int\u00e9z\u0151bizotts\u00e1g\u00e1nak tagja volt, r\u00e9szt vett az erd\u00e9lyi felkel\u00e9sben ez\u00e9rt fel\u00fcgyelet alatt tartott\u00e1k. <br \/><strong>Irod.:<\/strong> Ref. egyetemes n\u00e9vt\u00e1r; Sz\u00e9kelyf\u00f6ld \u00ed. k.<\/br><\/p>\n","protected":false},"excerpt":{"rendered":"<p>M\u00e1lya, 1893., \u2020?: ref. igazgat\u00f3-tan\u00edt\u00f3. \u2013 Tanulm\u00e1nyait Mv.-en \u00e9s Enyeden v\u00e9gezte, ahol tan\u00edt\u00f3i \u00e9s k\u00e1ntori oklevelet szerzett \u00e9s megkezdte pedag\u00f3giai m\u0171k\u00f6d\u00e9s\u00e9t (1913\u2013), majd az els\u0151 vh.-ban teljes\u00edtett katonai szolg\u00e1latot. A m\u00e1rkodi iskol\u00e1ban tan\u00edtott (1919\u2013). Az Erd\u00e9lyi P\u00e1rt int\u00e9z\u0151bizotts\u00e1g\u00e1nak tagja volt, r\u00e9szt vett az erd\u00e9lyi felkel\u00e9sben ez\u00e9rt fel\u00fcgyelet alatt tartott\u00e1k. Irod.: Ref. egyetemes n\u00e9vt\u00e1r; Sz\u00e9kelyf\u00f6ld \u00ed. [&hellip;]<\/p>\n","protected":false},"featured_media":0,"comment_status":"open","ping_status":"closed","template":"","meta":[],"product_brand":[],"product_cat":[137],"product_tag":[],"class_list":{"0":"post-20306","1":"product","2":"type-product","3":"status-publish","5":"product_cat-maros-megyei-eletrajzi-lexikon","7":"first","8":"instock","9":"shipping-taxable","10":"product-type-simple"},"_links":{"self":[{"href":"https:\/\/uj.adatbank.ro\/lexikon\/wp-json\/wp\/v2\/product\/20306","targetHints":{"allow":["GET"]}}],"collection":[{"href":"https:\/\/uj.adatbank.ro\/lexikon\/wp-json\/wp\/v2\/product"}],"about":[{"href":"https:\/\/uj.adatbank.ro\/lexikon\/wp-json\/wp\/v2\/types\/product"}],"replies":[{"embeddable":true,"href":"https:\/\/uj.adatbank.ro\/lexikon\/wp-json\/wp\/v2\/comments?post=20306"}],"wp:attachment":[{"href":"https:\/\/uj.adatbank.ro\/lexikon\/wp-json\/wp\/v2\/media?parent=20306"}],"wp:term":[{"taxonomy":"product_brand","embeddable":true,"href":"https:\/\/uj.adatbank.ro\/lexikon\/wp-json\/wp\/v2\/product_brand?post=20306"},{"taxonomy":"product_cat","embeddable":true,"href":"https:\/\/uj.adatbank.ro\/lexikon\/wp-json\/wp\/v2\/product_cat?post=20306"},{"taxonomy":"product_tag","embeddable":true,"href":"https:\/\/uj.adatbank.ro\/lexikon\/wp-json\/wp\/v2\/product_tag?post=20306"}],"curies":[{"name":"wp","href":"https:\/\/api.w.org\/{rel}","templated":true}]}}