{"id":20307,"date":"2025-07-22T18:44:05","date_gmt":"2025-07-22T16:44:05","guid":{"rendered":"https:\/\/uj.adatbank.ro\/lexikon\/termek\/siko-zoltan\/"},"modified":"2025-07-22T18:44:05","modified_gmt":"2025-07-22T16:44:05","slug":"siko-zoltan","status":"publish","type":"product","link":"https:\/\/uj.adatbank.ro\/lexikon\/termek\/siko-zoltan\/","title":{"rendered":"SIK\u00d3 Zolt\u00e1n"},"content":{"rendered":"<p>Mez\u0151panit, 1892. \u00e1pr. 10., \u2020?: gazd\u00e1lkod\u00f3. \u2013 Letart\u00f3ztatt\u00e1k (1959. okt. 24.) \u00e9s a\u00a0t\u00e1rsadalmi rend elleni tev\u00e9kenys\u00e9g v\u00e1dj\u00e1val \u00e1ll\u00edtott\u00e1k b\u00edr\u00f3s\u00e1g el\u00e9. <br \/><strong>Irod.:<\/strong> 1956 Erd\u00e9lyben.<\/br><\/p>\n","protected":false},"excerpt":{"rendered":"<p>Mez\u0151panit, 1892. \u00e1pr. 10., \u2020?: gazd\u00e1lkod\u00f3. \u2013 Letart\u00f3ztatt\u00e1k (1959. okt. 24.) \u00e9s a\u00a0t\u00e1rsadalmi rend elleni tev\u00e9kenys\u00e9g v\u00e1dj\u00e1val \u00e1ll\u00edtott\u00e1k b\u00edr\u00f3s\u00e1g el\u00e9. Irod.: 1956 Erd\u00e9lyben.<\/p>\n","protected":false},"featured_media":0,"comment_status":"open","ping_status":"closed","template":"","meta":[],"product_brand":[],"product_cat":[137],"product_tag":[],"class_list":{"0":"post-20307","1":"product","2":"type-product","3":"status-publish","5":"product_cat-maros-megyei-eletrajzi-lexikon","7":"first","8":"instock","9":"shipping-taxable","10":"product-type-simple"},"_links":{"self":[{"href":"https:\/\/uj.adatbank.ro\/lexikon\/wp-json\/wp\/v2\/product\/20307","targetHints":{"allow":["GET"]}}],"collection":[{"href":"https:\/\/uj.adatbank.ro\/lexikon\/wp-json\/wp\/v2\/product"}],"about":[{"href":"https:\/\/uj.adatbank.ro\/lexikon\/wp-json\/wp\/v2\/types\/product"}],"replies":[{"embeddable":true,"href":"https:\/\/uj.adatbank.ro\/lexikon\/wp-json\/wp\/v2\/comments?post=20307"}],"wp:attachment":[{"href":"https:\/\/uj.adatbank.ro\/lexikon\/wp-json\/wp\/v2\/media?parent=20307"}],"wp:term":[{"taxonomy":"product_brand","embeddable":true,"href":"https:\/\/uj.adatbank.ro\/lexikon\/wp-json\/wp\/v2\/product_brand?post=20307"},{"taxonomy":"product_cat","embeddable":true,"href":"https:\/\/uj.adatbank.ro\/lexikon\/wp-json\/wp\/v2\/product_cat?post=20307"},{"taxonomy":"product_tag","embeddable":true,"href":"https:\/\/uj.adatbank.ro\/lexikon\/wp-json\/wp\/v2\/product_tag?post=20307"}],"curies":[{"name":"wp","href":"https:\/\/api.w.org\/{rel}","templated":true}]}}