{"id":20308,"date":"2025-07-22T18:44:07","date_gmt":"2025-07-22T16:44:07","guid":{"rendered":"https:\/\/uj.adatbank.ro\/lexikon\/termek\/silaghi\/"},"modified":"2025-07-22T18:44:07","modified_gmt":"2025-07-22T16:44:07","slug":"silaghi","status":"publish","type":"product","link":"https:\/\/uj.adatbank.ro\/lexikon\/termek\/silaghi\/","title":{"rendered":"SILAGHI"},"content":{"rendered":"<p>? \u2020?: teol\u00f3gus, levelez\u0151, n\u00e9pk\u00f6lt\u00e9si gy\u0171jt\u0151 Maros-Torda megy\u00e9b\u0151l. <br \/><strong>Irod.:<\/strong> Proverbele rom\u00e2nilor din Rom\u00e2nia, Basarabia, Bucovina, Ungaria, Istria \u015fi Macedonia (Buc., 1895).<\/br><\/p>\n","protected":false},"excerpt":{"rendered":"<p>? \u2020?: teol\u00f3gus, levelez\u0151, n\u00e9pk\u00f6lt\u00e9si gy\u0171jt\u0151 Maros-Torda megy\u00e9b\u0151l. Irod.: Proverbele rom\u00e2nilor din Rom\u00e2nia, Basarabia, Bucovina, Ungaria, Istria \u015fi Macedonia (Buc., 1895).<\/p>\n","protected":false},"featured_media":0,"comment_status":"open","ping_status":"closed","template":"","meta":[],"product_brand":[],"product_cat":[137],"product_tag":[],"class_list":{"0":"post-20308","1":"product","2":"type-product","3":"status-publish","5":"product_cat-maros-megyei-eletrajzi-lexikon","7":"first","8":"instock","9":"shipping-taxable","10":"product-type-simple"},"_links":{"self":[{"href":"https:\/\/uj.adatbank.ro\/lexikon\/wp-json\/wp\/v2\/product\/20308","targetHints":{"allow":["GET"]}}],"collection":[{"href":"https:\/\/uj.adatbank.ro\/lexikon\/wp-json\/wp\/v2\/product"}],"about":[{"href":"https:\/\/uj.adatbank.ro\/lexikon\/wp-json\/wp\/v2\/types\/product"}],"replies":[{"embeddable":true,"href":"https:\/\/uj.adatbank.ro\/lexikon\/wp-json\/wp\/v2\/comments?post=20308"}],"wp:attachment":[{"href":"https:\/\/uj.adatbank.ro\/lexikon\/wp-json\/wp\/v2\/media?parent=20308"}],"wp:term":[{"taxonomy":"product_brand","embeddable":true,"href":"https:\/\/uj.adatbank.ro\/lexikon\/wp-json\/wp\/v2\/product_brand?post=20308"},{"taxonomy":"product_cat","embeddable":true,"href":"https:\/\/uj.adatbank.ro\/lexikon\/wp-json\/wp\/v2\/product_cat?post=20308"},{"taxonomy":"product_tag","embeddable":true,"href":"https:\/\/uj.adatbank.ro\/lexikon\/wp-json\/wp\/v2\/product_tag?post=20308"}],"curies":[{"name":"wp","href":"https:\/\/api.w.org\/{rel}","templated":true}]}}