{"id":20309,"date":"2025-07-22T18:44:09","date_gmt":"2025-07-22T16:44:09","guid":{"rendered":"https:\/\/uj.adatbank.ro\/lexikon\/termek\/silbernagel-emil-von\/"},"modified":"2025-07-22T18:44:09","modified_gmt":"2025-07-22T16:44:09","slug":"silbernagel-emil-von","status":"publish","type":"product","link":"https:\/\/uj.adatbank.ro\/lexikon\/termek\/silbernagel-emil-von\/","title":{"rendered":"SILBERNAGEL, Emil von"},"content":{"rendered":"<p>Pr\u00e1ga, 1841. j\u00fal. 4., \u2020 Segesv\u00e1r, 1901. nov. 7.: karmester, csellista, zeneszerz\u0151. \u2013 A perzsa sah udvari karmesteri \u00e1ll\u00e1saj\u00e1nlat\u00e1t visszautas\u00edtotta \u00e9s Segesv\u00e1ron lett zeneigazgat\u00f3, v\u00e1rosi k\u00e1ntor \u00e9s gimn\u00e1ziumi zenetan\u00e1r (1873\u20131900). Orat\u00f3riumokat \u00e9s oper\u00e1kat mutatott be, megalap\u00edtotta az els\u0151 segesv\u00e1ri von\u00f3s kvartettet, \u00e9rv\u00e9nyre jutatta a kamaramuzsik\u00e1t a helyi zenei \u00e9letben. Gordonkam\u0171v\u00e9szk\u00e9nt \u00e9s karnagyk\u00e9nt v\u00e1lt k\u00f6zismertt\u00e9. Alkot\u00f3k\u00e9nt operazen\u00e9t kompon\u00e1lt, f\u0151leg Michael Albert librett\u00f3it zen\u00e9s\u00edtette meg. \u2013 <strong><strong>F. m.<\/strong><\/strong>: Klotz und Trotz: Lokalschwank in zwei Aufz\u00fcgen (1881); Angelina oder die T\u00fcrken von Sch\u00e4\u00dfburg: heiteres Singspiel (1887); Sezia: romantische Oper in drei Akten (1894). <br \/><strong>Irod.:<\/strong> LSS.<\/br><\/p>\n","protected":false},"excerpt":{"rendered":"<p>Pr\u00e1ga, 1841. j\u00fal. 4., \u2020 Segesv\u00e1r, 1901. nov. 7.: karmester, csellista, zeneszerz\u0151. \u2013 A perzsa sah udvari karmesteri \u00e1ll\u00e1saj\u00e1nlat\u00e1t visszautas\u00edtotta \u00e9s Segesv\u00e1ron lett zeneigazgat\u00f3, v\u00e1rosi k\u00e1ntor \u00e9s gimn\u00e1ziumi zenetan\u00e1r (1873\u20131900). Orat\u00f3riumokat \u00e9s oper\u00e1kat mutatott be, megalap\u00edtotta az els\u0151 segesv\u00e1ri von\u00f3s kvartettet, \u00e9rv\u00e9nyre jutatta a kamaramuzsik\u00e1t a helyi zenei \u00e9letben. Gordonkam\u0171v\u00e9szk\u00e9nt \u00e9s karnagyk\u00e9nt v\u00e1lt k\u00f6zismertt\u00e9. Alkot\u00f3k\u00e9nt [&hellip;]<\/p>\n","protected":false},"featured_media":0,"comment_status":"open","ping_status":"closed","template":"","meta":[],"product_brand":[],"product_cat":[137],"product_tag":[],"class_list":{"0":"post-20309","1":"product","2":"type-product","3":"status-publish","5":"product_cat-maros-megyei-eletrajzi-lexikon","7":"first","8":"instock","9":"shipping-taxable","10":"product-type-simple"},"_links":{"self":[{"href":"https:\/\/uj.adatbank.ro\/lexikon\/wp-json\/wp\/v2\/product\/20309","targetHints":{"allow":["GET"]}}],"collection":[{"href":"https:\/\/uj.adatbank.ro\/lexikon\/wp-json\/wp\/v2\/product"}],"about":[{"href":"https:\/\/uj.adatbank.ro\/lexikon\/wp-json\/wp\/v2\/types\/product"}],"replies":[{"embeddable":true,"href":"https:\/\/uj.adatbank.ro\/lexikon\/wp-json\/wp\/v2\/comments?post=20309"}],"wp:attachment":[{"href":"https:\/\/uj.adatbank.ro\/lexikon\/wp-json\/wp\/v2\/media?parent=20309"}],"wp:term":[{"taxonomy":"product_brand","embeddable":true,"href":"https:\/\/uj.adatbank.ro\/lexikon\/wp-json\/wp\/v2\/product_brand?post=20309"},{"taxonomy":"product_cat","embeddable":true,"href":"https:\/\/uj.adatbank.ro\/lexikon\/wp-json\/wp\/v2\/product_cat?post=20309"},{"taxonomy":"product_tag","embeddable":true,"href":"https:\/\/uj.adatbank.ro\/lexikon\/wp-json\/wp\/v2\/product_tag?post=20309"}],"curies":[{"name":"wp","href":"https:\/\/api.w.org\/{rel}","templated":true}]}}