{"id":20311,"date":"2025-07-22T18:44:13","date_gmt":"2025-07-22T16:44:13","guid":{"rendered":"https:\/\/uj.adatbank.ro\/lexikon\/termek\/silbiger-arminne-kappel-minka\/"},"modified":"2025-07-22T18:44:13","modified_gmt":"2025-07-22T16:44:13","slug":"silbiger-arminne-kappel-minka","status":"publish","type":"product","link":"https:\/\/uj.adatbank.ro\/lexikon\/termek\/silbiger-arminne-kappel-minka\/","title":{"rendered":"SILBIGER \u00c1rminn\u00e9, Kappel Minka"},"content":{"rendered":"<p>1851? \u2020\u00a0Bp., 1913. dec. 5., Mv.-en temett\u00e9k. \u2013 Gyermekei: Tischler J\u00falia B\u00fcrger Albertn\u00e9; Tischler J\u00f3zsef; feles\u00e9ge Nathanson R\u00f3zsi; Tischler M\u00e1rton dr., feles\u00e9ge: B\u00fcrger Mariska; bisztrai Farkas Alad\u00e1r; Farkas Hel\u00e9n dr. Ha\u00e1sz Bertalann\u00e9; bisztrai Farkas Alfr\u00e9d <br \/><strong>Irod.:<\/strong> Gy\u00e1szjelent\u0151.<\/br><\/p>\n","protected":false},"excerpt":{"rendered":"<p>1851? \u2020\u00a0Bp., 1913. dec. 5., Mv.-en temett\u00e9k. \u2013 Gyermekei: Tischler J\u00falia B\u00fcrger Albertn\u00e9; Tischler J\u00f3zsef; feles\u00e9ge Nathanson R\u00f3zsi; Tischler M\u00e1rton dr., feles\u00e9ge: B\u00fcrger Mariska; bisztrai Farkas Alad\u00e1r; Farkas Hel\u00e9n dr. Ha\u00e1sz Bertalann\u00e9; bisztrai Farkas Alfr\u00e9d Irod.: Gy\u00e1szjelent\u0151.<\/p>\n","protected":false},"featured_media":0,"comment_status":"open","ping_status":"closed","template":"","meta":[],"product_brand":[],"product_cat":[137],"product_tag":[],"class_list":{"0":"post-20311","1":"product","2":"type-product","3":"status-publish","5":"product_cat-maros-megyei-eletrajzi-lexikon","7":"first","8":"instock","9":"shipping-taxable","10":"product-type-simple"},"_links":{"self":[{"href":"https:\/\/uj.adatbank.ro\/lexikon\/wp-json\/wp\/v2\/product\/20311","targetHints":{"allow":["GET"]}}],"collection":[{"href":"https:\/\/uj.adatbank.ro\/lexikon\/wp-json\/wp\/v2\/product"}],"about":[{"href":"https:\/\/uj.adatbank.ro\/lexikon\/wp-json\/wp\/v2\/types\/product"}],"replies":[{"embeddable":true,"href":"https:\/\/uj.adatbank.ro\/lexikon\/wp-json\/wp\/v2\/comments?post=20311"}],"wp:attachment":[{"href":"https:\/\/uj.adatbank.ro\/lexikon\/wp-json\/wp\/v2\/media?parent=20311"}],"wp:term":[{"taxonomy":"product_brand","embeddable":true,"href":"https:\/\/uj.adatbank.ro\/lexikon\/wp-json\/wp\/v2\/product_brand?post=20311"},{"taxonomy":"product_cat","embeddable":true,"href":"https:\/\/uj.adatbank.ro\/lexikon\/wp-json\/wp\/v2\/product_cat?post=20311"},{"taxonomy":"product_tag","embeddable":true,"href":"https:\/\/uj.adatbank.ro\/lexikon\/wp-json\/wp\/v2\/product_tag?post=20311"}],"curies":[{"name":"wp","href":"https:\/\/api.w.org\/{rel}","templated":true}]}}