{"id":20313,"date":"2025-07-22T18:44:27","date_gmt":"2025-07-22T16:44:27","guid":{"rendered":"https:\/\/uj.adatbank.ro\/lexikon\/termek\/silbinger-sandor-%c2%a7\/"},"modified":"2025-07-22T18:44:27","modified_gmt":"2025-07-22T16:44:27","slug":"silbinger-sandor-%c2%a7","status":"publish","type":"product","link":"https:\/\/uj.adatbank.ro\/lexikon\/termek\/silbinger-sandor-%c2%a7\/","title":{"rendered":"SILBINGER S\u00e1ndor, \u00a7"},"content":{"rendered":"<p>? \u2020?: szab\u00f3. \u2013 Testv\u00e9re: Rudolf 82. gy. e.-beli az olasz harct\u00e9ren elt\u0171nt. \u2013 Mv.-en volt f\u00e9rfiszab\u00f3 mester. Az I. vh.-ban (1914. nov. \u2013 18. nov.) a 22. gy. e.-ben az orosz harct\u00e9ren harcolt. Megsebes\u00fclt. Hadirokkant. Kit\u00fcntet\u00e9se: K\u00e1roly cs. k. ig. a. <br \/><strong>Irod.:<\/strong> M. hadviselt zsid\u00f3k.<\/br><\/p>\n","protected":false},"excerpt":{"rendered":"<p>? \u2020?: szab\u00f3. \u2013 Testv\u00e9re: Rudolf 82. gy. e.-beli az olasz harct\u00e9ren elt\u0171nt. \u2013 Mv.-en volt f\u00e9rfiszab\u00f3 mester. Az I. vh.-ban (1914. nov. \u2013 18. nov.) a 22. gy. e.-ben az orosz harct\u00e9ren harcolt. Megsebes\u00fclt. Hadirokkant. Kit\u00fcntet\u00e9se: K\u00e1roly cs. k. ig. a. Irod.: M. hadviselt zsid\u00f3k.<\/p>\n","protected":false},"featured_media":0,"comment_status":"open","ping_status":"closed","template":"","meta":[],"product_brand":[],"product_cat":[137],"product_tag":[],"class_list":{"0":"post-20313","1":"product","2":"type-product","3":"status-publish","5":"product_cat-maros-megyei-eletrajzi-lexikon","7":"first","8":"instock","9":"shipping-taxable","10":"product-type-simple"},"_links":{"self":[{"href":"https:\/\/uj.adatbank.ro\/lexikon\/wp-json\/wp\/v2\/product\/20313","targetHints":{"allow":["GET"]}}],"collection":[{"href":"https:\/\/uj.adatbank.ro\/lexikon\/wp-json\/wp\/v2\/product"}],"about":[{"href":"https:\/\/uj.adatbank.ro\/lexikon\/wp-json\/wp\/v2\/types\/product"}],"replies":[{"embeddable":true,"href":"https:\/\/uj.adatbank.ro\/lexikon\/wp-json\/wp\/v2\/comments?post=20313"}],"wp:attachment":[{"href":"https:\/\/uj.adatbank.ro\/lexikon\/wp-json\/wp\/v2\/media?parent=20313"}],"wp:term":[{"taxonomy":"product_brand","embeddable":true,"href":"https:\/\/uj.adatbank.ro\/lexikon\/wp-json\/wp\/v2\/product_brand?post=20313"},{"taxonomy":"product_cat","embeddable":true,"href":"https:\/\/uj.adatbank.ro\/lexikon\/wp-json\/wp\/v2\/product_cat?post=20313"},{"taxonomy":"product_tag","embeddable":true,"href":"https:\/\/uj.adatbank.ro\/lexikon\/wp-json\/wp\/v2\/product_tag?post=20313"}],"curies":[{"name":"wp","href":"https:\/\/api.w.org\/{rel}","templated":true}]}}