{"id":20314,"date":"2025-07-22T18:44:30","date_gmt":"2025-07-22T16:44:30","guid":{"rendered":"https:\/\/uj.adatbank.ro\/lexikon\/termek\/sileanu-stefan\/"},"modified":"2025-07-22T18:44:30","modified_gmt":"2025-07-22T16:44:30","slug":"sileanu-stefan","status":"publish","type":"product","link":"https:\/\/uj.adatbank.ro\/lexikon\/termek\/sileanu-stefan\/","title":{"rendered":"SILEANU, \u015etefan"},"content":{"rendered":"<p>1945 \u2020?: sz\u00edn\u00e9sz \u00e9s fest\u0151m\u0171v\u00e9sz. \u2013 A bukaresti Sz\u00edniakad\u00e9mi\u00e1n Chris Christopherson ir\u00e1ny\u00edt\u00e1s\u00e1val O\u2019Neill: Anna Christie c. darabbal diplom\u00e1zott. Kv.-on kezdte a p\u00e1ly\u00e1j\u00e1t, ahol saj\u00e1t bevall\u00e1sa szerint sok nagy szerepet j\u00e1tszott el h\u00edres rendez\u0151k ir\u00e1ny\u00edt\u00e1s\u00e1val (Vlad Mugur, Val Mugur, Ioan Taub, Crin Teodorescu, Mircea Marosin). Mv.-re Radu Penciulescu megh\u00edv\u00e1s\u00e1ra ker\u00fclt Musgrave szerep\u00e9nek a megform\u00e1l\u00e1s\u00e1ra (1969), majd v\u00e9gleg \u00e1tszerz\u0151d\u00f6tt ide (1970\u20131975) \u00e9s 17 szerepet j\u00e1tszott el. Ezek ut\u00e1n Bukarestbe a Nottara Sz\u00ednh\u00e1zhoz szerz\u0151d\u00f6tt (1975 \u0151sz\u00e9n) \u2013 <strong>F. sz.:<\/strong> Poetul (Al.\u00a0Popescu: Croitorii cei mari din Valahia); Petru (D.R.\u00a0Popescu: Ace\u015fti \u00eengeri tri\u015fti), Alan Squier (Robert Emmet Sherwood: P\u0103durea \u00eempietrit\u0103), C\u0103pitanul Arbure (Paul Anghel: S\u0103pt\u0103m\u00e2na patimilor), Astrov (A.P.\u00a0Cehov: Unchiul Vanea), Procurorul (Gheorghi Djagarov: Procurorul), Pastorul Manders (H.\u00a0Ibsen: Strigoii), Pavel (Romulus Guga: Speran\u0163a nu moare \u00een zori), Victor (spectacol de gal\u0103: Partidului \u2013 Inim\u0103 \u015fi fapt\u0103), Petre Petrescu (Titus Popovici: Putere \u015fi adev\u0103r), Emilian (V.P.\u00a0Kataev: Cvadratura cercului), Trock (Maxwell Anderson: Pogoar\u0103 iarna), Locotinentul Barney Greenwald (Herman Wouck: Procesul rebelilor de pe \u201eCaine\u201d), Miron David (D.R.\u00a0Popescu: Piticul din gr\u0103dina de var\u0103), Sorin V\u00e2lsan (Anca Bursan \u2013 Gh.\u00a0Panco: Nicnic), Pastorul John Hale (Arthur Miller: Vr\u0103jitoarele din Salem), Mihai Viteazul (Paul Anghel: Viteazul), \u015ebil\u0163 (Mihai Sorbul: Patima ro\u015fie). <br \/><strong>Irod.:<\/strong> Fodor Zeno.<\/br><\/p>\n","protected":false},"excerpt":{"rendered":"<p>1945 \u2020?: sz\u00edn\u00e9sz \u00e9s fest\u0151m\u0171v\u00e9sz. \u2013 A bukaresti Sz\u00edniakad\u00e9mi\u00e1n Chris Christopherson ir\u00e1ny\u00edt\u00e1s\u00e1val O\u2019Neill: Anna Christie c. darabbal diplom\u00e1zott. Kv.-on kezdte a p\u00e1ly\u00e1j\u00e1t, ahol saj\u00e1t bevall\u00e1sa szerint sok nagy szerepet j\u00e1tszott el h\u00edres rendez\u0151k ir\u00e1ny\u00edt\u00e1s\u00e1val (Vlad Mugur, Val Mugur, Ioan Taub, Crin Teodorescu, Mircea Marosin). Mv.-re Radu Penciulescu megh\u00edv\u00e1s\u00e1ra ker\u00fclt Musgrave szerep\u00e9nek a megform\u00e1l\u00e1s\u00e1ra (1969), majd [&hellip;]<\/p>\n","protected":false},"featured_media":0,"comment_status":"open","ping_status":"closed","template":"","meta":[],"product_brand":[],"product_cat":[137],"product_tag":[],"class_list":{"0":"post-20314","1":"product","2":"type-product","3":"status-publish","5":"product_cat-maros-megyei-eletrajzi-lexikon","7":"first","8":"instock","9":"shipping-taxable","10":"product-type-simple"},"_links":{"self":[{"href":"https:\/\/uj.adatbank.ro\/lexikon\/wp-json\/wp\/v2\/product\/20314","targetHints":{"allow":["GET"]}}],"collection":[{"href":"https:\/\/uj.adatbank.ro\/lexikon\/wp-json\/wp\/v2\/product"}],"about":[{"href":"https:\/\/uj.adatbank.ro\/lexikon\/wp-json\/wp\/v2\/types\/product"}],"replies":[{"embeddable":true,"href":"https:\/\/uj.adatbank.ro\/lexikon\/wp-json\/wp\/v2\/comments?post=20314"}],"wp:attachment":[{"href":"https:\/\/uj.adatbank.ro\/lexikon\/wp-json\/wp\/v2\/media?parent=20314"}],"wp:term":[{"taxonomy":"product_brand","embeddable":true,"href":"https:\/\/uj.adatbank.ro\/lexikon\/wp-json\/wp\/v2\/product_brand?post=20314"},{"taxonomy":"product_cat","embeddable":true,"href":"https:\/\/uj.adatbank.ro\/lexikon\/wp-json\/wp\/v2\/product_cat?post=20314"},{"taxonomy":"product_tag","embeddable":true,"href":"https:\/\/uj.adatbank.ro\/lexikon\/wp-json\/wp\/v2\/product_tag?post=20314"}],"curies":[{"name":"wp","href":"https:\/\/api.w.org\/{rel}","templated":true}]}}