{"id":20318,"date":"2025-07-22T18:44:36","date_gmt":"2025-07-22T16:44:36","guid":{"rendered":"https:\/\/uj.adatbank.ro\/lexikon\/termek\/sillo-piroska\/"},"modified":"2025-07-22T18:44:36","modified_gmt":"2025-07-22T16:44:36","slug":"sillo-piroska","status":"publish","type":"product","link":"https:\/\/uj.adatbank.ro\/lexikon\/termek\/sillo-piroska\/","title":{"rendered":"SILL\u00d3 Piroska"},"content":{"rendered":"<p>? \u2020?: f\u00f6ldbirtokos. \u2013 Mez\u0151t\u00f3h\u00e1ti f\u00f6ldbirtokait (80 \u00e1r), kast\u00e9ly\u00e1t, kertj\u00e9t \u00e9s minden ing\u00f3s\u00e1g\u00e1t a helyi f\u00f6ldoszt\u00f3 bizotts\u00e1g kisaj\u00e1t\u00edtotta \u00e9s sz\u00e9tosztotta (1946. \u00e1pr. 22.) azon a c\u00edmen, h. 1944. aug. 23-\u00e1n nem tart\u00f3zkodott a faluban. <br \/><strong>Irod.:<\/strong> T\u0103ureni.<\/br><\/p>\n","protected":false},"excerpt":{"rendered":"<p>? \u2020?: f\u00f6ldbirtokos. \u2013 Mez\u0151t\u00f3h\u00e1ti f\u00f6ldbirtokait (80 \u00e1r), kast\u00e9ly\u00e1t, kertj\u00e9t \u00e9s minden ing\u00f3s\u00e1g\u00e1t a helyi f\u00f6ldoszt\u00f3 bizotts\u00e1g kisaj\u00e1t\u00edtotta \u00e9s sz\u00e9tosztotta (1946. \u00e1pr. 22.) azon a c\u00edmen, h. 1944. aug. 23-\u00e1n nem tart\u00f3zkodott a faluban. Irod.: T\u0103ureni.<\/p>\n","protected":false},"featured_media":0,"comment_status":"open","ping_status":"closed","template":"","meta":[],"product_brand":[],"product_cat":[137],"product_tag":[],"class_list":{"0":"post-20318","1":"product","2":"type-product","3":"status-publish","5":"product_cat-maros-megyei-eletrajzi-lexikon","7":"first","8":"instock","9":"shipping-taxable","10":"product-type-simple"},"_links":{"self":[{"href":"https:\/\/uj.adatbank.ro\/lexikon\/wp-json\/wp\/v2\/product\/20318","targetHints":{"allow":["GET"]}}],"collection":[{"href":"https:\/\/uj.adatbank.ro\/lexikon\/wp-json\/wp\/v2\/product"}],"about":[{"href":"https:\/\/uj.adatbank.ro\/lexikon\/wp-json\/wp\/v2\/types\/product"}],"replies":[{"embeddable":true,"href":"https:\/\/uj.adatbank.ro\/lexikon\/wp-json\/wp\/v2\/comments?post=20318"}],"wp:attachment":[{"href":"https:\/\/uj.adatbank.ro\/lexikon\/wp-json\/wp\/v2\/media?parent=20318"}],"wp:term":[{"taxonomy":"product_brand","embeddable":true,"href":"https:\/\/uj.adatbank.ro\/lexikon\/wp-json\/wp\/v2\/product_brand?post=20318"},{"taxonomy":"product_cat","embeddable":true,"href":"https:\/\/uj.adatbank.ro\/lexikon\/wp-json\/wp\/v2\/product_cat?post=20318"},{"taxonomy":"product_tag","embeddable":true,"href":"https:\/\/uj.adatbank.ro\/lexikon\/wp-json\/wp\/v2\/product_tag?post=20318"}],"curies":[{"name":"wp","href":"https:\/\/api.w.org\/{rel}","templated":true}]}}