{"id":2032,"date":"2025-06-28T12:01:35","date_gmt":"2025-06-28T10:01:35","guid":{"rendered":"https:\/\/uj.adatbank.ro\/lexikon\/termek\/balint-peter\/"},"modified":"2025-06-28T12:01:35","modified_gmt":"2025-06-28T10:01:35","slug":"balint-peter","status":"publish","type":"product","link":"https:\/\/uj.adatbank.ro\/lexikon\/termek\/balint-peter\/","title":{"rendered":"B\u00c1LINT P\u00e9ter"},"content":{"rendered":"<p>1871., \u2020\u00a01929.: m\u00fazeum\u0151r. \u2013 A feh\u00e9regyh\u00e1zi Pet\u0151fi-m\u00fazeum m\u00fazeum\u0151re, akit Haller gr.-n\u0151 alkalmazott. <br \/><strong>Irod.:<\/strong> MMA<\/br><\/p>\n","protected":false},"excerpt":{"rendered":"<p>1871., \u2020\u00a01929.: m\u00fazeum\u0151r. \u2013 A feh\u00e9regyh\u00e1zi Pet\u0151fi-m\u00fazeum m\u00fazeum\u0151re, akit Haller gr.-n\u0151 alkalmazott. Irod.: MMA<\/p>\n","protected":false},"featured_media":0,"comment_status":"open","ping_status":"closed","template":"","meta":[],"product_brand":[],"product_cat":[137],"product_tag":[],"class_list":{"0":"post-2032","1":"product","2":"type-product","3":"status-publish","5":"product_cat-maros-megyei-eletrajzi-lexikon","7":"first","8":"instock","9":"shipping-taxable","10":"product-type-simple"},"_links":{"self":[{"href":"https:\/\/uj.adatbank.ro\/lexikon\/wp-json\/wp\/v2\/product\/2032","targetHints":{"allow":["GET"]}}],"collection":[{"href":"https:\/\/uj.adatbank.ro\/lexikon\/wp-json\/wp\/v2\/product"}],"about":[{"href":"https:\/\/uj.adatbank.ro\/lexikon\/wp-json\/wp\/v2\/types\/product"}],"replies":[{"embeddable":true,"href":"https:\/\/uj.adatbank.ro\/lexikon\/wp-json\/wp\/v2\/comments?post=2032"}],"wp:attachment":[{"href":"https:\/\/uj.adatbank.ro\/lexikon\/wp-json\/wp\/v2\/media?parent=2032"}],"wp:term":[{"taxonomy":"product_brand","embeddable":true,"href":"https:\/\/uj.adatbank.ro\/lexikon\/wp-json\/wp\/v2\/product_brand?post=2032"},{"taxonomy":"product_cat","embeddable":true,"href":"https:\/\/uj.adatbank.ro\/lexikon\/wp-json\/wp\/v2\/product_cat?post=2032"},{"taxonomy":"product_tag","embeddable":true,"href":"https:\/\/uj.adatbank.ro\/lexikon\/wp-json\/wp\/v2\/product_tag?post=2032"}],"curies":[{"name":"wp","href":"https:\/\/api.w.org\/{rel}","templated":true}]}}