{"id":20321,"date":"2025-07-22T18:44:41","date_gmt":"2025-07-22T16:44:41","guid":{"rendered":"https:\/\/uj.adatbank.ro\/lexikon\/termek\/silvas-vasile\/"},"modified":"2025-07-22T18:44:41","modified_gmt":"2025-07-22T16:44:41","slug":"silvas-vasile","status":"publish","type":"product","link":"https:\/\/uj.adatbank.ro\/lexikon\/termek\/silvas-vasile\/","title":{"rendered":"SILVA\u015e, Vasile"},"content":{"rendered":"<p>Marostelek, 1884. febr. 19., \u2020?: f\u00f6ldbirtokos, 9 gyermek apja. \u2013 Tagja volt a Maniu-f\u00e9le Nemzeti Paraszt P\u00e1rtnak. R\u00e9szt vett a II. vh. harcaiban, szovjet fogs\u00e1gba esett. A rendszerv\u00e1lt\u00e1s ut\u00e1n is n\u00e9pellenes tev\u00e9kenys\u00e9get folytatott. Bossz\u00fat fogadott a helyi p\u00e1rt \u00e9s helyhat\u00f3s\u00e1gi szervek ellen, mert elvett\u00e9k birtokait. G\u00e1tolta a t\u00e1rsas mez\u0151gazd\u00e1lkod\u00e1s megteremt\u00e9s\u00e9t. Letart\u00f3ztatt\u00e1k \u00e9s t\u00f6rv\u00e9ny el\u00e9 \u00e1ll\u00edtott\u00e1k (1959. okt. 5.). <br \/><strong>Irod.:<\/strong> \u00c1ldozatok.<\/br><\/p>\n","protected":false},"excerpt":{"rendered":"<p>Marostelek, 1884. febr. 19., \u2020?: f\u00f6ldbirtokos, 9 gyermek apja. \u2013 Tagja volt a Maniu-f\u00e9le Nemzeti Paraszt P\u00e1rtnak. R\u00e9szt vett a II. vh. harcaiban, szovjet fogs\u00e1gba esett. A rendszerv\u00e1lt\u00e1s ut\u00e1n is n\u00e9pellenes tev\u00e9kenys\u00e9get folytatott. Bossz\u00fat fogadott a helyi p\u00e1rt \u00e9s helyhat\u00f3s\u00e1gi szervek ellen, mert elvett\u00e9k birtokait. G\u00e1tolta a t\u00e1rsas mez\u0151gazd\u00e1lkod\u00e1s megteremt\u00e9s\u00e9t. Letart\u00f3ztatt\u00e1k \u00e9s t\u00f6rv\u00e9ny el\u00e9 \u00e1ll\u00edtott\u00e1k [&hellip;]<\/p>\n","protected":false},"featured_media":0,"comment_status":"open","ping_status":"closed","template":"","meta":[],"product_brand":[],"product_cat":[137],"product_tag":[],"class_list":{"0":"post-20321","1":"product","2":"type-product","3":"status-publish","5":"product_cat-maros-megyei-eletrajzi-lexikon","7":"first","8":"instock","9":"shipping-taxable","10":"product-type-simple"},"_links":{"self":[{"href":"https:\/\/uj.adatbank.ro\/lexikon\/wp-json\/wp\/v2\/product\/20321","targetHints":{"allow":["GET"]}}],"collection":[{"href":"https:\/\/uj.adatbank.ro\/lexikon\/wp-json\/wp\/v2\/product"}],"about":[{"href":"https:\/\/uj.adatbank.ro\/lexikon\/wp-json\/wp\/v2\/types\/product"}],"replies":[{"embeddable":true,"href":"https:\/\/uj.adatbank.ro\/lexikon\/wp-json\/wp\/v2\/comments?post=20321"}],"wp:attachment":[{"href":"https:\/\/uj.adatbank.ro\/lexikon\/wp-json\/wp\/v2\/media?parent=20321"}],"wp:term":[{"taxonomy":"product_brand","embeddable":true,"href":"https:\/\/uj.adatbank.ro\/lexikon\/wp-json\/wp\/v2\/product_brand?post=20321"},{"taxonomy":"product_cat","embeddable":true,"href":"https:\/\/uj.adatbank.ro\/lexikon\/wp-json\/wp\/v2\/product_cat?post=20321"},{"taxonomy":"product_tag","embeddable":true,"href":"https:\/\/uj.adatbank.ro\/lexikon\/wp-json\/wp\/v2\/product_tag?post=20321"}],"curies":[{"name":"wp","href":"https:\/\/api.w.org\/{rel}","templated":true}]}}