{"id":20322,"date":"2025-07-22T18:44:43","date_gmt":"2025-07-22T16:44:43","guid":{"rendered":"https:\/\/uj.adatbank.ro\/lexikon\/termek\/silvasan-teodor\/"},"modified":"2025-07-22T18:44:43","modified_gmt":"2025-07-22T16:44:43","slug":"silvasan-teodor","status":"publish","type":"product","link":"https:\/\/uj.adatbank.ro\/lexikon\/termek\/silvasan-teodor\/","title":{"rendered":"SILV\u0102\u015eAN, Teodor"},"content":{"rendered":"<p>? \u2020?: term\u00e9nybegy\u0171jt\u0151. \u2013 Uzdiszentp\u00e9terben, a n\u00e9ptan\u00e1cs keret\u00e9ben eln\u00f6ke volt a term\u00e9nybegy\u0171jt\u0151 bizotts\u00e1gnak, amelynek feladata volt a lakosokt\u00f3l begy\u0171jteni az \u00e1llam r\u00e9sz\u00e9re leadand\u00f3 term\u00e9nyeket (1951). Volt, hogy Korea megseg\u00edt\u00e9s\u00e9re, v. m\u00e1s \u00e1llam r\u00e9sz\u00e9re kellett term\u00e9nyeket \u00e9s ruh\u00e1t beadni a falusi gazd\u00e1knak; gyakran el\u0151fordult, h. saj\u00e1t haszn\u00e1latra alig maradt valami a lakosoknak (1952). <br \/><strong>Irod.:<\/strong> S\u00e2npetru de C\u00e2mpie.<\/br><\/p>\n","protected":false},"excerpt":{"rendered":"<p>? \u2020?: term\u00e9nybegy\u0171jt\u0151. \u2013 Uzdiszentp\u00e9terben, a n\u00e9ptan\u00e1cs keret\u00e9ben eln\u00f6ke volt a term\u00e9nybegy\u0171jt\u0151 bizotts\u00e1gnak, amelynek feladata volt a lakosokt\u00f3l begy\u0171jteni az \u00e1llam r\u00e9sz\u00e9re leadand\u00f3 term\u00e9nyeket (1951). Volt, hogy Korea megseg\u00edt\u00e9s\u00e9re, v. m\u00e1s \u00e1llam r\u00e9sz\u00e9re kellett term\u00e9nyeket \u00e9s ruh\u00e1t beadni a falusi gazd\u00e1knak; gyakran el\u0151fordult, h. saj\u00e1t haszn\u00e1latra alig maradt valami a lakosoknak (1952). Irod.: S\u00e2npetru de [&hellip;]<\/p>\n","protected":false},"featured_media":0,"comment_status":"open","ping_status":"closed","template":"","meta":[],"product_brand":[],"product_cat":[137],"product_tag":[],"class_list":{"0":"post-20322","1":"product","2":"type-product","3":"status-publish","5":"product_cat-maros-megyei-eletrajzi-lexikon","7":"first","8":"instock","9":"shipping-taxable","10":"product-type-simple"},"_links":{"self":[{"href":"https:\/\/uj.adatbank.ro\/lexikon\/wp-json\/wp\/v2\/product\/20322","targetHints":{"allow":["GET"]}}],"collection":[{"href":"https:\/\/uj.adatbank.ro\/lexikon\/wp-json\/wp\/v2\/product"}],"about":[{"href":"https:\/\/uj.adatbank.ro\/lexikon\/wp-json\/wp\/v2\/types\/product"}],"replies":[{"embeddable":true,"href":"https:\/\/uj.adatbank.ro\/lexikon\/wp-json\/wp\/v2\/comments?post=20322"}],"wp:attachment":[{"href":"https:\/\/uj.adatbank.ro\/lexikon\/wp-json\/wp\/v2\/media?parent=20322"}],"wp:term":[{"taxonomy":"product_brand","embeddable":true,"href":"https:\/\/uj.adatbank.ro\/lexikon\/wp-json\/wp\/v2\/product_brand?post=20322"},{"taxonomy":"product_cat","embeddable":true,"href":"https:\/\/uj.adatbank.ro\/lexikon\/wp-json\/wp\/v2\/product_cat?post=20322"},{"taxonomy":"product_tag","embeddable":true,"href":"https:\/\/uj.adatbank.ro\/lexikon\/wp-json\/wp\/v2\/product_tag?post=20322"}],"curies":[{"name":"wp","href":"https:\/\/api.w.org\/{rel}","templated":true}]}}