{"id":20323,"date":"2025-07-22T18:44:45","date_gmt":"2025-07-22T16:44:45","guid":{"rendered":"https:\/\/uj.adatbank.ro\/lexikon\/termek\/silvestri-constantin-%c2%a7\/"},"modified":"2025-07-22T18:44:45","modified_gmt":"2025-07-22T16:44:45","slug":"silvestri-constantin-%c2%a7","status":"publish","type":"product","link":"https:\/\/uj.adatbank.ro\/lexikon\/termek\/silvestri-constantin-%c2%a7\/","title":{"rendered":"SILVESTRI, Constantin, \u00a7"},"content":{"rendered":"<p>Buk., 1913. \u2020 London, 1969. febr. 21. karmester, zeneszerz\u0151. \u2013 Mostohaapja volt a megye prefektusa (1922\u201329). A mv.-i konzervat\u00f3riumban (1920\u201427) tanult. Egyike volt azoknak a tanul\u00f3knak, akik Mv.-en George Enescu l\u00e1togat\u00e1sakor j\u00e1tszottak a Kult\u00farpalot\u00e1ban. Tanulm\u00e1nyait a buk.-i konzervat\u00f3riumban folytatta (1928\u201433), zongor\u00e1t \u00e9s zeneszerz\u00e9st Florica Mizicescu, Mihai Jora ir\u00e1ny\u00edt\u00e1s\u00e1val tanult. A buk.-i \u00c1llami Enescu Filharm\u00f3nia Zenekar igazgat\u00f3ja (1947\u201455), a buk.-i opera igazgat\u00f3ja (1955\u201457), a buk.-i konzervat\u00f3rium karmesterk\u00e9pz\u0151 szak\u00e1nak vezet\u0151 tan\u00e1ra, a r\u00e1di\u00f3 zenei tan\u00e1csad\u00f3ja \u00e9s a r\u00e1di\u00f3zenekar karnagya. Karmesteri tev\u00e9kenys\u00e9ge nem \u00e1rny\u00e9kolta be gazdag zeneszerz\u0151i tev\u00e9kenys\u00e9g\u00e9t, k\u00fcl\u00f6n\u00f6sen a kamarazene ter\u00fclet\u00e9n vannak jelent\u0151s alkot\u00e1sai. A Rom\u00e1n N\u00e9pk\u00f6zt\u00e1rsas\u00e1g n\u00e9pm\u0171v\u00e9sze c\u00edmmel \u00e9s \u00e1llami d\u00edjjal t\u00fcntett\u00e9k ki. Az egyik legjelent\u0151sebb rom\u00e1n karmester volt. Tisztelet\u00e9re \u00e9s eml\u00e9k\u00e9re a Mv.-i \u00c1llami Filarm\u00f3nia \u00e9vente megrendezi a Constantin Silvestri Nemzetk\u00f6zi Zenei fesztiv\u00e1lt (1990\u2013). \u2013 <strong><strong>F. m.<\/strong><\/strong>: 3 piese de concert: Piano solo (Buc., 1971); Piese pentru pian (Buc., 1973, 1979); 5 t\u00e1nc kiszenekarra, 7 zenekari capriccio, 3 von\u00f3sn\u00e9gyes, 12 szon\u00e1ta k\u00fcl\u00f6nb\u00f6z\u0151 hangszerekre, f\u00fav\u00f3stri\u00f3k, heged\u0171-gordonka-oboa-klarin\u00e9t-n\u00e9gyes, 40 lied Heine \u00e9s Rilke verseire \u00e9s n\u00e9pdalmot\u00edvumokra; bihari rom\u00e1n t\u00e1ncok feldolgoz\u00e1sa; H\u00e1rom von\u00f3szenekari darab zenekari Toccata; 2 von\u00f3szenekari Concerto; 6 Prel\u00fadium \u00e9s Fuga; dalok, kamarazenekari m\u0171vek. <br \/><strong>Irod.:<\/strong> Elekes M-A. 2007; Gheorghiu, Virgil: Din muzica \u015fi via\u0163a compozitorilor (Buc., 1942); Mv. t\u00f6rt. 2.; Pricope, Eugen: C. S.: \u00centre str\u0103lucire \u015fi&#8230; c\u00eentece de pustiu (Buc., 1975); Zenei lex.<\/br><\/p>\n","protected":false},"excerpt":{"rendered":"<p>Buk., 1913. \u2020 London, 1969. febr. 21. karmester, zeneszerz\u0151. \u2013 Mostohaapja volt a megye prefektusa (1922\u201329). A mv.-i konzervat\u00f3riumban (1920\u201427) tanult. Egyike volt azoknak a tanul\u00f3knak, akik Mv.-en George Enescu l\u00e1togat\u00e1sakor j\u00e1tszottak a Kult\u00farpalot\u00e1ban. Tanulm\u00e1nyait a buk.-i konzervat\u00f3riumban folytatta (1928\u201433), zongor\u00e1t \u00e9s zeneszerz\u00e9st Florica Mizicescu, Mihai Jora ir\u00e1ny\u00edt\u00e1s\u00e1val tanult. A buk.-i \u00c1llami Enescu Filharm\u00f3nia Zenekar [&hellip;]<\/p>\n","protected":false},"featured_media":0,"comment_status":"open","ping_status":"closed","template":"","meta":[],"product_brand":[],"product_cat":[137],"product_tag":[],"class_list":{"0":"post-20323","1":"product","2":"type-product","3":"status-publish","5":"product_cat-maros-megyei-eletrajzi-lexikon","7":"first","8":"instock","9":"shipping-taxable","10":"product-type-simple"},"_links":{"self":[{"href":"https:\/\/uj.adatbank.ro\/lexikon\/wp-json\/wp\/v2\/product\/20323","targetHints":{"allow":["GET"]}}],"collection":[{"href":"https:\/\/uj.adatbank.ro\/lexikon\/wp-json\/wp\/v2\/product"}],"about":[{"href":"https:\/\/uj.adatbank.ro\/lexikon\/wp-json\/wp\/v2\/types\/product"}],"replies":[{"embeddable":true,"href":"https:\/\/uj.adatbank.ro\/lexikon\/wp-json\/wp\/v2\/comments?post=20323"}],"wp:attachment":[{"href":"https:\/\/uj.adatbank.ro\/lexikon\/wp-json\/wp\/v2\/media?parent=20323"}],"wp:term":[{"taxonomy":"product_brand","embeddable":true,"href":"https:\/\/uj.adatbank.ro\/lexikon\/wp-json\/wp\/v2\/product_brand?post=20323"},{"taxonomy":"product_cat","embeddable":true,"href":"https:\/\/uj.adatbank.ro\/lexikon\/wp-json\/wp\/v2\/product_cat?post=20323"},{"taxonomy":"product_tag","embeddable":true,"href":"https:\/\/uj.adatbank.ro\/lexikon\/wp-json\/wp\/v2\/product_tag?post=20323"}],"curies":[{"name":"wp","href":"https:\/\/api.w.org\/{rel}","templated":true}]}}