{"id":20324,"date":"2025-07-22T18:44:49","date_gmt":"2025-07-22T16:44:49","guid":{"rendered":"https:\/\/uj.adatbank.ro\/lexikon\/termek\/simai-anna-csiki-gergelyne\/"},"modified":"2025-07-22T18:44:49","modified_gmt":"2025-07-22T16:44:49","slug":"simai-anna-csiki-gergelyne","status":"publish","type":"product","link":"https:\/\/uj.adatbank.ro\/lexikon\/termek\/simai-anna-csiki-gergelyne\/","title":{"rendered":"SIMAI Anna, Csiki Gergelyn\u00e9"},"content":{"rendered":"<p>1799? \u2020\u00a0Mv., 1825. okt. 16. A mv.-i Keresztel\u0151 Szent J\u00e1nos-pl\u00e9b\u00e1nia kript\u00e1j\u00e1ba temett\u00e9k: Cs\u00edki Gergely feles\u00e9ge. <br \/><strong>Irod.:<\/strong> Pusk\u00e1s Attila \u2013 s\u00edrfeliratok.<\/br><\/p>\n","protected":false},"excerpt":{"rendered":"<p>1799? \u2020\u00a0Mv., 1825. okt. 16. A mv.-i Keresztel\u0151 Szent J\u00e1nos-pl\u00e9b\u00e1nia kript\u00e1j\u00e1ba temett\u00e9k: Cs\u00edki Gergely feles\u00e9ge. Irod.: Pusk\u00e1s Attila \u2013 s\u00edrfeliratok.<\/p>\n","protected":false},"featured_media":0,"comment_status":"open","ping_status":"closed","template":"","meta":[],"product_brand":[],"product_cat":[137],"product_tag":[],"class_list":{"0":"post-20324","1":"product","2":"type-product","3":"status-publish","5":"product_cat-maros-megyei-eletrajzi-lexikon","7":"first","8":"instock","9":"shipping-taxable","10":"product-type-simple"},"_links":{"self":[{"href":"https:\/\/uj.adatbank.ro\/lexikon\/wp-json\/wp\/v2\/product\/20324","targetHints":{"allow":["GET"]}}],"collection":[{"href":"https:\/\/uj.adatbank.ro\/lexikon\/wp-json\/wp\/v2\/product"}],"about":[{"href":"https:\/\/uj.adatbank.ro\/lexikon\/wp-json\/wp\/v2\/types\/product"}],"replies":[{"embeddable":true,"href":"https:\/\/uj.adatbank.ro\/lexikon\/wp-json\/wp\/v2\/comments?post=20324"}],"wp:attachment":[{"href":"https:\/\/uj.adatbank.ro\/lexikon\/wp-json\/wp\/v2\/media?parent=20324"}],"wp:term":[{"taxonomy":"product_brand","embeddable":true,"href":"https:\/\/uj.adatbank.ro\/lexikon\/wp-json\/wp\/v2\/product_brand?post=20324"},{"taxonomy":"product_cat","embeddable":true,"href":"https:\/\/uj.adatbank.ro\/lexikon\/wp-json\/wp\/v2\/product_cat?post=20324"},{"taxonomy":"product_tag","embeddable":true,"href":"https:\/\/uj.adatbank.ro\/lexikon\/wp-json\/wp\/v2\/product_tag?post=20324"}],"curies":[{"name":"wp","href":"https:\/\/api.w.org\/{rel}","templated":true}]}}