{"id":20326,"date":"2025-07-22T18:44:53","date_gmt":"2025-07-22T16:44:53","guid":{"rendered":"https:\/\/uj.adatbank.ro\/lexikon\/termek\/simak-lajos\/"},"modified":"2025-07-22T18:44:53","modified_gmt":"2025-07-22T16:44:53","slug":"simak-lajos","status":"publish","type":"product","link":"https:\/\/uj.adatbank.ro\/lexikon\/termek\/simak-lajos\/","title":{"rendered":"SIM\u00c1K Lajos"},"content":{"rendered":"<p>? \u2020?: m\u00e9rn\u00f6k. \u2013 A nagys\u00e1rm\u00e1si ref. templom toronygombj\u00e1ban elhelyezett irat eml\u00edti, mint kir. m\u00e9rn\u00f6k\u00f6t (1902). \u0150 vezette a templom \u00e9p\u00edt\u00e9s\u00e9t (1902-t\u0151l), a szolgab\u00edr\u00f3i, orvosi, k\u00f6zjegyz\u0151i, \u00e1llatorvosi lak\u00e1s, a k\u00f6zs\u00e9gh\u00e1za \u00e9p\u00edt\u00e9s\u00e9t Nagys\u00e1rm\u00e1son. <br \/><strong>Irod.:<\/strong> Keszeg.<\/br><\/p>\n","protected":false},"excerpt":{"rendered":"<p>? \u2020?: m\u00e9rn\u00f6k. \u2013 A nagys\u00e1rm\u00e1si ref. templom toronygombj\u00e1ban elhelyezett irat eml\u00edti, mint kir. m\u00e9rn\u00f6k\u00f6t (1902). \u0150 vezette a templom \u00e9p\u00edt\u00e9s\u00e9t (1902-t\u0151l), a szolgab\u00edr\u00f3i, orvosi, k\u00f6zjegyz\u0151i, \u00e1llatorvosi lak\u00e1s, a k\u00f6zs\u00e9gh\u00e1za \u00e9p\u00edt\u00e9s\u00e9t Nagys\u00e1rm\u00e1son. Irod.: Keszeg.<\/p>\n","protected":false},"featured_media":0,"comment_status":"open","ping_status":"closed","template":"","meta":[],"product_brand":[],"product_cat":[137],"product_tag":[],"class_list":{"0":"post-20326","1":"product","2":"type-product","3":"status-publish","5":"product_cat-maros-megyei-eletrajzi-lexikon","7":"first","8":"instock","9":"shipping-taxable","10":"product-type-simple"},"_links":{"self":[{"href":"https:\/\/uj.adatbank.ro\/lexikon\/wp-json\/wp\/v2\/product\/20326","targetHints":{"allow":["GET"]}}],"collection":[{"href":"https:\/\/uj.adatbank.ro\/lexikon\/wp-json\/wp\/v2\/product"}],"about":[{"href":"https:\/\/uj.adatbank.ro\/lexikon\/wp-json\/wp\/v2\/types\/product"}],"replies":[{"embeddable":true,"href":"https:\/\/uj.adatbank.ro\/lexikon\/wp-json\/wp\/v2\/comments?post=20326"}],"wp:attachment":[{"href":"https:\/\/uj.adatbank.ro\/lexikon\/wp-json\/wp\/v2\/media?parent=20326"}],"wp:term":[{"taxonomy":"product_brand","embeddable":true,"href":"https:\/\/uj.adatbank.ro\/lexikon\/wp-json\/wp\/v2\/product_brand?post=20326"},{"taxonomy":"product_cat","embeddable":true,"href":"https:\/\/uj.adatbank.ro\/lexikon\/wp-json\/wp\/v2\/product_cat?post=20326"},{"taxonomy":"product_tag","embeddable":true,"href":"https:\/\/uj.adatbank.ro\/lexikon\/wp-json\/wp\/v2\/product_tag?post=20326"}],"curies":[{"name":"wp","href":"https:\/\/api.w.org\/{rel}","templated":true}]}}