{"id":20327,"date":"2025-07-22T18:44:55","date_gmt":"2025-07-22T16:44:55","guid":{"rendered":"https:\/\/uj.adatbank.ro\/lexikon\/termek\/simalcsik-ferenc\/"},"modified":"2025-07-22T18:44:55","modified_gmt":"2025-07-22T16:44:55","slug":"simalcsik-ferenc","status":"publish","type":"product","link":"https:\/\/uj.adatbank.ro\/lexikon\/termek\/simalcsik-ferenc\/","title":{"rendered":"SIMALCSIK Ferenc"},"content":{"rendered":"<p>1901., \u2020\u00a0Mv., 1974. okt. 9.: munk\u00e1smozgalmi harcos. \u2013 Kora ifj\u00fas\u00e1g\u00e1ban bekapcsol\u00f3dott a munk\u00e1smozgalomba,a RKP tagja (1928\u2013), az illegalit\u00e1s \u00e9veiben akt\u00edvan tev\u00e9kenykedett az Egys\u00e9ges Szakszervezetekben., Arad, Galac \u00e9s Mv. gy\u00e1raiban sztr\u00e1jkokat szervezett \u00e9s ir\u00e1ny\u00edtott, tagja volt a V\u00f6r\u00f6s Seg\u00e9ly bizotts\u00e1gnak, t\u00f6bb \u00edzben letart\u00f3ztatt\u00e1k \u00e9s meghurcolt\u00e1k. A felszabadul\u00e1s ut\u00e1n k\u00fcl\u00f6nb\u00f6z\u0151 p\u00e1rtfeladatokkal b\u00edzt\u00e1k meg. <br \/><strong>Irod.:<\/strong> S. F. [Nekrol\u00f3g] (V. Z., 1974. okt. 11.).<\/br><\/p>\n","protected":false},"excerpt":{"rendered":"<p>1901., \u2020\u00a0Mv., 1974. okt. 9.: munk\u00e1smozgalmi harcos. \u2013 Kora ifj\u00fas\u00e1g\u00e1ban bekapcsol\u00f3dott a munk\u00e1smozgalomba,a RKP tagja (1928\u2013), az illegalit\u00e1s \u00e9veiben akt\u00edvan tev\u00e9kenykedett az Egys\u00e9ges Szakszervezetekben., Arad, Galac \u00e9s Mv. gy\u00e1raiban sztr\u00e1jkokat szervezett \u00e9s ir\u00e1ny\u00edtott, tagja volt a V\u00f6r\u00f6s Seg\u00e9ly bizotts\u00e1gnak, t\u00f6bb \u00edzben letart\u00f3ztatt\u00e1k \u00e9s meghurcolt\u00e1k. A felszabadul\u00e1s ut\u00e1n k\u00fcl\u00f6nb\u00f6z\u0151 p\u00e1rtfeladatokkal b\u00edzt\u00e1k meg. Irod.: S. F. [Nekrol\u00f3g] [&hellip;]<\/p>\n","protected":false},"featured_media":0,"comment_status":"open","ping_status":"closed","template":"","meta":[],"product_brand":[],"product_cat":[137],"product_tag":[],"class_list":{"0":"post-20327","1":"product","2":"type-product","3":"status-publish","5":"product_cat-maros-megyei-eletrajzi-lexikon","7":"first","8":"instock","9":"shipping-taxable","10":"product-type-simple"},"_links":{"self":[{"href":"https:\/\/uj.adatbank.ro\/lexikon\/wp-json\/wp\/v2\/product\/20327","targetHints":{"allow":["GET"]}}],"collection":[{"href":"https:\/\/uj.adatbank.ro\/lexikon\/wp-json\/wp\/v2\/product"}],"about":[{"href":"https:\/\/uj.adatbank.ro\/lexikon\/wp-json\/wp\/v2\/types\/product"}],"replies":[{"embeddable":true,"href":"https:\/\/uj.adatbank.ro\/lexikon\/wp-json\/wp\/v2\/comments?post=20327"}],"wp:attachment":[{"href":"https:\/\/uj.adatbank.ro\/lexikon\/wp-json\/wp\/v2\/media?parent=20327"}],"wp:term":[{"taxonomy":"product_brand","embeddable":true,"href":"https:\/\/uj.adatbank.ro\/lexikon\/wp-json\/wp\/v2\/product_brand?post=20327"},{"taxonomy":"product_cat","embeddable":true,"href":"https:\/\/uj.adatbank.ro\/lexikon\/wp-json\/wp\/v2\/product_cat?post=20327"},{"taxonomy":"product_tag","embeddable":true,"href":"https:\/\/uj.adatbank.ro\/lexikon\/wp-json\/wp\/v2\/product_tag?post=20327"}],"curies":[{"name":"wp","href":"https:\/\/api.w.org\/{rel}","templated":true}]}}