{"id":20329,"date":"2025-07-22T18:44:59","date_gmt":"2025-07-22T16:44:59","guid":{"rendered":"https:\/\/uj.adatbank.ro\/lexikon\/termek\/simay-rozalia-kabdebo-ferencne\/"},"modified":"2025-07-22T18:44:59","modified_gmt":"2025-07-22T16:44:59","slug":"simay-rozalia-kabdebo-ferencne","status":"publish","type":"product","link":"https:\/\/uj.adatbank.ro\/lexikon\/termek\/simay-rozalia-kabdebo-ferencne\/","title":{"rendered":"SIMAY Roz\u00e1lia; Kabdeb\u00f3 Ferencn\u00e9"},"content":{"rendered":"<p>Szamos\u00fajv\u00e1r, 1857., \u2020 Mv., 1934. szept. 8.: zongoram\u0171v\u00e9sz. \u2013 Pesten tanult, Liszt Ferenc tan\u00edtv\u00e1nya volt, f\u00e9rj\u00e9vel, dr. Kabdeb\u00f3 Ferenc jog\u00e1sszal Mv.-en \u00e9lt. Az I. vh. idej\u00e9n j\u00f3t\u00e9konys\u00e1gi c\u00e9l\u00fa hangversenyeken is fell\u00e9pett. <br \/><strong>Irod.:<\/strong> Gudenus: Mv. \u00e9s a h\u00e1bor\u00fa; \u00d6rm\u00e9ny csal\u00e1dok; M\u0171vel\u0151d\u00e9s (1995. j\u00fan.).<\/br><\/p>\n","protected":false},"excerpt":{"rendered":"<p>Szamos\u00fajv\u00e1r, 1857., \u2020 Mv., 1934. szept. 8.: zongoram\u0171v\u00e9sz. \u2013 Pesten tanult, Liszt Ferenc tan\u00edtv\u00e1nya volt, f\u00e9rj\u00e9vel, dr. Kabdeb\u00f3 Ferenc jog\u00e1sszal Mv.-en \u00e9lt. Az I. vh. idej\u00e9n j\u00f3t\u00e9konys\u00e1gi c\u00e9l\u00fa hangversenyeken is fell\u00e9pett. Irod.: Gudenus: Mv. \u00e9s a h\u00e1bor\u00fa; \u00d6rm\u00e9ny csal\u00e1dok; M\u0171vel\u0151d\u00e9s (1995. j\u00fan.).<\/p>\n","protected":false},"featured_media":0,"comment_status":"open","ping_status":"closed","template":"","meta":[],"product_brand":[],"product_cat":[137],"product_tag":[],"class_list":{"0":"post-20329","1":"product","2":"type-product","3":"status-publish","5":"product_cat-maros-megyei-eletrajzi-lexikon","7":"first","8":"instock","9":"shipping-taxable","10":"product-type-simple"},"_links":{"self":[{"href":"https:\/\/uj.adatbank.ro\/lexikon\/wp-json\/wp\/v2\/product\/20329","targetHints":{"allow":["GET"]}}],"collection":[{"href":"https:\/\/uj.adatbank.ro\/lexikon\/wp-json\/wp\/v2\/product"}],"about":[{"href":"https:\/\/uj.adatbank.ro\/lexikon\/wp-json\/wp\/v2\/types\/product"}],"replies":[{"embeddable":true,"href":"https:\/\/uj.adatbank.ro\/lexikon\/wp-json\/wp\/v2\/comments?post=20329"}],"wp:attachment":[{"href":"https:\/\/uj.adatbank.ro\/lexikon\/wp-json\/wp\/v2\/media?parent=20329"}],"wp:term":[{"taxonomy":"product_brand","embeddable":true,"href":"https:\/\/uj.adatbank.ro\/lexikon\/wp-json\/wp\/v2\/product_brand?post=20329"},{"taxonomy":"product_cat","embeddable":true,"href":"https:\/\/uj.adatbank.ro\/lexikon\/wp-json\/wp\/v2\/product_cat?post=20329"},{"taxonomy":"product_tag","embeddable":true,"href":"https:\/\/uj.adatbank.ro\/lexikon\/wp-json\/wp\/v2\/product_tag?post=20329"}],"curies":[{"name":"wp","href":"https:\/\/api.w.org\/{rel}","templated":true}]}}