{"id":20332,"date":"2025-07-22T18:45:05","date_gmt":"2025-07-22T16:45:05","guid":{"rendered":"https:\/\/uj.adatbank.ro\/lexikon\/termek\/simen-simeny-sardi-csalad\/"},"modified":"2025-07-22T18:45:05","modified_gmt":"2025-07-22T16:45:05","slug":"simen-simeny-sardi-csalad","status":"publish","type":"product","link":"https:\/\/uj.adatbank.ro\/lexikon\/termek\/simen-simeny-sardi-csalad\/","title":{"rendered":"SIM\u00c9N, Sim\u00e9ny, s\u00e1rdi csal\u00e1d"},"content":{"rendered":"<p>R\u00e9gi sz\u00e9kely nemzets\u00e9g, melynek neve Sim\u00e9ny, Sem\u00e9n, Semien alakban fordul el\u0151; pr\u00e9dik\u00e1tumot is t\u00f6bbf\u00e9l\u00e9t viseltek; igy de Sz.-Kir\u00e1ly, de Homorod-Sz.-M\u00e1rton, de Kad\u00e1cs, de S\u00e1rd \u00e9s de Somly\u00f3. Legr\u00e9gibb, kir\u0151l eml\u00e9keink vannak, szentkir\u00e1lyi Semien Istv\u00e1n, 1409-ben Maros-sz\u00e9k sz\u00f3sz\u00f3l\u00f3ja. 1537-ben Sim\u00e9n Gergely Udvarhely sz\u00e9kr\u0151l zsoldos hadat visz Munk\u00e1cs al\u00e1. Gergely a Nagy-K\u00fck\u00fcll\u0151 melletti S\u00e1rdra telepedett, ahonnan ism\u00e9t a csal\u00e1d egy \u00e1ga el\u0151nev\u00e9t \u00edrja. Gergelynek k\u00e9t fia maradt: Istv\u00e1n \u00e9s P\u00e1l, amaz S\u00e1rdon maradt \u00e9s t\u00f6rzse lett a mai s\u00e1rdi Sim\u00e9ny csal\u00e1d ivad\u00e9knak; testv\u00e9re P\u00e1l pedig elvette Nagy Ann\u00e1t, azzal kapt\u00e1k a sz\u00e9plaki r\u00e9szbirtokot, melyet a Horv\u00e1th csal\u00e1ddal 1609-ben osztanak el. Ezen P\u00e1lnak fiai Tam\u00e1s, J\u00e1nos \u00e9s Istv\u00e1n a sz\u00e9plaki \u00e1gat terjeszt\u00e9k, melynek azonban teljes nemzed\u00e9krendj\u00e9t napjainkig nem b\u00edrjuk; \u00fagy kell lenni, hogy ebb\u0151l sz\u00e1rmazott legyen a solymosi \u00e1g is, (t\u00e1n a nevezett h\u00e1rom fi\u00fak egyik\u00e9t\u0151l) mert a sz\u00e9plaki \u00e1g magvaszakadt\u00e1val a solymosi \u00e1g \u00f6r\u00f6k\u00f6s\u00f6d\u00f6tt a sz\u00e9plaki j\u00f3sz\u00e1gban. A solymosi \u00e1g Elekben \u00e9s fi\u00e1ban Andr\u00e1sban \u00e9s ennek testv\u00e9reiben \u00e9l. Ez \u00e1gb\u00f3l volt J\u00e1nos. 1836. k\u00f6r\u00fcl Mv.-i kir. t\u00e1blai \u00fcgyv\u00e9d. A csal\u00e1db\u00f3l kevesen viseltek hivatalt, legt\u00f6bben gazd\u00e1skodtak. Gy\u00f6rgy (a III-ik) 1790-ben K\u00fck\u00fcll\u0151 megyei k\u00f6vet, 1794-ben Torda megy\u00e9b\u0151l k\u00f6vet. Elek s\u00e1rdi pr\u00e9dik\u00e1tummal 1794-ben K\u00fck\u00fcll\u0151 megye alisp\u00e1nja, 1815-ben az unit\u00e1r egyh\u00e1zi korm\u00e1ny \u00fcln\u00f6ke. Gy\u00f6rgy (a IV-ik) 1815-ben unit\u00e1r egyh\u00e1zi \u00fcln\u00f6k. Ugyanekkor id\u0151sb Elek K\u00fck\u00fcll\u0151 megyei h\u00e1zi sz\u00e1mvev\u0151. J\u00e1nos \u0151rnagy, ez vagy m\u00e1sik J\u00e1nos 1836-ban kir\u00e1lyi hivatalos. A csal\u00e1dfa utols\u00f3 \u00edz\u00e9n \u00e1ll\u00f3 h\u00e1rom fiatal sz\u00e9p h\u00f6lgy 1849-ben a vil\u00e1gosi katasztr\u00f3fa napj\u00e1n halt meg. Kelementelke nevezetes \u00e9p\u00fclete a Sim\u00e9n Gy\u00f6rgy csal\u00e1d udvarh\u00e1za, melynek Pet\u0151fi S\u00e1ndor \u00e9s J\u00f3kai M\u00f3r is vend\u00e9ge volt. Rakt\u00e1rk\u00e9nt haszn\u00e1lt\u00e1k az \u00e9p\u00fcletet a t\u00e9esz idej\u00e9n, ma a falu m\u0171vel\u0151d\u00e9si h\u00e1za. Egy eml\u00e9kt\u00e1bl\u00e1n a h\u00e1z fal\u00e1n a k\u00f6vetkez\u0151 felirat \u00e1ll: \u201e\u00c1ldott legyen e h\u00e1z, ahol 1849. j\u00falius 30-\u00e1n utolj\u00e1ra eb\u00e9delt nagy k\u00f6lt\u0151nk Pet\u0151fi S\u00e1ndor\u201d; \u201eErd\u00e9lyi k\u00f6r\u00fatja sor\u00e1n 1853. m\u00e1jus 18\u201320. k\u00f6z\u00f6tt e h\u00e1zban sz\u00e1ll meg J\u00f3kai M\u00f3r\u201d. Alatta Pet\u0151fi S\u00e1ndor \u00e9s Bem J\u00f3zsef bronzplakettjei l\u00e1that\u00f3k, amelyeket a sepsiszentgy\u00f6rgyi Dr. Kov\u00e1cs S\u00e1ndor Cserk\u00e9szcsapat k\u00e9sz\u00edttetett. C\u00edmerpecs\u00e9t \u00e9s lesz\u00e1rmaz\u00e1si adatok a gr. Teleki-lev\u00e9lt\u00e1rban Mv. <br \/><strong>Irod.:<\/strong> Nagy Iv\u00e1n; P\u00e1lmay; Sepsisz\u00e9ki; Vofkori L\u00e1szl\u00f3 2004.<\/br><\/p>\n","protected":false},"excerpt":{"rendered":"<p>R\u00e9gi sz\u00e9kely nemzets\u00e9g, melynek neve Sim\u00e9ny, Sem\u00e9n, Semien alakban fordul el\u0151; pr\u00e9dik\u00e1tumot is t\u00f6bbf\u00e9l\u00e9t viseltek; igy de Sz.-Kir\u00e1ly, de Homorod-Sz.-M\u00e1rton, de Kad\u00e1cs, de S\u00e1rd \u00e9s de Somly\u00f3. Legr\u00e9gibb, kir\u0151l eml\u00e9keink vannak, szentkir\u00e1lyi Semien Istv\u00e1n, 1409-ben Maros-sz\u00e9k sz\u00f3sz\u00f3l\u00f3ja. 1537-ben Sim\u00e9n Gergely Udvarhely sz\u00e9kr\u0151l zsoldos hadat visz Munk\u00e1cs al\u00e1. Gergely a Nagy-K\u00fck\u00fcll\u0151 melletti S\u00e1rdra telepedett, ahonnan ism\u00e9t [&hellip;]<\/p>\n","protected":false},"featured_media":0,"comment_status":"open","ping_status":"closed","template":"","meta":[],"product_brand":[],"product_cat":[137],"product_tag":[],"class_list":{"0":"post-20332","1":"product","2":"type-product","3":"status-publish","5":"product_cat-maros-megyei-eletrajzi-lexikon","7":"first","8":"instock","9":"shipping-taxable","10":"product-type-simple"},"_links":{"self":[{"href":"https:\/\/uj.adatbank.ro\/lexikon\/wp-json\/wp\/v2\/product\/20332","targetHints":{"allow":["GET"]}}],"collection":[{"href":"https:\/\/uj.adatbank.ro\/lexikon\/wp-json\/wp\/v2\/product"}],"about":[{"href":"https:\/\/uj.adatbank.ro\/lexikon\/wp-json\/wp\/v2\/types\/product"}],"replies":[{"embeddable":true,"href":"https:\/\/uj.adatbank.ro\/lexikon\/wp-json\/wp\/v2\/comments?post=20332"}],"wp:attachment":[{"href":"https:\/\/uj.adatbank.ro\/lexikon\/wp-json\/wp\/v2\/media?parent=20332"}],"wp:term":[{"taxonomy":"product_brand","embeddable":true,"href":"https:\/\/uj.adatbank.ro\/lexikon\/wp-json\/wp\/v2\/product_brand?post=20332"},{"taxonomy":"product_cat","embeddable":true,"href":"https:\/\/uj.adatbank.ro\/lexikon\/wp-json\/wp\/v2\/product_cat?post=20332"},{"taxonomy":"product_tag","embeddable":true,"href":"https:\/\/uj.adatbank.ro\/lexikon\/wp-json\/wp\/v2\/product_tag?post=20332"}],"curies":[{"name":"wp","href":"https:\/\/api.w.org\/{rel}","templated":true}]}}