{"id":20333,"date":"2025-07-22T18:45:07","date_gmt":"2025-07-22T16:45:07","guid":{"rendered":"https:\/\/uj.adatbank.ro\/lexikon\/termek\/simen-amalia-sardi-lazar-kalmanne\/"},"modified":"2025-07-22T18:45:07","modified_gmt":"2025-07-22T16:45:07","slug":"simen-amalia-sardi-lazar-kalmanne","status":"publish","type":"product","link":"https:\/\/uj.adatbank.ro\/lexikon\/termek\/simen-amalia-sardi-lazar-kalmanne\/","title":{"rendered":"SIM\u00c9N Am\u00e1lia, s\u00e1rdi; L\u00e1z\u00e1r K\u00e1lm\u00e1nn\u00e9"},"content":{"rendered":"<p>1835., \u2020 Mv., 1907. m\u00e1rc. 28., tem. Kelementelke, m\u00e1rc. 30.: S. Gy\u00f6rgy \u00e9s br. Plankensteini Raueber R\u00f3za le\u00e1nya. F\u00e9rjhez ment dr. L\u00e1z\u00e1r K\u00e1lm\u00e1nhoz, (1827\u20131874), aki ornitol\u00f3gus, a MTA, valamint a b\u00e9csi Zool\u00f3giai \u00e9s Botanikai T\u00e1rsas\u00e1g tagja, ogy.-i k\u00e9pv., 1848\u201349-es honv\u00e9dezredes (1852. okt. 19). <br \/><strong>Irod.:<\/strong> Gudenus; P\u00e1lmay.<\/br><\/p>\n","protected":false},"excerpt":{"rendered":"<p>1835., \u2020 Mv., 1907. m\u00e1rc. 28., tem. Kelementelke, m\u00e1rc. 30.: S. Gy\u00f6rgy \u00e9s br. Plankensteini Raueber R\u00f3za le\u00e1nya. F\u00e9rjhez ment dr. L\u00e1z\u00e1r K\u00e1lm\u00e1nhoz, (1827\u20131874), aki ornitol\u00f3gus, a MTA, valamint a b\u00e9csi Zool\u00f3giai \u00e9s Botanikai T\u00e1rsas\u00e1g tagja, ogy.-i k\u00e9pv., 1848\u201349-es honv\u00e9dezredes (1852. okt. 19). Irod.: Gudenus; P\u00e1lmay.<\/p>\n","protected":false},"featured_media":0,"comment_status":"open","ping_status":"closed","template":"","meta":[],"product_brand":[],"product_cat":[137],"product_tag":[],"class_list":{"0":"post-20333","1":"product","2":"type-product","3":"status-publish","5":"product_cat-maros-megyei-eletrajzi-lexikon","7":"first","8":"instock","9":"shipping-taxable","10":"product-type-simple"},"_links":{"self":[{"href":"https:\/\/uj.adatbank.ro\/lexikon\/wp-json\/wp\/v2\/product\/20333","targetHints":{"allow":["GET"]}}],"collection":[{"href":"https:\/\/uj.adatbank.ro\/lexikon\/wp-json\/wp\/v2\/product"}],"about":[{"href":"https:\/\/uj.adatbank.ro\/lexikon\/wp-json\/wp\/v2\/types\/product"}],"replies":[{"embeddable":true,"href":"https:\/\/uj.adatbank.ro\/lexikon\/wp-json\/wp\/v2\/comments?post=20333"}],"wp:attachment":[{"href":"https:\/\/uj.adatbank.ro\/lexikon\/wp-json\/wp\/v2\/media?parent=20333"}],"wp:term":[{"taxonomy":"product_brand","embeddable":true,"href":"https:\/\/uj.adatbank.ro\/lexikon\/wp-json\/wp\/v2\/product_brand?post=20333"},{"taxonomy":"product_cat","embeddable":true,"href":"https:\/\/uj.adatbank.ro\/lexikon\/wp-json\/wp\/v2\/product_cat?post=20333"},{"taxonomy":"product_tag","embeddable":true,"href":"https:\/\/uj.adatbank.ro\/lexikon\/wp-json\/wp\/v2\/product_tag?post=20333"}],"curies":[{"name":"wp","href":"https:\/\/api.w.org\/{rel}","templated":true}]}}