{"id":20336,"date":"2025-07-22T18:45:15","date_gmt":"2025-07-22T16:45:15","guid":{"rendered":"https:\/\/uj.adatbank.ro\/lexikon\/termek\/simen-emma-sardi\/"},"modified":"2025-07-22T18:45:15","modified_gmt":"2025-07-22T16:45:15","slug":"simen-emma-sardi","status":"publish","type":"product","link":"https:\/\/uj.adatbank.ro\/lexikon\/termek\/simen-emma-sardi\/","title":{"rendered":"SIM\u00c9N Emma, s\u00e1rdi"},"content":{"rendered":"<p>? \u2020?: f\u00f6ldbirtokos nemes. \u2013 S\u00e1ndor (1839\u20131908) \u00e9s nagysolymosi Koncz Roz\u00e1lia fia. F\u00e9rje p\u00e1vai Vajna P\u00e1l (1864\u20131892) szolgab\u00edr\u00f3 Bal\u00e1zsfalv\u00e1n, Marostorda megye aljegyz\u0151je. \u00d6zvegyen Mv.-en \u00e9lt (1892) <br \/><strong>Irod.:<\/strong> P\u00e1lmay.<\/br><\/p>\n","protected":false},"excerpt":{"rendered":"<p>? \u2020?: f\u00f6ldbirtokos nemes. \u2013 S\u00e1ndor (1839\u20131908) \u00e9s nagysolymosi Koncz Roz\u00e1lia fia. F\u00e9rje p\u00e1vai Vajna P\u00e1l (1864\u20131892) szolgab\u00edr\u00f3 Bal\u00e1zsfalv\u00e1n, Marostorda megye aljegyz\u0151je. \u00d6zvegyen Mv.-en \u00e9lt (1892) Irod.: P\u00e1lmay.<\/p>\n","protected":false},"featured_media":0,"comment_status":"open","ping_status":"closed","template":"","meta":[],"product_brand":[],"product_cat":[137],"product_tag":[],"class_list":{"0":"post-20336","1":"product","2":"type-product","3":"status-publish","5":"product_cat-maros-megyei-eletrajzi-lexikon","7":"first","8":"instock","9":"shipping-taxable","10":"product-type-simple"},"_links":{"self":[{"href":"https:\/\/uj.adatbank.ro\/lexikon\/wp-json\/wp\/v2\/product\/20336","targetHints":{"allow":["GET"]}}],"collection":[{"href":"https:\/\/uj.adatbank.ro\/lexikon\/wp-json\/wp\/v2\/product"}],"about":[{"href":"https:\/\/uj.adatbank.ro\/lexikon\/wp-json\/wp\/v2\/types\/product"}],"replies":[{"embeddable":true,"href":"https:\/\/uj.adatbank.ro\/lexikon\/wp-json\/wp\/v2\/comments?post=20336"}],"wp:attachment":[{"href":"https:\/\/uj.adatbank.ro\/lexikon\/wp-json\/wp\/v2\/media?parent=20336"}],"wp:term":[{"taxonomy":"product_brand","embeddable":true,"href":"https:\/\/uj.adatbank.ro\/lexikon\/wp-json\/wp\/v2\/product_brand?post=20336"},{"taxonomy":"product_cat","embeddable":true,"href":"https:\/\/uj.adatbank.ro\/lexikon\/wp-json\/wp\/v2\/product_cat?post=20336"},{"taxonomy":"product_tag","embeddable":true,"href":"https:\/\/uj.adatbank.ro\/lexikon\/wp-json\/wp\/v2\/product_tag?post=20336"}],"curies":[{"name":"wp","href":"https:\/\/api.w.org\/{rel}","templated":true}]}}