{"id":20337,"date":"2025-07-22T18:45:17","date_gmt":"2025-07-22T16:45:17","guid":{"rendered":"https:\/\/uj.adatbank.ro\/lexikon\/termek\/simen-endrene-sardi-kisberi-pellet-roza\/"},"modified":"2025-07-22T18:45:17","modified_gmt":"2025-07-22T16:45:17","slug":"simen-endrene-sardi-kisberi-pellet-roza","status":"publish","type":"product","link":"https:\/\/uj.adatbank.ro\/lexikon\/termek\/simen-endrene-sardi-kisberi-pellet-roza\/","title":{"rendered":"SIM\u00c9N Endr\u00e9n\u00e9, s\u00e1rdi, kisb\u00e9ri Pellet R\u00f3za"},"content":{"rendered":"<p>1869? \u2020\u00a0Mv., 1941. jan. 3. \u2013 Testv\u00e9re: Pellet Emma kar\u00e1csonyi G\u00f6r\u00f6g Lajosn\u00e9. <br \/><strong>Irod.:<\/strong> Gy\u00e1szjelent\u0151.<\/br><\/p>\n","protected":false},"excerpt":{"rendered":"<p>1869? \u2020\u00a0Mv., 1941. jan. 3. \u2013 Testv\u00e9re: Pellet Emma kar\u00e1csonyi G\u00f6r\u00f6g Lajosn\u00e9. Irod.: Gy\u00e1szjelent\u0151.<\/p>\n","protected":false},"featured_media":0,"comment_status":"open","ping_status":"closed","template":"","meta":[],"product_brand":[],"product_cat":[137],"product_tag":[],"class_list":{"0":"post-20337","1":"product","2":"type-product","3":"status-publish","5":"product_cat-maros-megyei-eletrajzi-lexikon","7":"first","8":"instock","9":"shipping-taxable","10":"product-type-simple"},"_links":{"self":[{"href":"https:\/\/uj.adatbank.ro\/lexikon\/wp-json\/wp\/v2\/product\/20337","targetHints":{"allow":["GET"]}}],"collection":[{"href":"https:\/\/uj.adatbank.ro\/lexikon\/wp-json\/wp\/v2\/product"}],"about":[{"href":"https:\/\/uj.adatbank.ro\/lexikon\/wp-json\/wp\/v2\/types\/product"}],"replies":[{"embeddable":true,"href":"https:\/\/uj.adatbank.ro\/lexikon\/wp-json\/wp\/v2\/comments?post=20337"}],"wp:attachment":[{"href":"https:\/\/uj.adatbank.ro\/lexikon\/wp-json\/wp\/v2\/media?parent=20337"}],"wp:term":[{"taxonomy":"product_brand","embeddable":true,"href":"https:\/\/uj.adatbank.ro\/lexikon\/wp-json\/wp\/v2\/product_brand?post=20337"},{"taxonomy":"product_cat","embeddable":true,"href":"https:\/\/uj.adatbank.ro\/lexikon\/wp-json\/wp\/v2\/product_cat?post=20337"},{"taxonomy":"product_tag","embeddable":true,"href":"https:\/\/uj.adatbank.ro\/lexikon\/wp-json\/wp\/v2\/product_tag?post=20337"}],"curies":[{"name":"wp","href":"https:\/\/api.w.org\/{rel}","templated":true}]}}