{"id":20339,"date":"2025-07-22T18:45:23","date_gmt":"2025-07-22T16:45:23","guid":{"rendered":"https:\/\/uj.adatbank.ro\/lexikon\/termek\/simen-gergely\/"},"modified":"2025-07-22T18:45:23","modified_gmt":"2025-07-22T16:45:23","slug":"simen-gergely","status":"publish","type":"product","link":"https:\/\/uj.adatbank.ro\/lexikon\/termek\/simen-gergely\/","title":{"rendered":"SIM\u00c9N Gergely"},"content":{"rendered":"<p>? \u2020?: f\u00f6ldbirtokos. \u2013 P\u00e9ter \u00e9s homor\u00f3dszentm\u00e1rtoni Bir\u00f3 Kata fia. A Nagyk\u00fck\u00fcll\u0151 melletti S\u00e1rdra telepedett, ahonnan a csal\u00e1d egyik \u00e1ga el\u0151nev\u00e9t \u00edrta (1500-as \u00e9vek v\u00e9ge). K\u00e9t fia volt Istv\u00e1n \u00e9s P\u00e1l. Istv\u00e1n S\u00e1rdon maradt \u00e9s t\u00f6rzse lett a s\u00e1rdi Sim\u00e9nyeknek. <br \/><strong>Irod.:<\/strong> Nagy Iv\u00e1n.<\/br><\/p>\n","protected":false},"excerpt":{"rendered":"<p>? \u2020?: f\u00f6ldbirtokos. \u2013 P\u00e9ter \u00e9s homor\u00f3dszentm\u00e1rtoni Bir\u00f3 Kata fia. A Nagyk\u00fck\u00fcll\u0151 melletti S\u00e1rdra telepedett, ahonnan a csal\u00e1d egyik \u00e1ga el\u0151nev\u00e9t \u00edrta (1500-as \u00e9vek v\u00e9ge). K\u00e9t fia volt Istv\u00e1n \u00e9s P\u00e1l. Istv\u00e1n S\u00e1rdon maradt \u00e9s t\u00f6rzse lett a s\u00e1rdi Sim\u00e9nyeknek. Irod.: Nagy Iv\u00e1n.<\/p>\n","protected":false},"featured_media":0,"comment_status":"open","ping_status":"closed","template":"","meta":[],"product_brand":[],"product_cat":[137],"product_tag":[],"class_list":{"0":"post-20339","1":"product","2":"type-product","3":"status-publish","5":"product_cat-maros-megyei-eletrajzi-lexikon","7":"first","8":"instock","9":"shipping-taxable","10":"product-type-simple"},"_links":{"self":[{"href":"https:\/\/uj.adatbank.ro\/lexikon\/wp-json\/wp\/v2\/product\/20339","targetHints":{"allow":["GET"]}}],"collection":[{"href":"https:\/\/uj.adatbank.ro\/lexikon\/wp-json\/wp\/v2\/product"}],"about":[{"href":"https:\/\/uj.adatbank.ro\/lexikon\/wp-json\/wp\/v2\/types\/product"}],"replies":[{"embeddable":true,"href":"https:\/\/uj.adatbank.ro\/lexikon\/wp-json\/wp\/v2\/comments?post=20339"}],"wp:attachment":[{"href":"https:\/\/uj.adatbank.ro\/lexikon\/wp-json\/wp\/v2\/media?parent=20339"}],"wp:term":[{"taxonomy":"product_brand","embeddable":true,"href":"https:\/\/uj.adatbank.ro\/lexikon\/wp-json\/wp\/v2\/product_brand?post=20339"},{"taxonomy":"product_cat","embeddable":true,"href":"https:\/\/uj.adatbank.ro\/lexikon\/wp-json\/wp\/v2\/product_cat?post=20339"},{"taxonomy":"product_tag","embeddable":true,"href":"https:\/\/uj.adatbank.ro\/lexikon\/wp-json\/wp\/v2\/product_tag?post=20339"}],"curies":[{"name":"wp","href":"https:\/\/api.w.org\/{rel}","templated":true}]}}