{"id":20341,"date":"2025-07-22T18:45:27","date_gmt":"2025-07-22T16:45:27","guid":{"rendered":"https:\/\/uj.adatbank.ro\/lexikon\/termek\/simen-gyorgy-sardi-iii\/"},"modified":"2025-07-22T18:45:27","modified_gmt":"2025-07-22T16:45:27","slug":"simen-gyorgy-sardi-iii","status":"publish","type":"product","link":"https:\/\/uj.adatbank.ro\/lexikon\/termek\/simen-gyorgy-sardi-iii\/","title":{"rendered":"SIM\u00c9N Gy\u00f6rgy, s\u00e1rdi, III"},"content":{"rendered":"<p>? \u2020?: f\u00f6ldbirtokos. \u2013 Feles\u00e9ge Thoroczkay Kl\u00e1ra. Gyermekei: Gy\u00f6rgy (1778\u20131839), Elek (1779\u20131840), Kl\u00e1ra \u2013 Bethlen S\u00e1mueln\u00e9 (\u2020 1848), Eszter \u2013 S\u00e1ndor J\u00e1nosn\u00e9, J\u00falia \u2013 Elekes Antaln\u00e9. K\u00f6vet az unit. zsinaton (1784\u201388), S. Elekkel kir. biztosnak, consistornak v\u00e1lasztott\u00e1k (1789). K\u00fck\u00fcll\u0151 megyei k\u00f6vet (1790), majd Torda megyei k\u00f6vet (1794). A s\u00e1rdi malmok szombati v\u00e1mj\u00e1t a kereszt\u00fari gimn. \u00e9p\u00edt\u00e9s\u00e9re \u00e9s a tanul\u00f3k seg\u00e9lyez\u00e9s\u00e9re aj\u00e1nlott\u00e1k. Nevezetess\u00e9 v\u00e1lt k\u00fari\u00e1ja volt Kelementelk\u00e9n. Rakt\u00e1rk\u00e9nt haszn\u00e1lt\u00e1k az \u00e9p\u00fcletet a t\u00e9esz idej\u00e9n, ma a falu m\u0171vel\u0151d\u00e9si h\u00e1za. Egy eml\u00e9kt\u00e1bl\u00e1n a h\u00e1z fal\u00e1n a k\u00f6vetkez\u0151 felirat \u00e1ll: \u201e\u00c1ldott legyen e h\u00e1z, ahol 1849. j\u00falius 30-\u00e1n utolj\u00e1ra eb\u00e9delt nagy k\u00f6lt\u0151nk Pet\u0151fi S\u00e1ndor\u201d; \u201eErd\u00e9lyi k\u00f6r\u00fatja sor\u00e1n 1853. m\u00e1jus 18\u201320. k\u00f6z\u00f6tt e h\u00e1zban sz\u00e1ll meg J\u00f3kai M\u00f3r\u201d. Alatta Pet\u0151fi S\u00e1ndor \u00e9s Bem J\u00f3zsef bronzplakettjei l\u00e1that\u00f3k, amelyeket a sepsiszentgy\u00f6rgyi Dr. Kov\u00e1cs S\u00e1ndor Cserk\u00e9szcsapat k\u00e9sz\u00edttetett. <br \/><strong>Irod.:<\/strong> B\u00f6l\u00f6ni Domokos: Kelementelke is negyvennyolcas eml\u00e9khely (N\u00fa., 1998. m\u00e1j. 27.); K\u0151v\u00e1ry L\u00e1szl\u00f3 1899; Nagy Iv\u00e1n, Vofkori L\u00e1szl\u00f3.<\/br><\/p>\n","protected":false},"excerpt":{"rendered":"<p>? \u2020?: f\u00f6ldbirtokos. \u2013 Feles\u00e9ge Thoroczkay Kl\u00e1ra. Gyermekei: Gy\u00f6rgy (1778\u20131839), Elek (1779\u20131840), Kl\u00e1ra \u2013 Bethlen S\u00e1mueln\u00e9 (\u2020 1848), Eszter \u2013 S\u00e1ndor J\u00e1nosn\u00e9, J\u00falia \u2013 Elekes Antaln\u00e9. K\u00f6vet az unit. zsinaton (1784\u201388), S. Elekkel kir. biztosnak, consistornak v\u00e1lasztott\u00e1k (1789). K\u00fck\u00fcll\u0151 megyei k\u00f6vet (1790), majd Torda megyei k\u00f6vet (1794). A s\u00e1rdi malmok szombati v\u00e1mj\u00e1t a kereszt\u00fari gimn. [&hellip;]<\/p>\n","protected":false},"featured_media":0,"comment_status":"open","ping_status":"closed","template":"","meta":[],"product_brand":[],"product_cat":[137],"product_tag":[],"class_list":{"0":"post-20341","1":"product","2":"type-product","3":"status-publish","5":"product_cat-maros-megyei-eletrajzi-lexikon","7":"first","8":"instock","9":"shipping-taxable","10":"product-type-simple"},"_links":{"self":[{"href":"https:\/\/uj.adatbank.ro\/lexikon\/wp-json\/wp\/v2\/product\/20341","targetHints":{"allow":["GET"]}}],"collection":[{"href":"https:\/\/uj.adatbank.ro\/lexikon\/wp-json\/wp\/v2\/product"}],"about":[{"href":"https:\/\/uj.adatbank.ro\/lexikon\/wp-json\/wp\/v2\/types\/product"}],"replies":[{"embeddable":true,"href":"https:\/\/uj.adatbank.ro\/lexikon\/wp-json\/wp\/v2\/comments?post=20341"}],"wp:attachment":[{"href":"https:\/\/uj.adatbank.ro\/lexikon\/wp-json\/wp\/v2\/media?parent=20341"}],"wp:term":[{"taxonomy":"product_brand","embeddable":true,"href":"https:\/\/uj.adatbank.ro\/lexikon\/wp-json\/wp\/v2\/product_brand?post=20341"},{"taxonomy":"product_cat","embeddable":true,"href":"https:\/\/uj.adatbank.ro\/lexikon\/wp-json\/wp\/v2\/product_cat?post=20341"},{"taxonomy":"product_tag","embeddable":true,"href":"https:\/\/uj.adatbank.ro\/lexikon\/wp-json\/wp\/v2\/product_tag?post=20341"}],"curies":[{"name":"wp","href":"https:\/\/api.w.org\/{rel}","templated":true}]}}