{"id":20343,"date":"2025-07-22T18:45:33","date_gmt":"2025-07-22T16:45:33","guid":{"rendered":"https:\/\/uj.adatbank.ro\/lexikon\/termek\/simen-gyorgy-solymosi\/"},"modified":"2025-07-22T18:45:33","modified_gmt":"2025-07-22T16:45:33","slug":"simen-gyorgy-solymosi","status":"publish","type":"product","link":"https:\/\/uj.adatbank.ro\/lexikon\/termek\/simen-gyorgy-solymosi\/","title":{"rendered":"SIM\u00c9N Gy\u00f6rgy, solymosi"},"content":{"rendered":"<p>? \u2020?: ? \u2013 S. Gy\u00f6rgy \u00e9s Rauber Kl\u00e1ra fia. Feles\u00e9ge tancsi gr. F\u00f6ldv\u00e1ry Zsuzs\u00e1nna. \u2013 Kelementelk\u00e9n \u00e9lt. Nevel\u0151je volt K\u0151v\u00e1ry L\u00e1szl\u00f3, aki a szabads\u00e1gharc lever\u00e9se ut\u00e1n egy ideig a sz\u00fclein\u00e9l tal\u00e1lt mened\u00e9ket. <br \/><strong>Irod.:<\/strong> J\u00f3zsa Andr\u00e1s: L\u00e1z\u00e1r K\u00e1lm\u00e1n ornitol\u00f3gus, \u00e1llatkert\u00e9sz (N\u00fa., Sz\u00ednes Vil\u00e1g, 2014. j\u00fal. 4,).<\/br><\/p>\n","protected":false},"excerpt":{"rendered":"<p>? \u2020?: ? \u2013 S. Gy\u00f6rgy \u00e9s Rauber Kl\u00e1ra fia. Feles\u00e9ge tancsi gr. F\u00f6ldv\u00e1ry Zsuzs\u00e1nna. \u2013 Kelementelk\u00e9n \u00e9lt. Nevel\u0151je volt K\u0151v\u00e1ry L\u00e1szl\u00f3, aki a szabads\u00e1gharc lever\u00e9se ut\u00e1n egy ideig a sz\u00fclein\u00e9l tal\u00e1lt mened\u00e9ket. Irod.: J\u00f3zsa Andr\u00e1s: L\u00e1z\u00e1r K\u00e1lm\u00e1n ornitol\u00f3gus, \u00e1llatkert\u00e9sz (N\u00fa., Sz\u00ednes Vil\u00e1g, 2014. j\u00fal. 4,).<\/p>\n","protected":false},"featured_media":0,"comment_status":"open","ping_status":"closed","template":"","meta":[],"product_brand":[],"product_cat":[137],"product_tag":[],"class_list":{"0":"post-20343","1":"product","2":"type-product","3":"status-publish","5":"product_cat-maros-megyei-eletrajzi-lexikon","7":"first","8":"instock","9":"shipping-taxable","10":"product-type-simple"},"_links":{"self":[{"href":"https:\/\/uj.adatbank.ro\/lexikon\/wp-json\/wp\/v2\/product\/20343","targetHints":{"allow":["GET"]}}],"collection":[{"href":"https:\/\/uj.adatbank.ro\/lexikon\/wp-json\/wp\/v2\/product"}],"about":[{"href":"https:\/\/uj.adatbank.ro\/lexikon\/wp-json\/wp\/v2\/types\/product"}],"replies":[{"embeddable":true,"href":"https:\/\/uj.adatbank.ro\/lexikon\/wp-json\/wp\/v2\/comments?post=20343"}],"wp:attachment":[{"href":"https:\/\/uj.adatbank.ro\/lexikon\/wp-json\/wp\/v2\/media?parent=20343"}],"wp:term":[{"taxonomy":"product_brand","embeddable":true,"href":"https:\/\/uj.adatbank.ro\/lexikon\/wp-json\/wp\/v2\/product_brand?post=20343"},{"taxonomy":"product_cat","embeddable":true,"href":"https:\/\/uj.adatbank.ro\/lexikon\/wp-json\/wp\/v2\/product_cat?post=20343"},{"taxonomy":"product_tag","embeddable":true,"href":"https:\/\/uj.adatbank.ro\/lexikon\/wp-json\/wp\/v2\/product_tag?post=20343"}],"curies":[{"name":"wp","href":"https:\/\/api.w.org\/{rel}","templated":true}]}}